{"id":719787,"date":"2025-08-27T18:26:42","date_gmt":"2025-08-27T15:26:42","guid":{"rendered":"https:\/\/roveyayinevi.com.tr\/index.php\/urun\/defalarca-kayboldum\/"},"modified":"2026-04-16T02:27:53","modified_gmt":"2026-04-15T23:27:53","slug":"defalarca-kayboldum","status":"publish","type":"product","link":"https:\/\/roveyayinevi.com.tr\/index.php\/urun\/defalarca-kayboldum\/","title":{"rendered":"Defalarca Kayboldum"},"content":{"rendered":"<p>\u00c7a\u011fda\u015f edebiyat\u0131m\u0131z\u0131n 31 \u00f6zg\u00fcn kaleminin gen\u00e7lik y\u0131llar\u0131na ait sesleri ve y\u00fczle\u015fmeleri, g\u00fcn\u00fcm\u00fcz okurlar\u0131na ula\u015f\u0131yor. Bug\u00fcn be\u011fenerek okudu\u011fumuz yazarlardan, umuda, yaln\u0131zl\u0131\u011fa, sevince, en \u00f6zel duygular\u0131na ve ke\u015fiflerine dokunan \u00f6zel bir kitap. A\u00e7\u0131k y\u00fcreklilikle ve i\u00e7tenlikle kaleme al\u0131nm\u0131\u015f \u00f6yk\u00fc, an\u0131 ve \u015fiir t\u00fcr\u00fcndeki eserler, 15 ya\u015f\u0131nda b\u0131rak\u0131lanlar\u0131n ve 15 ya\u015f\u0131n insanda b\u0131rakt\u0131\u011f\u0131 deneyimlerin izini s\u00fcr\u00fcyor. Usta edit\u00f6r M\u00fcren Beykan&#8217;\u0131n haz\u0131rlad\u0131\u011f\u0131 ve yeni tasar\u0131m\u0131yla g\u00fcncellenen kitap, \u00f6nemli yazarlar\u0131, gen\u00e7li\u011fin duygu evreninde bulu\u015fturuyor. \u0130lkgen\u00e7lik ve sonras\u0131na ili\u015fkin notlar ve izd\u00fc\u015f\u00fcmler, hem yazarlar\u0131n i\u00e7d\u00fcnyas\u0131nda hem de bug\u00fcn\u00fcn okurlar\u0131nda s\u0131rad\u0131\u015f\u0131 yans\u0131malara yol a\u00e7acak nitelikte.Bu \u00e7ok \u00f6zel se\u00e7kiye 15 ya\u015flar\u0131n\u0131 hat\u0131rlayarak katk\u0131da bulunan yazarlar:Ahmet Bu\u0308ke, Behc\u0327et C\u0327elik, Celil Oker, Cemil Kavukc\u0327u, Elif S\u0327afak, Enver Ercan, Esmahan Aykol, Faruk Duman, Gaye Boral\u0131og\u0306lu, Hakan Gu\u0308nday, Hatice Meryem, Kadri O\u0308ztopc\u0327u, Karin Karakas\u0327l\u0131, Leyla Ruhan Okyay, Mahir O\u0308ztas\u0327, Mine So\u0308g\u0306u\u0308t, Murat Gu\u0308lsoy, Murathan Mungan, Mu\u0308ge I\u0307plikc\u0327i, Necati Gu\u0308ngo\u0308r, Necati Tosuner, Nihat Ziyalan, Onur Caymaz, Osman S\u0327ahin, Oya Baydar, O\u0308zcan Karabulut, Selim I\u0307leri, Sema Kaygusuz, Semih Gu\u0308mu\u0308s\u0327, Turgay Fis\u0327ekc\u0327i, Yekta Kopan. <\/p>\n","protected":false},"excerpt":{"rendered":"<p>\u00c7a\u011fda\u015f edebiyat\u0131m\u0131z\u0131n 31 \u00f6zg\u00fcn kaleminin gen\u00e7lik y\u0131llar\u0131na ait sesleri ve y\u00fczle\u015fmeleri, g\u00fcn\u00fcm\u00fcz okurlar\u0131na ula\u015f\u0131yor. Bug\u00fcn be\u011fenerek okudu\u011fumuz yazarlardan, umuda, yaln\u0131zl\u0131\u011fa, sevince, en \u00f6zel duygular\u0131na ve ke\u015fiflerine<span class=\"excerpt-hellip\"> [\u2026]<\/span><\/p>\n","protected":false},"featured_media":0,"template":"","meta":{"_monsterinsights_skip_tracking":false,"_monsterinsights_sitenote_active":false,"_monsterinsights_sitenote_note":"","_monsterinsights_sitenote_category":0},"product_brand":[],"product_cat":[27157,12291],"product_tag":[],"class_list":{"0":"post-719787","1":"product","2":"type-product","3":"status-publish","5":"product_cat-derleme","6":"product_cat-edebiyat","7":"pa_cilt-ciltsiz","8":"pa_tur-kitap","9":"pa_yayinevi-gunisigi-kitapligi","10":"pa_yazar-muren-beykan","12":"first","13":"instock","14":"sale","15":"shipping-taxable","16":"purchasable","17":"product-type-simple"},"_links":{"self":[{"href":"https:\/\/roveyayinevi.com.tr\/index.php\/wp-json\/wp\/v2\/product\/719787","targetHints":{"allow":["GET"]}}],"collection":[{"href":"https:\/\/roveyayinevi.com.tr\/index.php\/wp-json\/wp\/v2\/product"}],"about":[{"href":"https:\/\/roveyayinevi.com.tr\/index.php\/wp-json\/wp\/v2\/types\/product"}],"wp:attachment":[{"href":"https:\/\/roveyayinevi.com.tr\/index.php\/wp-json\/wp\/v2\/media?parent=719787"}],"wp:term":[{"taxonomy":"product_brand","embeddable":true,"href":"https:\/\/roveyayinevi.com.tr\/index.php\/wp-json\/wp\/v2\/product_brand?post=719787"},{"taxonomy":"product_cat","embeddable":true,"href":"https:\/\/roveyayinevi.com.tr\/index.php\/wp-json\/wp\/v2\/product_cat?post=719787"},{"taxonomy":"product_tag","embeddable":true,"href":"https:\/\/roveyayinevi.com.tr\/index.php\/wp-json\/wp\/v2\/product_tag?post=719787"}],"curies":[{"name":"wp","href":"https:\/\/api.w.org\/{rel}","templated":true}]}}