{"id":719786,"date":"2025-08-27T18:26:42","date_gmt":"2025-08-27T15:26:42","guid":{"rendered":"https:\/\/roveyayinevi.com.tr\/index.php\/urun\/saygili-anne-baba-saygili-cocuk\/"},"modified":"2026-04-16T02:27:53","modified_gmt":"2026-04-15T23:27:53","slug":"saygili-anne-baba-saygili-cocuk","status":"publish","type":"product","link":"https:\/\/roveyayinevi.com.tr\/index.php\/urun\/saygili-anne-baba-saygili-cocuk\/","title":{"rendered":"Sayg\u0131l\u0131 Anne Baba Sayg\u0131l\u0131 \u00c7ocuk"},"content":{"rendered":"<p>Sayg\u0131l\u0131 Anne Baba Sayg\u0131l\u0131 \u00c7ocukAile i\u00e7i anla\u015fmazl\u0131klar\u0131 i\u015fbirli\u011fine d\u00f6n\u00fc\u015ft\u00fcrmenin 7 anahtar\u0131\u00c7ocuklar\u0131n\u0131zla m\u00fccadele etmeye son verin.Aile i\u00e7inde istedi\u011finiz i\u015fbirli\u011fi ve kar\u015f\u0131l\u0131kl\u0131 sayg\u0131 ortam\u0131n\u0131 yakalay\u0131n!Sayg\u0131l\u0131 Anne-Baba, Sayg\u0131l\u0131 \u00c7ocuk, anne-babalara g\u00fcn\u00fc kurtarmaktan \u00f6teye gitmeyen disiplin tekniklerinin yerine kar\u015f\u0131l\u0131kl\u0131 sayg\u0131y\u0131, duygusal g\u00fcvenli\u011fi ve olumlu, a\u00e7\u0131k ileti\u015fimi temel alan bir aile ortam\u0131 olu\u015fturman\u0131n yolunu g\u00f6steriyor.\u015eiddetsiz \u0130leti\u015fim\u00a9 yakla\u015f\u0131m\u0131n\u0131 temel alan bu kitapta, yazarlar\u0131n 50 y\u0131la yakla\u015fan ebeveyn e\u011fitimi ve \u00f6\u011fretmenlik deneyimleri \u0131\u015f\u0131\u011f\u0131nda pratik bilgilere, aile etkinliklerine ve ya\u015famdan hik\u00e2yelere yer veriliyor.Sayg\u0131l\u0131 Anne-Baba, Sayg\u0131l\u0131 \u00c7ocuk, besleyici ili\u015fkileri ke\u015ffetme ve sevgi dolu bir yuva yaratma becerinizi geli\u015ftirmek i\u00e7in 7 Temel Anahtar sunuyor. Bu 7 anahtar\u0131 kullanarak:Duyulaca\u011f\u0131n\u0131z ve sayg\u0131 g\u00f6rece\u011finiz \u015fekilde kendinizi ifade edebilir,Anla\u015fmazl\u0131klar\u0131n ya da sorunlu davran\u0131\u015flar\u0131n \u00fcstesinden gelebilir,\u00c7ocuklar\u0131n\u0131z\u0131 g\u00f6n\u00fclden katk\u0131da bulunmaya motive edebilir,Taleplere ya da zorlamaya ba\u015fvurmadan net s\u0131n\u0131rlar koyabilir,\u00c7ocuklar\u0131n\u0131z\u0131 size a\u00e7\u0131lmak, sizinle i\u015fbirli\u011fi yapmak ve kendi potansiyellerine ula\u015fmak i\u00e7in g\u00fc\u00e7lendirebilir,\u00c7ocuklar\u0131n\u0131zla \u00f6m\u00fcr boyu i\u00e7ten, sevgi dolu ili\u015fkiler kurabilirsiniz.\u201c\u00c7ocuklar\u0131m\u0131z\u0131n canl\u0131 zihinlerini ve y\u00fcreklerini besleyecek ba\u011flant\u0131lar\u0131 kurmak ve kar\u015f\u0131l\u0131kl\u0131 sayg\u0131 ile \u00f6zene dayanan do\u011fal ve d\u00f6n\u00fc\u015f\u00fcmc\u00fc bir rehberlikten yararlanmak i\u00e7in, bu kitab\u0131 ebeveynlere, e\u011fitmenlere ve \u00e7ocuklarla ilgilenen t\u00fcm yeti\u015fkinlere \u00f6neriyorum.\u201dVivet Alevi-CNVC Sertifikal\u0131 \u015eiddetsiz \u0130leti\u015fim E\u011fitmeni ve \u015eiddetsiz \u0130leti\u015fim Derne\u011fi Kurucu Ba\u015fkan\u0131<\/p>\n","protected":false},"excerpt":{"rendered":"<p>Sayg\u0131l\u0131 Anne Baba Sayg\u0131l\u0131 \u00c7ocukAile i\u00e7i anla\u015fmazl\u0131klar\u0131 i\u015fbirli\u011fine d\u00f6n\u00fc\u015ft\u00fcrmenin 7 anahtar\u0131\u00c7ocuklar\u0131n\u0131zla m\u00fccadele etmeye son verin.Aile i\u00e7inde istedi\u011finiz i\u015fbirli\u011fi ve kar\u015f\u0131l\u0131kl\u0131 sayg\u0131 ortam\u0131n\u0131 yakalay\u0131n!Sayg\u0131l\u0131 Anne-Baba, Sayg\u0131l\u0131 \u00c7ocuk,<span class=\"excerpt-hellip\"> [\u2026]<\/span><\/p>\n","protected":false},"featured_media":0,"template":"","meta":{"_monsterinsights_skip_tracking":false,"_monsterinsights_sitenote_active":false,"_monsterinsights_sitenote_note":"","_monsterinsights_sitenote_category":0},"product_brand":[],"product_cat":[12831,12324],"product_tag":[],"class_list":{"0":"post-719786","1":"product","2":"type-product","3":"status-publish","5":"product_cat-aile-ve-cocuk","6":"product_cat-sosyoloji","7":"pa_cilt-ciltsiz","8":"pa_tur-kitap","9":"pa_yayinevi-remzi-kitabevi","10":"pa_yazar-sura-hart-victoria-kindle-hodson","12":"first","13":"instock","14":"sale","15":"shipping-taxable","16":"purchasable","17":"product-type-simple"},"_links":{"self":[{"href":"https:\/\/roveyayinevi.com.tr\/index.php\/wp-json\/wp\/v2\/product\/719786","targetHints":{"allow":["GET"]}}],"collection":[{"href":"https:\/\/roveyayinevi.com.tr\/index.php\/wp-json\/wp\/v2\/product"}],"about":[{"href":"https:\/\/roveyayinevi.com.tr\/index.php\/wp-json\/wp\/v2\/types\/product"}],"wp:attachment":[{"href":"https:\/\/roveyayinevi.com.tr\/index.php\/wp-json\/wp\/v2\/media?parent=719786"}],"wp:term":[{"taxonomy":"product_brand","embeddable":true,"href":"https:\/\/roveyayinevi.com.tr\/index.php\/wp-json\/wp\/v2\/product_brand?post=719786"},{"taxonomy":"product_cat","embeddable":true,"href":"https:\/\/roveyayinevi.com.tr\/index.php\/wp-json\/wp\/v2\/product_cat?post=719786"},{"taxonomy":"product_tag","embeddable":true,"href":"https:\/\/roveyayinevi.com.tr\/index.php\/wp-json\/wp\/v2\/product_tag?post=719786"}],"curies":[{"name":"wp","href":"https:\/\/api.w.org\/{rel}","templated":true}]}}