{"id":719782,"date":"2025-08-27T18:26:38","date_gmt":"2025-08-27T15:26:38","guid":{"rendered":"https:\/\/roveyayinevi.com.tr\/index.php\/urun\/suleymanin-kitabi\/"},"modified":"2026-04-16T02:27:53","modified_gmt":"2026-04-15T23:27:53","slug":"suleymanin-kitabi","status":"publish","type":"product","link":"https:\/\/roveyayinevi.com.tr\/index.php\/urun\/suleymanin-kitabi\/","title":{"rendered":"S\u00fcleyman&#8217;\u0131n Kitab\u0131"},"content":{"rendered":"<p>\u201cK\u0131r\u0131lan bir kalp sesidir uzay. Geceler s\u00f6ner, \u00e7ocuk seslerinden bir sabahla Dinlenir ba\u015f\u0131n, sa\u00e7 \u00f6rg\u00fclerine dald\u0131k\u00e7a Kaybedersin ge\u00e7mi\u015fi, kan\u0131n ye\u015fil otlar\u0131 sular, baharlar biter. Bize bir yalan\u0131 a\u00e7l\u0131klar i\u00e7inde sevmeyi \u00f6\u011freten Hayat deriz, hayat deriz a\u011faca dal\u0131p dal\u0131p, \u00f6l\u00fcm Almancad\u0131r baz\u0131 gecelerde, soluklar terc\u00fcmesiz biter. Sonsuzlu\u011fun rehinesi bir foto\u011fraf karesinden kendinden ge\u00e7me sanat\u0131 Biter. T\u00fcrk \u015eiiri\u2019nde bir ak\u015fam vakti, Modern T\u00fcrk \u015eiiri\u2019nde bir ak\u015fam vakti T\u00fcrk \u015eiiri\u2019nin sonsuzlu\u011funa m\u00fctevaz\u0131 bir ak\u015fam vakti B\u00fcy\u00fck T\u00fcrk \u015eiiri\u2019nde sadece sana f\u0131s\u0131ldanan bir ak\u015fam vakti \u00e7irkin g\u00f6r\u00fclmeyen bir el taraf\u0131ndan par\u00e7alanm\u0131\u015ft\u0131r.\u201d,<\/p>\n","protected":false},"excerpt":{"rendered":"<p>\u201cK\u0131r\u0131lan bir kalp sesidir uzay. Geceler s\u00f6ner, \u00e7ocuk seslerinden bir sabahla Dinlenir ba\u015f\u0131n, sa\u00e7 \u00f6rg\u00fclerine dald\u0131k\u00e7a Kaybedersin ge\u00e7mi\u015fi, kan\u0131n ye\u015fil otlar\u0131 sular, baharlar biter. Bize bir<span class=\"excerpt-hellip\"> [\u2026]<\/span><\/p>\n","protected":false},"featured_media":0,"template":"","meta":{"_monsterinsights_skip_tracking":false,"_monsterinsights_sitenote_active":false,"_monsterinsights_sitenote_note":"","_monsterinsights_sitenote_category":0},"product_brand":[],"product_cat":[12291,12509],"product_tag":[],"class_list":{"0":"post-719782","1":"product","2":"type-product","3":"status-publish","5":"product_cat-edebiyat","6":"product_cat-siir","7":"pa_cilt-ciltsiz","8":"pa_tur-kitap","9":"pa_yayinevi-ketebe-yayinlari","10":"pa_yazar-suleyman-unutmaz","12":"first","13":"instock","14":"sale","15":"shipping-taxable","16":"purchasable","17":"product-type-simple"},"_links":{"self":[{"href":"https:\/\/roveyayinevi.com.tr\/index.php\/wp-json\/wp\/v2\/product\/719782","targetHints":{"allow":["GET"]}}],"collection":[{"href":"https:\/\/roveyayinevi.com.tr\/index.php\/wp-json\/wp\/v2\/product"}],"about":[{"href":"https:\/\/roveyayinevi.com.tr\/index.php\/wp-json\/wp\/v2\/types\/product"}],"wp:attachment":[{"href":"https:\/\/roveyayinevi.com.tr\/index.php\/wp-json\/wp\/v2\/media?parent=719782"}],"wp:term":[{"taxonomy":"product_brand","embeddable":true,"href":"https:\/\/roveyayinevi.com.tr\/index.php\/wp-json\/wp\/v2\/product_brand?post=719782"},{"taxonomy":"product_cat","embeddable":true,"href":"https:\/\/roveyayinevi.com.tr\/index.php\/wp-json\/wp\/v2\/product_cat?post=719782"},{"taxonomy":"product_tag","embeddable":true,"href":"https:\/\/roveyayinevi.com.tr\/index.php\/wp-json\/wp\/v2\/product_tag?post=719782"}],"curies":[{"name":"wp","href":"https:\/\/api.w.org\/{rel}","templated":true}]}}