{"id":719780,"date":"2025-08-27T18:26:37","date_gmt":"2025-08-27T15:26:37","guid":{"rendered":"https:\/\/roveyayinevi.com.tr\/index.php\/urun\/canlandirilacak-koy\/"},"modified":"2026-04-16T02:27:53","modified_gmt":"2026-04-15T23:27:53","slug":"canlandirilacak-koy","status":"publish","type":"product","link":"https:\/\/roveyayinevi.com.tr\/index.php\/urun\/canlandirilacak-koy\/","title":{"rendered":"Canland\u0131r\u0131lacak K\u00f6y"},"content":{"rendered":"<p>Cumhuriyet\u2019in getirdi\u011fi de\u011ferlerin hayata ge\u00e7irilmesinde pek \u00e7ok e\u011fitimci ve d\u00fc\u015f\u00fcnce insan\u0131n\u0131n b\u00fcy\u00fck katk\u0131lar\u0131 olmu\u015ftur. E\u011fitimci, bug\u00fcnk\u00fc anlam\u0131yla modern pedagojinin \u00fclkemizdeki \u00f6nc\u00fcs\u00fc ve k\u00f6y enstit\u00fcleri projesinin fikir mimar\u0131 olan \u0130smail Hakk\u0131 Tongu\u00e7 da bu ki\u015filerden biridir. Tongu\u00e7\u2019un bak\u0131\u015f a\u00e7\u0131s\u0131yla, k\u00f6ye dayanmayan hi\u00e7bir te\u015fkilat\u0131n verimli, faydal\u0131 olmas\u0131; k\u00f6yden kuvvet almayan hi\u00e7bir i\u015fin geli\u015ftirilmesi; k\u00f6yl\u00fcn\u00fcn kat\u0131lmad\u0131\u011f\u0131 hi\u00e7bir hareketin \u201cg\u00fczel ve kuvvetli\u201d olmas\u0131 m\u00fcmk\u00fcn de\u011fildir. K\u00f6yl\u00fcy\u00fc bir k\u0131ymet olarak almayan k\u00f6ye y\u00f6nelik her te\u015febb\u00fcs, \u015fehir ve kasabada kalmaya mahk\u00fbmdur. K\u00f6y g\u00fczelle\u015ftirilmedik\u00e7e b\u00fct\u00fcn memleket g\u00fczelle\u015ftirilemeyecek; k\u00f6y canlanmad\u0131k\u00e7a umumi hayat canlanamayacak; k\u00f6yl\u00fc g\u00fclmedik\u00e7e \u015fehirli de g\u00fclemeyecektir. Canland\u0131r\u0131lacak K\u00f6y, \u0130smail Hakk\u0131 Tongu\u00e7\u2019un bu konuda kendi pay\u0131na d\u00fc\u015feni hakk\u0131yla yerine getirebilme gayesiyle kaleme ald\u0131\u011f\u0131 en \u00f6nemli ve kapsaml\u0131 \u00e7al\u0131\u015fmalar\u0131ndan biridir. Tongu\u00e7, Osmanl\u0131 \u0130mparatorlu\u011fu\u2019nun son d\u00f6neminden ba\u015flayarak \u00f6nce bir arka plan sunar.K\u00f6y\u00fcn ve k\u00f6yl\u00fcn\u00fcn \u00f6nemine dair eski ve mevcut yakla\u015f\u0131mlara de\u011finir. Temel hususlar\u0131 belirler, belgelere dayand\u0131r\u0131r. Konuyu siyasi, k\u00fclt\u00fcrel ve ekonomik boyutlar\u0131yla birlik i\u00e7inde ele almay\u0131 ilke edinir. \u00d6\u011fretmen yeti\u015ftirme konusuna \u00f6zellikle a\u011f\u0131rl\u0131k vererek ayr\u0131nt\u0131l\u0131 bir tarih\u00e7e olu\u015fturur.Yeni k\u00f6y okulunun yarat\u0131lmas\u0131nda k\u00f6y enstit\u00fcleri, y\u00fcksek k\u00f6y enstit\u00fcs\u00fc, uygulama okullar\u0131 ve b\u00f6lge okullar\u0131 gibi yap\u0131lar\u0131n \u00f6nemine de\u011finir, a\u00e7\u0131klamalarda bulunur. \u0130lk bask\u0131s\u0131 1939 y\u0131l\u0131nda yap\u0131lan kitab\u0131n bu yeni bask\u0131s\u0131nda \u0130smail Hakk\u0131 Tongu\u00e7\u2019un \u201c61 vilayet merkezi, 305 il\u00e7e, 9150 k\u00f6y g\u00f6r\u00fcld\u00fckten sonra yaz\u0131lm\u0131\u015ft\u0131r\u201d dedi\u011fi 1947 tarihli, g\u00f6zden ge\u00e7irilmi\u015f ikinci bask\u0131s\u0131 esas al\u0131nm\u0131\u015ft\u0131r. <\/p>\n","protected":false},"excerpt":{"rendered":"<p>Cumhuriyet\u2019in getirdi\u011fi de\u011ferlerin hayata ge\u00e7irilmesinde pek \u00e7ok e\u011fitimci ve d\u00fc\u015f\u00fcnce insan\u0131n\u0131n b\u00fcy\u00fck katk\u0131lar\u0131 olmu\u015ftur. E\u011fitimci, bug\u00fcnk\u00fc anlam\u0131yla modern pedagojinin \u00fclkemizdeki \u00f6nc\u00fcs\u00fc ve k\u00f6y enstit\u00fcleri projesinin fikir<span class=\"excerpt-hellip\"> [\u2026]<\/span><\/p>\n","protected":false},"featured_media":0,"template":"","meta":{"_monsterinsights_skip_tracking":false,"_monsterinsights_sitenote_active":false,"_monsterinsights_sitenote_note":"","_monsterinsights_sitenote_category":0},"product_brand":[],"product_cat":[12370,12304],"product_tag":[],"class_list":{"0":"post-719780","1":"product","2":"type-product","3":"status-publish","5":"product_cat-arastirma-inceleme","6":"product_cat-tarih","7":"pa_cilt-ciltsiz","8":"pa_tur-kitap","9":"pa_yayinevi-is-bankasi-kultur-yayinlari","10":"pa_yazar-ismail-hakki-tonguc","12":"first","13":"instock","14":"sale","15":"shipping-taxable","16":"purchasable","17":"product-type-simple"},"_links":{"self":[{"href":"https:\/\/roveyayinevi.com.tr\/index.php\/wp-json\/wp\/v2\/product\/719780","targetHints":{"allow":["GET"]}}],"collection":[{"href":"https:\/\/roveyayinevi.com.tr\/index.php\/wp-json\/wp\/v2\/product"}],"about":[{"href":"https:\/\/roveyayinevi.com.tr\/index.php\/wp-json\/wp\/v2\/types\/product"}],"wp:attachment":[{"href":"https:\/\/roveyayinevi.com.tr\/index.php\/wp-json\/wp\/v2\/media?parent=719780"}],"wp:term":[{"taxonomy":"product_brand","embeddable":true,"href":"https:\/\/roveyayinevi.com.tr\/index.php\/wp-json\/wp\/v2\/product_brand?post=719780"},{"taxonomy":"product_cat","embeddable":true,"href":"https:\/\/roveyayinevi.com.tr\/index.php\/wp-json\/wp\/v2\/product_cat?post=719780"},{"taxonomy":"product_tag","embeddable":true,"href":"https:\/\/roveyayinevi.com.tr\/index.php\/wp-json\/wp\/v2\/product_tag?post=719780"}],"curies":[{"name":"wp","href":"https:\/\/api.w.org\/{rel}","templated":true}]}}