{"id":719773,"date":"2025-08-27T18:26:31","date_gmt":"2025-08-27T15:26:31","guid":{"rendered":"https:\/\/roveyayinevi.com.tr\/index.php\/urun\/kizil-sacli-kiz\/"},"modified":"2026-04-16T02:27:53","modified_gmt":"2026-04-15T23:27:53","slug":"kizil-sacli-kiz","status":"publish","type":"product","link":"https:\/\/roveyayinevi.com.tr\/index.php\/urun\/kizil-sacli-kiz\/","title":{"rendered":"K\u0131z\u0131l Sa\u00e7l\u0131 K\u0131z"},"content":{"rendered":"<p>Dervi\u015f ve \u00d6l\u00fcm adl\u0131 eseri ile d\u00fcnya \u00e7ap\u0131nda hakl\u0131 bir \u015f\u00f6hrete sahip olan Balkanlar\u2019\u0131n b\u00fcy\u00fck yazar\u0131 Me\u015fa Selimovi\u00e7\u2019in ilk kitab\u0131 K\u0131z\u0131l Sa\u00e7l\u0131 K\u0131z kendi dilinden \u00e7evrilerek ilk kez T\u00fcrk\u00e7eye kazand\u0131r\u0131ld\u0131. 1945 sonras\u0131 be\u015f y\u0131ll\u0131k bir s\u00fcre zarf\u0131nda yaz\u0131lm\u0131\u015f, arka plan\u0131nda sava\u015f atmosferi olan bu \u00f6yk\u00fcler \u00fcnl\u00fc yazar\u0131n edebiyat sahnesine \u00e7\u0131k\u0131\u015f\u0131n\u0131 da temsil ediyor. \u0130nsanl\u0131\u011f\u0131n ebedi temalar\u0131 olan iyilik, k\u00f6t\u00fcl\u00fck ve \u00f6zg\u00fcrl\u00fck meselesi, K\u0131z\u0131l Sa\u00e7l\u0131 K\u0131z\u2019da yer alan \u00f6yk\u00fclerin ana eksenini olu\u015fturmakta. \u0130nsan ruhunun en grift noktalar\u0131n\u0131 son derece yal\u0131n bir dille anlatabilen bir \u00fcslup ustas\u0131n\u0131 okumak farkl\u0131 d\u00fc\u015f\u00fcnsel deneyimlere de kap\u0131 aralamakta. K\u0131z\u0131l Sa\u00e7l\u0131 K\u0131z, insan\u0131n i\u00e7 zaman\u0131 ile tarihsel deneyiminin ne \u00f6l\u00e7\u00fcde \u00f6rt\u00fc\u015febilece\u011fini merak edenler i\u00e7in bir anlam e\u015fi\u011fi in\u015fa ediyor. <\/p>\n","protected":false},"excerpt":{"rendered":"<p>Dervi\u015f ve \u00d6l\u00fcm adl\u0131 eseri ile d\u00fcnya \u00e7ap\u0131nda hakl\u0131 bir \u015f\u00f6hrete sahip olan Balkanlar\u2019\u0131n b\u00fcy\u00fck yazar\u0131 Me\u015fa Selimovi\u00e7\u2019in ilk kitab\u0131 K\u0131z\u0131l Sa\u00e7l\u0131 K\u0131z kendi dilinden \u00e7evrilerek<span class=\"excerpt-hellip\"> [\u2026]<\/span><\/p>\n","protected":false},"featured_media":0,"template":"","meta":{"_monsterinsights_skip_tracking":false,"_monsterinsights_sitenote_active":false,"_monsterinsights_sitenote_note":"","_monsterinsights_sitenote_category":0},"product_brand":[],"product_cat":[12291,12711],"product_tag":[],"class_list":{"0":"post-719773","1":"product","2":"type-product","3":"status-publish","5":"product_cat-edebiyat","6":"product_cat-roman-oyku","7":"pa_cilt-ciltsiz","8":"pa_tur-kitap","9":"pa_yayinevi-ketebe-yayinlari","10":"pa_yazar-mesa-selimovic","12":"first","13":"instock","14":"sale","15":"shipping-taxable","16":"purchasable","17":"product-type-simple"},"_links":{"self":[{"href":"https:\/\/roveyayinevi.com.tr\/index.php\/wp-json\/wp\/v2\/product\/719773","targetHints":{"allow":["GET"]}}],"collection":[{"href":"https:\/\/roveyayinevi.com.tr\/index.php\/wp-json\/wp\/v2\/product"}],"about":[{"href":"https:\/\/roveyayinevi.com.tr\/index.php\/wp-json\/wp\/v2\/types\/product"}],"wp:attachment":[{"href":"https:\/\/roveyayinevi.com.tr\/index.php\/wp-json\/wp\/v2\/media?parent=719773"}],"wp:term":[{"taxonomy":"product_brand","embeddable":true,"href":"https:\/\/roveyayinevi.com.tr\/index.php\/wp-json\/wp\/v2\/product_brand?post=719773"},{"taxonomy":"product_cat","embeddable":true,"href":"https:\/\/roveyayinevi.com.tr\/index.php\/wp-json\/wp\/v2\/product_cat?post=719773"},{"taxonomy":"product_tag","embeddable":true,"href":"https:\/\/roveyayinevi.com.tr\/index.php\/wp-json\/wp\/v2\/product_tag?post=719773"}],"curies":[{"name":"wp","href":"https:\/\/api.w.org\/{rel}","templated":true}]}}