{"id":719772,"date":"2025-08-27T18:26:30","date_gmt":"2025-08-27T15:26:30","guid":{"rendered":"https:\/\/roveyayinevi.com.tr\/index.php\/urun\/edebiyat-ve-utanc\/"},"modified":"2026-04-16T02:27:53","modified_gmt":"2026-04-15T23:27:53","slug":"edebiyat-ve-utanc","status":"publish","type":"product","link":"https:\/\/roveyayinevi.com.tr\/index.php\/urun\/edebiyat-ve-utanc\/","title":{"rendered":"Edebiyat ve Utan\u00e7"},"content":{"rendered":"<p>\u201cEdebiyat ve Utan\u00e7\u201d adl\u0131 bu kitap, Franz Kafka\u2019n\u0131n \u201cDava\u201d adl\u0131 roman\u0131n\u0131n son sahnesinde Josef K.\u2019n\u0131n iki cellat taraf\u0131ndan b\u0131\u00e7aklanmas\u0131 sonras\u0131 utanc\u0131n\u0131n o \u00f6ld\u00fckten sonra da devam edece\u011fi sorunsal\u0131 \u00fczerine e\u011filiyor. Dava\u2019n\u0131n bu son sahnesi \u00fczerine Michael L\u00f6wy\u2019den Gilles Deleuze-Felix Guattari\u2019ye, Roberto Calasso\u2019dan Walter Benjamin\u2019e kadar kafkasever \u00e7o\u011fu yazar Kafka hakk\u0131nda yazd\u0131klar\u0131 kitaplar\u0131nda g\u00f6r\u00fc\u015flerini bildirmi\u015flerdir. \u0130nsan\u0131n \u00f6ld\u00fckten sonra da devam eden utanc\u0131n\u0131n bir nevi arkeolojisinin ger\u00e7ekle\u015ftirildi\u011fi bu kitapta sadece Kafka\u2019n\u0131n \u201cDava\u201ds\u0131 bu minval \u00fczere incelenmemi\u015f, d\u00fcnya edebiyat\u0131nda utanc\u0131 konu edinmi\u015f, bir \u015fekilde utanca de\u011finmi\u015f sanat\u00e7\u0131, sinemac\u0131, filozof ve yazarlar\u0131n eserlerinde de utanc\u0131n izi s\u00fcr\u00fclm\u00fc\u015ft\u00fcr. <\/p>\n","protected":false},"excerpt":{"rendered":"<p>\u201cEdebiyat ve Utan\u00e7\u201d adl\u0131 bu kitap, Franz Kafka\u2019n\u0131n \u201cDava\u201d adl\u0131 roman\u0131n\u0131n son sahnesinde Josef K.\u2019n\u0131n iki cellat taraf\u0131ndan b\u0131\u00e7aklanmas\u0131 sonras\u0131 utanc\u0131n\u0131n o \u00f6ld\u00fckten sonra da devam<span class=\"excerpt-hellip\"> [\u2026]<\/span><\/p>\n","protected":false},"featured_media":0,"template":"","meta":{"_monsterinsights_skip_tracking":false,"_monsterinsights_sitenote_active":false,"_monsterinsights_sitenote_note":"","_monsterinsights_sitenote_category":0},"product_brand":[],"product_cat":[13072,12291],"product_tag":[],"class_list":{"0":"post-719772","1":"product","2":"type-product","3":"status-publish","5":"product_cat-arastirma-inceleme-referans","6":"product_cat-edebiyat","7":"pa_cilt-ciltsiz","8":"pa_tur-kitap","9":"pa_yayinevi-ketebe-yayinlari","10":"pa_yazar-ahmet-sari","12":"first","13":"instock","14":"sale","15":"shipping-taxable","16":"purchasable","17":"product-type-simple"},"_links":{"self":[{"href":"https:\/\/roveyayinevi.com.tr\/index.php\/wp-json\/wp\/v2\/product\/719772","targetHints":{"allow":["GET"]}}],"collection":[{"href":"https:\/\/roveyayinevi.com.tr\/index.php\/wp-json\/wp\/v2\/product"}],"about":[{"href":"https:\/\/roveyayinevi.com.tr\/index.php\/wp-json\/wp\/v2\/types\/product"}],"wp:attachment":[{"href":"https:\/\/roveyayinevi.com.tr\/index.php\/wp-json\/wp\/v2\/media?parent=719772"}],"wp:term":[{"taxonomy":"product_brand","embeddable":true,"href":"https:\/\/roveyayinevi.com.tr\/index.php\/wp-json\/wp\/v2\/product_brand?post=719772"},{"taxonomy":"product_cat","embeddable":true,"href":"https:\/\/roveyayinevi.com.tr\/index.php\/wp-json\/wp\/v2\/product_cat?post=719772"},{"taxonomy":"product_tag","embeddable":true,"href":"https:\/\/roveyayinevi.com.tr\/index.php\/wp-json\/wp\/v2\/product_tag?post=719772"}],"curies":[{"name":"wp","href":"https:\/\/api.w.org\/{rel}","templated":true}]}}