{"id":719770,"date":"2025-08-27T18:26:29","date_gmt":"2025-08-27T15:26:29","guid":{"rendered":"https:\/\/roveyayinevi.com.tr\/index.php\/urun\/seni-hep-sevecegim\/"},"modified":"2026-04-16T02:27:53","modified_gmt":"2026-04-15T23:27:53","slug":"seni-hep-sevecegim","status":"publish","type":"product","link":"https:\/\/roveyayinevi.com.tr\/index.php\/urun\/seni-hep-sevecegim\/","title":{"rendered":"Seni Hep Sevece\u011fim"},"content":{"rendered":"<p>\u201cBu kitap 24 y\u0131l \u00f6nce yay\u0131mland\u0131 ve h\u00e2l\u00e2 \u00e7oksatanlar listesinde. Bunun elbette bir nedeni var.\u201d DarcyMatheson, Daily Hive  Seni hep sevece\u011fim,Sana her zaman ba\u011fl\u0131 olaca\u011f\u0131m,Ya\u015fad\u0131\u011f\u0131m s\u00fcreceBebe\u011fim olacaks\u0131n benim.\u0130lk defa 1995 y\u0131l\u0131nda yay\u0131mlanan ve o g\u00fcnden beri t\u00fcm d\u00fcnyada 15 milyon satan Seni Hep Sevece\u011fim, anne-\u00e7ocuk ili\u015fkisine, kar\u015f\u0131l\u0131ks\u0131z sonsuz sevgiye, ailenin \u00f6nemine ve k\u00fc\u00e7\u00fck bir \u00e7ocu\u011fun b\u00fcy\u00fcme s\u00fcrecine dair bir kitap. Reng\u00e2renk g\u00f6rsellerle s\u00fcslenen ve masals\u0131 bir dille anlat\u0131lan bu hik\u00e2ye, her ya\u015ftan okuru kendine \u00e7ekmeyi ba\u015far\u0131yor.  \u201cRobert Munsch\u2019tan bamba\u015fka, al\u0131\u015f\u0131lmad\u0131k bir hik\u00e2ye. Bir ebeveynin \u00e7ocu\u011funa kar\u015f\u0131 duydu\u011fu sonsuz sevgi, SheilaMcGraw\u2019\u0131n pastel tonlar\u0131ndaki harika \u00e7izimleriyle m\u00fckemmel bir bi\u00e7imde anlat\u0131lm\u0131\u015f. Senelerce tekrar tekrar okunacak bir kitap.\u201dBook Fairies Vancouver  <\/p>\n","protected":false},"excerpt":{"rendered":"<p>\u201cBu kitap 24 y\u0131l \u00f6nce yay\u0131mland\u0131 ve h\u00e2l\u00e2 \u00e7oksatanlar listesinde. Bunun elbette bir nedeni var.\u201d DarcyMatheson, Daily Hive Seni hep sevece\u011fim,Sana her zaman ba\u011fl\u0131 olaca\u011f\u0131m,Ya\u015fad\u0131\u011f\u0131m s\u00fcreceBebe\u011fim<span class=\"excerpt-hellip\"> [\u2026]<\/span><\/p>\n","protected":false},"featured_media":0,"template":"","meta":{"_monsterinsights_skip_tracking":false,"_monsterinsights_sitenote_active":false,"_monsterinsights_sitenote_note":"","_monsterinsights_sitenote_category":0},"product_brand":[],"product_cat":[12274,12518],"product_tag":[],"class_list":{"0":"post-719770","1":"product","2":"type-product","3":"status-publish","5":"product_cat-cocuk-ve-genclik-kitaplari","6":"product_cat-okul-oncesi-kitaplar","7":"pa_cilt-ciltsiz","8":"pa_tur-kitap","9":"pa_yayinevi-ucan-fil-yayinlari","10":"pa_yazar-robert-munsch","12":"first","13":"instock","14":"sale","15":"shipping-taxable","16":"purchasable","17":"product-type-simple"},"_links":{"self":[{"href":"https:\/\/roveyayinevi.com.tr\/index.php\/wp-json\/wp\/v2\/product\/719770","targetHints":{"allow":["GET"]}}],"collection":[{"href":"https:\/\/roveyayinevi.com.tr\/index.php\/wp-json\/wp\/v2\/product"}],"about":[{"href":"https:\/\/roveyayinevi.com.tr\/index.php\/wp-json\/wp\/v2\/types\/product"}],"wp:attachment":[{"href":"https:\/\/roveyayinevi.com.tr\/index.php\/wp-json\/wp\/v2\/media?parent=719770"}],"wp:term":[{"taxonomy":"product_brand","embeddable":true,"href":"https:\/\/roveyayinevi.com.tr\/index.php\/wp-json\/wp\/v2\/product_brand?post=719770"},{"taxonomy":"product_cat","embeddable":true,"href":"https:\/\/roveyayinevi.com.tr\/index.php\/wp-json\/wp\/v2\/product_cat?post=719770"},{"taxonomy":"product_tag","embeddable":true,"href":"https:\/\/roveyayinevi.com.tr\/index.php\/wp-json\/wp\/v2\/product_tag?post=719770"}],"curies":[{"name":"wp","href":"https:\/\/api.w.org\/{rel}","templated":true}]}}