{"id":719768,"date":"2025-08-27T18:26:27","date_gmt":"2025-08-27T15:26:27","guid":{"rendered":"https:\/\/roveyayinevi.com.tr\/index.php\/urun\/tuhfe-i-haliliyye\/"},"modified":"2026-04-16T02:27:53","modified_gmt":"2026-04-15T23:27:53","slug":"tuhfe-i-haliliyye","status":"publish","type":"product","link":"https:\/\/roveyayinevi.com.tr\/index.php\/urun\/tuhfe-i-haliliyye\/","title":{"rendered":"Tuhfe-i Haliliyye"},"content":{"rendered":"<p>Celvetiyye tarikat\u0131n\u0131n Anadolu\u2019daki en \u00f6nemli temsilcilerinden \u0130smail Hakk\u0131 Bursev\u00ee y\u00fczden fazla eser sahibi hezarfen bir \u00e2lim, \u015farih, m\u00fcfessir, \u015fair ve bestek\u00e2rd\u0131r. Bursev\u00ee hazretleri tefsir, hadis, tasavvuf ve meani gibi bir\u00e7ok ilim dal\u0131nda eser kaleme alm\u0131\u015ft\u0131r ve tasavvuf\u00ee ne\u015fve, \u00f6zellikle de Ekber\u00ee renk, eserlerinin neredeyse tamam\u0131nda merkez\u00ee bir rol oynamaktad\u0131r. Bursev\u00ee hazretlerinin metinlerine bakt\u0131\u011f\u0131m\u0131zda Mevlana Celaleddin Rum\u00ee, Sadreddin Konev\u00ee, \u00dcft\u00e2de ve Aziz Mahmud H\u00fcday\u00ee gibi bir\u00e7ok tasavvuf b\u00fcy\u00fc\u011f\u00fcn\u00fcn yan\u0131 s\u0131ra onu en \u00e7ok etkileyen ismin \u0130bn\u00fc\u2019l-Arab\u00ee oldu\u011fu a\u00e7\u0131k\u00e7a g\u00f6r\u00fclmektedir.Hal\u00eel \u00c7eleb\u00ee\u2019nin \u0130smail Hakk\u0131 Bursev\u00ee hazretlerinden amel ve akide ile ilgili manalar\u0131 i\u00e7eren bir kitap yazmas\u0131 ricas\u0131 \u00fczerine kaleme al\u0131nan bu eserde; iman\u0131n tan\u0131m\u0131, mahiyeti, \u015fubeleri, itikad\u0131n nas\u0131l olmas\u0131 gerekti\u011fi gibi konular ele al\u0131nm\u0131\u015f olup konular\u0131n anla\u015f\u0131lmas\u0131 i\u00e7in eserde ge\u00e7en bahisler, \u00e2yetler ve hadislerle desteklenmi\u015f ve m\u00fcellifin kendisine ait tasavvuf\u00ee \u015fiirlerle eser tezy\u00een edilmi\u015ftir.<\/p>\n","protected":false},"excerpt":{"rendered":"<p>Celvetiyye tarikat\u0131n\u0131n Anadolu\u2019daki en \u00f6nemli temsilcilerinden \u0130smail Hakk\u0131 Bursev\u00ee y\u00fczden fazla eser sahibi hezarfen bir \u00e2lim, \u015farih, m\u00fcfessir, \u015fair ve bestek\u00e2rd\u0131r. Bursev\u00ee hazretleri tefsir, hadis, tasavvuf<span class=\"excerpt-hellip\"> [\u2026]<\/span><\/p>\n","protected":false},"featured_media":0,"template":"","meta":{"_monsterinsights_skip_tracking":false,"_monsterinsights_sitenote_active":false,"_monsterinsights_sitenote_note":"","_monsterinsights_sitenote_category":0},"product_brand":[],"product_cat":[13517,12304],"product_tag":[],"class_list":{"0":"post-719768","1":"product","2":"type-product","3":"status-publish","5":"product_cat-osmanli-tarihi","6":"product_cat-tarih","7":"pa_cilt-ciltsiz","8":"pa_tur-kitap","9":"pa_yayinevi-ketebe-yayinlari","10":"pa_yazar-ismail-hakki-bursevi","12":"first","13":"instock","14":"sale","15":"shipping-taxable","16":"purchasable","17":"product-type-simple"},"_links":{"self":[{"href":"https:\/\/roveyayinevi.com.tr\/index.php\/wp-json\/wp\/v2\/product\/719768","targetHints":{"allow":["GET"]}}],"collection":[{"href":"https:\/\/roveyayinevi.com.tr\/index.php\/wp-json\/wp\/v2\/product"}],"about":[{"href":"https:\/\/roveyayinevi.com.tr\/index.php\/wp-json\/wp\/v2\/types\/product"}],"wp:attachment":[{"href":"https:\/\/roveyayinevi.com.tr\/index.php\/wp-json\/wp\/v2\/media?parent=719768"}],"wp:term":[{"taxonomy":"product_brand","embeddable":true,"href":"https:\/\/roveyayinevi.com.tr\/index.php\/wp-json\/wp\/v2\/product_brand?post=719768"},{"taxonomy":"product_cat","embeddable":true,"href":"https:\/\/roveyayinevi.com.tr\/index.php\/wp-json\/wp\/v2\/product_cat?post=719768"},{"taxonomy":"product_tag","embeddable":true,"href":"https:\/\/roveyayinevi.com.tr\/index.php\/wp-json\/wp\/v2\/product_tag?post=719768"}],"curies":[{"name":"wp","href":"https:\/\/api.w.org\/{rel}","templated":true}]}}