{"id":719766,"date":"2025-08-27T18:26:26","date_gmt":"2025-08-27T15:26:26","guid":{"rendered":"https:\/\/roveyayinevi.com.tr\/index.php\/urun\/afrika-masallari-2\/"},"modified":"2026-04-16T02:27:53","modified_gmt":"2026-04-15T23:27:53","slug":"afrika-masallari-2","status":"publish","type":"product","link":"https:\/\/roveyayinevi.com.tr\/index.php\/urun\/afrika-masallari-2\/","title":{"rendered":"Afrika Masallar\u0131"},"content":{"rendered":"<p>\u201cYolu \u00d6\u011frenmenin Yolu, Kaybolmakt\u0131r.\u201dD\u00fcnyaya bilgelik nas\u0131l yay\u0131ld\u0131? \u2018Timsah g\u00f6zya\u015flar\u0131\u2019 deyiminin kayna\u011f\u0131 nedir? U\u00e7urtmalar neden kargalardan uzakta u\u00e7ar? \u00d6l\u00fcm nereden gelmi\u015ftir?Afrika Masallar\u0131, hayvanlardan bir \u015feyler \u00f6\u011frenmek isteyen ve Afrika k\u00fclt\u00fcr\u00fcne ilgi duyan herkes i\u00e7in e\u015fsiz bir derleme. G\u00fcney, Do\u011fu ve Bat\u0131 Afrika olmak \u00fczere \u00fc\u00e7 b\u00f6l\u00fcmden olu\u015fan kitap; bencillik, yalan ve bilgelik \u00fczerine bug\u00fcn de ge\u00e7erlili\u011fini yitirmemi\u015f dersleri masal\u0131n b\u00fcy\u00fcs\u00fcyle aktar\u0131yor. Bu masallarda okuyaca\u011f\u0131n\u0131z maceralar, size bamba\u015fka bir Afrika\u2019n\u0131n kap\u0131lar\u0131n\u0131 a\u00e7acak.<\/p>\n","protected":false},"excerpt":{"rendered":"<p>\u201cYolu \u00d6\u011frenmenin Yolu, Kaybolmakt\u0131r.\u201dD\u00fcnyaya bilgelik nas\u0131l yay\u0131ld\u0131? \u2018Timsah g\u00f6zya\u015flar\u0131\u2019 deyiminin kayna\u011f\u0131 nedir? U\u00e7urtmalar neden kargalardan uzakta u\u00e7ar? \u00d6l\u00fcm nereden gelmi\u015ftir?Afrika Masallar\u0131, hayvanlardan bir \u015feyler \u00f6\u011frenmek isteyen<span class=\"excerpt-hellip\"> [\u2026]<\/span><\/p>\n","protected":false},"featured_media":0,"template":"","meta":{"_monsterinsights_skip_tracking":false,"_monsterinsights_sitenote_active":false,"_monsterinsights_sitenote_note":"","_monsterinsights_sitenote_category":0},"product_brand":[],"product_cat":[13661,12291],"product_tag":[],"class_list":{"0":"post-719766","1":"product","2":"type-product","3":"status-publish","5":"product_cat-diger-ulke-edebiyatlari","6":"product_cat-edebiyat","7":"pa_cilt-ciltsiz","8":"pa_tur-kitap","9":"pa_yayinevi-kara-karga-yayinlari","10":"pa_yazar-kolektif","12":"first","13":"instock","14":"sale","15":"shipping-taxable","16":"purchasable","17":"product-type-simple"},"_links":{"self":[{"href":"https:\/\/roveyayinevi.com.tr\/index.php\/wp-json\/wp\/v2\/product\/719766","targetHints":{"allow":["GET"]}}],"collection":[{"href":"https:\/\/roveyayinevi.com.tr\/index.php\/wp-json\/wp\/v2\/product"}],"about":[{"href":"https:\/\/roveyayinevi.com.tr\/index.php\/wp-json\/wp\/v2\/types\/product"}],"wp:attachment":[{"href":"https:\/\/roveyayinevi.com.tr\/index.php\/wp-json\/wp\/v2\/media?parent=719766"}],"wp:term":[{"taxonomy":"product_brand","embeddable":true,"href":"https:\/\/roveyayinevi.com.tr\/index.php\/wp-json\/wp\/v2\/product_brand?post=719766"},{"taxonomy":"product_cat","embeddable":true,"href":"https:\/\/roveyayinevi.com.tr\/index.php\/wp-json\/wp\/v2\/product_cat?post=719766"},{"taxonomy":"product_tag","embeddable":true,"href":"https:\/\/roveyayinevi.com.tr\/index.php\/wp-json\/wp\/v2\/product_tag?post=719766"}],"curies":[{"name":"wp","href":"https:\/\/api.w.org\/{rel}","templated":true}]}}