{"id":719764,"date":"2025-08-27T18:26:25","date_gmt":"2025-08-27T15:26:25","guid":{"rendered":"https:\/\/roveyayinevi.com.tr\/index.php\/urun\/sanatta-hakikat\/"},"modified":"2026-04-16T02:27:53","modified_gmt":"2026-04-15T23:27:53","slug":"sanatta-hakikat","status":"publish","type":"product","link":"https:\/\/roveyayinevi.com.tr\/index.php\/urun\/sanatta-hakikat\/","title":{"rendered":"Sanatta Hakikat"},"content":{"rendered":"<p>Ge\u00e7mi\u015ften g\u00fcn\u00fcm\u00fcze sanat\u00e7\u0131lar hep m\u00fckemmellik pe\u015finde olmu\u015ftur ve m\u00fckemmelli\u011fe ula\u015fabildikleri veya yakla\u015fabildikleri \u00f6l\u00e7\u00fcde sanat\u00e7\u0131 kabul edilmi\u015flerdir. Nitelik, R\u00f6nesans \u0130talya\u2019s\u0131nda \u00fcst\u00fcn bir de\u011ferdi ve Antik Yunan\u2019da biz \u00f6l\u00fcml\u00fclere bir par\u00e7a tanr\u0131sall\u0131k esintisi sunuyordu. G\u00fcn\u00fcm\u00fczde sanat tarih\u00e7ileri g\u00fczelli\u011fe, m\u00fckemmelli\u011fe veya Niteli\u011fe at\u0131fta bulunmaktan ka\u00e7\u0131n\u0131yor, \u00e7\u00fcnk\u00fc bunlar objektif veya tan\u0131mlanabilir kavramlar de\u011fil, sanat otoritelerinin s\u0131n\u0131rlar\u0131n\u0131 zorlamaya c\u00fcret edemedi\u011fi unsurlard\u0131r. PatrickDoorly bu c\u00fcreti g\u00f6steriyor, m\u00fckemmelli\u011fin izini s\u00fcrmeye \u00e7al\u0131\u015f\u0131yor. Tarih boyunca \u00fcst\u00fcn kabul edilen sanat\u00e7\u0131lar\u0131n izledikleri yollar\u0131, m\u00fckemmeli\u011fin yollar\u0131n\u0131 ke\u015ffe \u00e7\u0131k\u0131yor; Leonardo\u2019nun, Michelangelo\u2019nun, Rembrandt\u2019\u0131n, Goya\u2019n\u0131n, Shakespeare\u2019in \u015fifrelerini ar\u0131yor. Ve eski ustalar\u0131n o \u00fcst\u00fcn beceri ve fikirlerinin ilahi bir ilhamla do\u011fdu\u011fu d\u00fc\u015f\u00fcncesini reddediyor, bunun yerine belki daha zorlu ama yine de daha eri\u015filebilir bir m\u00fckemmellik ve yetenek paradigmas\u0131 olu\u015fturuyor. <\/p>\n","protected":false},"excerpt":{"rendered":"<p>Ge\u00e7mi\u015ften g\u00fcn\u00fcm\u00fcze sanat\u00e7\u0131lar hep m\u00fckemmellik pe\u015finde olmu\u015ftur ve m\u00fckemmelli\u011fe ula\u015fabildikleri veya yakla\u015fabildikleri \u00f6l\u00e7\u00fcde sanat\u00e7\u0131 kabul edilmi\u015flerdir. Nitelik, R\u00f6nesans \u0130talya\u2019s\u0131nda \u00fcst\u00fcn bir de\u011ferdi ve Antik Yunan\u2019da biz<span class=\"excerpt-hellip\"> [\u2026]<\/span><\/p>\n","protected":false},"featured_media":0,"template":"","meta":{"_monsterinsights_skip_tracking":false,"_monsterinsights_sitenote_active":false,"_monsterinsights_sitenote_note":"","_monsterinsights_sitenote_category":0},"product_brand":[],"product_cat":[12408,14197],"product_tag":[],"class_list":{"0":"post-719764","1":"product","2":"type-product","3":"status-publish","5":"product_cat-sanat","6":"product_cat-sanat-tarihi","7":"pa_cilt-ciltsiz","8":"pa_tur-kitap","9":"pa_yayinevi-ayrinti-yayinlari","10":"pa_yazar-patrick-doorly","12":"first","13":"instock","14":"sale","15":"shipping-taxable","16":"purchasable","17":"product-type-simple"},"_links":{"self":[{"href":"https:\/\/roveyayinevi.com.tr\/index.php\/wp-json\/wp\/v2\/product\/719764","targetHints":{"allow":["GET"]}}],"collection":[{"href":"https:\/\/roveyayinevi.com.tr\/index.php\/wp-json\/wp\/v2\/product"}],"about":[{"href":"https:\/\/roveyayinevi.com.tr\/index.php\/wp-json\/wp\/v2\/types\/product"}],"wp:attachment":[{"href":"https:\/\/roveyayinevi.com.tr\/index.php\/wp-json\/wp\/v2\/media?parent=719764"}],"wp:term":[{"taxonomy":"product_brand","embeddable":true,"href":"https:\/\/roveyayinevi.com.tr\/index.php\/wp-json\/wp\/v2\/product_brand?post=719764"},{"taxonomy":"product_cat","embeddable":true,"href":"https:\/\/roveyayinevi.com.tr\/index.php\/wp-json\/wp\/v2\/product_cat?post=719764"},{"taxonomy":"product_tag","embeddable":true,"href":"https:\/\/roveyayinevi.com.tr\/index.php\/wp-json\/wp\/v2\/product_tag?post=719764"}],"curies":[{"name":"wp","href":"https:\/\/api.w.org\/{rel}","templated":true}]}}