{"id":719763,"date":"2025-08-27T18:26:24","date_gmt":"2025-08-27T15:26:24","guid":{"rendered":"https:\/\/roveyayinevi.com.tr\/index.php\/urun\/benim-de-bebegim-olsun\/"},"modified":"2026-04-16T02:27:53","modified_gmt":"2026-04-15T23:27:53","slug":"benim-de-bebegim-olsun","status":"publish","type":"product","link":"https:\/\/roveyayinevi.com.tr\/index.php\/urun\/benim-de-bebegim-olsun\/","title":{"rendered":"Benim De Bebe\u011fim Olsun"},"content":{"rendered":"<p>E\u011fer siz de tedaviyle bebek sahibi olmaya \u00e7al\u0131\u015fan bir \u00e7iftseniz \u201cHerkes \u2018Stresten uzak dur, rahat ol\u2019 diyor, peki ama nas\u0131l? En yak\u0131n arkada\u015f\u0131m gebe kalm\u0131\u015f! K\u0131skanm\u0131yorum! Ama i\u015fte\u2026 Ya yine d\u00fc\u015f\u00fck olursa? Ya yine tutmazsa? Transfer sonras\u0131 beklemek var ya! Art\u0131k tedaviye devam edecek g\u00fcc\u00fcm kalmad\u0131. Son zamanlarda az konu\u015fur olduk! Beni hi\u00e7 anlam\u0131yor! \u00c7ok \u00fcz\u00fcl\u00fcyor, ona nas\u0131l destek olaca\u011f\u0131m\u0131 bilmiyorum\u2026\u201d c\u00fcmlelerinden baz\u0131lar\u0131n\u0131 ya da benzerlerini s\u00f6ylediyseniz ya da akl\u0131n\u0131zdan ge\u00e7irdiyseniz ve \u201cDuygusal zorluklarla nas\u0131l ba\u015f edebilirim?\u201d sorusunun cevab\u0131 sizin i\u00e7in a\u00e7\u0131k ve net de\u011filse; bu kitap tam da size g\u00f6re. Dan\u0131\u015fanlar\u0131m\u0131n deneyimlerinden \u00f6rneklere de yer verdi\u011fim bu kitap, zihin-beden etkile\u015fimine dayal\u0131, \u00f6\u011frenmesi ve uygulamas\u0131 kolay \u00f6neri, egzersiz, al\u0131\u015ft\u0131rmalarla duygusal zorluklar\u0131n\u0131zla nas\u0131l ba\u015f edebilece\u011finize dair size yol g\u00f6sterici olacakt\u0131r. Bir anlamda, hayat\u0131n\u0131zdaki savrulmay\u0131 kontrol alt\u0131na alabilece\u011finiz daha mutlu, daha iyi hissedece\u011finiz bir yere sizi y\u00f6nlendirerek, gebe kalma ba\u015far\u0131n\u0131z\u0131 art\u0131rman\u0131za da destek olacakt\u0131r. <\/p>\n","protected":false},"excerpt":{"rendered":"<p>E\u011fer siz de tedaviyle bebek sahibi olmaya \u00e7al\u0131\u015fan bir \u00e7iftseniz \u201cHerkes \u2018Stresten uzak dur, rahat ol\u2019 diyor, peki ama nas\u0131l? En yak\u0131n arkada\u015f\u0131m gebe kalm\u0131\u015f! K\u0131skanm\u0131yorum!<span class=\"excerpt-hellip\"> [\u2026]<\/span><\/p>\n","protected":false},"featured_media":0,"template":"","meta":{"_monsterinsights_skip_tracking":false,"_monsterinsights_sitenote_active":false,"_monsterinsights_sitenote_note":"","_monsterinsights_sitenote_category":0},"product_brand":[],"product_cat":[12358,12357],"product_tag":[],"class_list":{"0":"post-719763","1":"product","2":"type-product","3":"status-publish","5":"product_cat-genel-psikoloji","6":"product_cat-psikoloji","7":"pa_cilt-ciltsiz","8":"pa_tur-kitap","9":"pa_yayinevi-pusula-yayinevi-ankara","10":"pa_yazar-ceren-pakman","12":"first","13":"instock","14":"sale","15":"shipping-taxable","16":"purchasable","17":"product-type-simple"},"_links":{"self":[{"href":"https:\/\/roveyayinevi.com.tr\/index.php\/wp-json\/wp\/v2\/product\/719763","targetHints":{"allow":["GET"]}}],"collection":[{"href":"https:\/\/roveyayinevi.com.tr\/index.php\/wp-json\/wp\/v2\/product"}],"about":[{"href":"https:\/\/roveyayinevi.com.tr\/index.php\/wp-json\/wp\/v2\/types\/product"}],"wp:attachment":[{"href":"https:\/\/roveyayinevi.com.tr\/index.php\/wp-json\/wp\/v2\/media?parent=719763"}],"wp:term":[{"taxonomy":"product_brand","embeddable":true,"href":"https:\/\/roveyayinevi.com.tr\/index.php\/wp-json\/wp\/v2\/product_brand?post=719763"},{"taxonomy":"product_cat","embeddable":true,"href":"https:\/\/roveyayinevi.com.tr\/index.php\/wp-json\/wp\/v2\/product_cat?post=719763"},{"taxonomy":"product_tag","embeddable":true,"href":"https:\/\/roveyayinevi.com.tr\/index.php\/wp-json\/wp\/v2\/product_tag?post=719763"}],"curies":[{"name":"wp","href":"https:\/\/api.w.org\/{rel}","templated":true}]}}