{"id":719760,"date":"2025-08-27T18:26:22","date_gmt":"2025-08-27T15:26:22","guid":{"rendered":"https:\/\/roveyayinevi.com.tr\/index.php\/urun\/surgun-mevsimi\/"},"modified":"2026-04-16T02:27:53","modified_gmt":"2026-04-15T23:27:53","slug":"surgun-mevsimi","status":"publish","type":"product","link":"https:\/\/roveyayinevi.com.tr\/index.php\/urun\/surgun-mevsimi\/","title":{"rendered":"S\u00fcrg\u00fcn Mevsimi"},"content":{"rendered":"<p>\u201cSo\u011fuk s\u00fcrg\u00fcn gecelerinde;  A\u015fka     Hasrete        Kedere          \u00dcmide     Ve Daha nice insanca hislere, \u0130nsanca hislerle yaz\u0131lm\u0131\u015f, \u0130\u00e7 \u0131s\u0131tan Y\u00fcrek yakan    \u015eiirler\u2026\u201d   S\u00fcrg\u00fcn \u015fiirleri\u2026 <\/p>\n","protected":false},"excerpt":{"rendered":"<p>\u201cSo\u011fuk s\u00fcrg\u00fcn gecelerinde; A\u015fka Hasrete Kedere \u00dcmide Ve Daha nice insanca hislere, \u0130nsanca hislerle yaz\u0131lm\u0131\u015f, \u0130\u00e7 \u0131s\u0131tan Y\u00fcrek yakan \u015eiirler\u2026\u201d S\u00fcrg\u00fcn \u015fiirleri\u2026<\/p>\n","protected":false},"featured_media":0,"template":"","meta":{"_monsterinsights_skip_tracking":false,"_monsterinsights_sitenote_active":false,"_monsterinsights_sitenote_note":"","_monsterinsights_sitenote_category":0},"product_brand":[],"product_cat":[12291,12509],"product_tag":[],"class_list":{"0":"post-719760","1":"product","2":"type-product","3":"status-publish","5":"product_cat-edebiyat","6":"product_cat-siir","7":"pa_cilt-ciltsiz","8":"pa_tur-kitap","9":"pa_yayinevi-luna-yayinlari","10":"pa_yazar-muhammed-dalar","12":"first","13":"instock","14":"sale","15":"shipping-taxable","16":"purchasable","17":"product-type-simple"},"_links":{"self":[{"href":"https:\/\/roveyayinevi.com.tr\/index.php\/wp-json\/wp\/v2\/product\/719760","targetHints":{"allow":["GET"]}}],"collection":[{"href":"https:\/\/roveyayinevi.com.tr\/index.php\/wp-json\/wp\/v2\/product"}],"about":[{"href":"https:\/\/roveyayinevi.com.tr\/index.php\/wp-json\/wp\/v2\/types\/product"}],"wp:attachment":[{"href":"https:\/\/roveyayinevi.com.tr\/index.php\/wp-json\/wp\/v2\/media?parent=719760"}],"wp:term":[{"taxonomy":"product_brand","embeddable":true,"href":"https:\/\/roveyayinevi.com.tr\/index.php\/wp-json\/wp\/v2\/product_brand?post=719760"},{"taxonomy":"product_cat","embeddable":true,"href":"https:\/\/roveyayinevi.com.tr\/index.php\/wp-json\/wp\/v2\/product_cat?post=719760"},{"taxonomy":"product_tag","embeddable":true,"href":"https:\/\/roveyayinevi.com.tr\/index.php\/wp-json\/wp\/v2\/product_tag?post=719760"}],"curies":[{"name":"wp","href":"https:\/\/api.w.org\/{rel}","templated":true}]}}