{"id":719757,"date":"2025-08-27T18:26:19","date_gmt":"2025-08-27T15:26:19","guid":{"rendered":"https:\/\/roveyayinevi.com.tr\/index.php\/urun\/bayrak\/"},"modified":"2026-04-13T02:34:00","modified_gmt":"2026-04-12T23:34:00","slug":"bayrak","status":"publish","type":"product","link":"https:\/\/roveyayinevi.com.tr\/index.php\/urun\/bayrak\/","title":{"rendered":"Bayrak"},"content":{"rendered":"<p>30 A\u011fustos g\u00fcn\u00fc 16 daireli bir apartman\u0131n \u00f6n\u00fcnden ge\u00e7iyordum. Bakt\u0131m: Tek balkonda bir k\u00fc\u00e7\u00fck bayrak: &#8220;-Zaferi unutmu\u015fuz,&#8221; dedim. Bayramlar\u0131n bir resm\u00ee y\u00f6n\u00fc var. Asker ge\u00e7er, top, tank ge\u00e7er. Bir de vatanda\u015fcas\u0131 var. Herkes g\u00f6n\u00fclden \u00e7o\u015fkunluk g\u00f6sterir. Bu \u0130kincisini kaybetmi\u015fiz.Zaferden bir g\u00fcn \u00f6nceki T\u00fcrkiye&#8217;yi hat\u0131rl\u0131yorum. Yunan ordusu b\u00fct\u00fcn Bat\u0131 Anadolu&#8217;da, Bursa&#8217;da, Trakya&#8217;da. \u0130stanbul h\u00fck\u00fcmeti, yenen devletlerin diktas\u0131na boyun e\u011fmi\u015f. E\u011fer \u0130stanbul bar\u0131\u015f\u0131 olursa, Venizelos Anadolu Rumlar\u0131 ile Bat\u0131 Anadolu T\u00fcrklerini de\u011fi\u015ftirecek. \u015eimdi \u0130zmir, Sel\u00e2nik kadar bir Yunan \u015fehri olacakt\u0131. \u0130stanbul milletleraras\u0131 bir nitelikte kalacakt\u0131. \u00c7oktan bu \u015fehirde az\u0131nl\u0131kta olacakt\u0131k. Bir defa ne \u00e7ar\u015f\u0131larda, ne bankalarda, ne ithal\u00e2t ihracatta T\u00fcrk&#8217;\u00fcn pay\u0131 olmayacakt\u0131. Do\u011fu&#8217;da Ermenistan kurulmu\u015f olacakt\u0131. Kapit\u00fclasyonlar y\u00fcr\u00fcrl\u00fckte kalacakt\u0131.Anadolu ve Trakya \u00e7ar\u015f\u0131lar\u0131 h\u0131ristiyan az\u0131nl\u0131klar\u0131n elinde bulunacakt\u0131. H\u0131ristiyan az\u0131nl\u0131klar\u0131n refah\u0131 durmadan artacak ve K\u00fcrde, \u00c7erkeze, \u015eiiye, S\u00fcnniye par\u00e7alanan toplumun yoksullu\u011fu gittik\u00e7e \u00e7o\u011falacakt\u0131.Bu \u00f6l\u00fcm h\u00fckm\u00fcnden kurtulman\u0131n tek \u00e7aresi Anadolu&#8217;da zaferi kazanmakt\u0131. Bu zafer de ancak bir taarruzla kazan\u0131labilirdi. H\u00fck\u00fcmet: &#8220;-Param yok!&#8221; diyordu. Ordunun ba\u015f\u0131nda bulunanlar taarruza kar\u015f\u0131 idiler. Meclis \u00e7o\u011funlu\u011fu ortalama bir bar\u0131\u015f pe\u015finde idi.\u0130\u015fte b\u00f6yle kara bir g\u00fcn\u00fcn kapkara bulutlar\u0131 i\u00e7inden bir \u015fim\u015fek \u00e7akt\u0131. Mustafa Kemal ordunun ba\u015f\u0131na ge\u00e7ti. Bir vuru\u015fta o sars\u0131lmaz san\u0131lan Yunan cephesini y\u0131kt\u0131.Bug\u00fcnk\u00fc T\u00fcrkiye ve T\u00fcrkl\u00fck y\u00fczde y\u00fcz o g\u00fcnk\u00fc zaferin eseridir.<\/p>\n","protected":false},"excerpt":{"rendered":"<p>30 A\u011fustos g\u00fcn\u00fc 16 daireli bir apartman\u0131n \u00f6n\u00fcnden ge\u00e7iyordum. Bakt\u0131m: Tek balkonda bir k\u00fc\u00e7\u00fck bayrak: &#8220;-Zaferi unutmu\u015fuz,&#8221; dedim. Bayramlar\u0131n bir resm\u00ee y\u00f6n\u00fc var. Asker ge\u00e7er, top,<span class=\"excerpt-hellip\"> [\u2026]<\/span><\/p>\n","protected":false},"featured_media":0,"template":"","meta":{"_monsterinsights_skip_tracking":false,"_monsterinsights_sitenote_active":false,"_monsterinsights_sitenote_note":"","_monsterinsights_sitenote_category":0},"product_brand":[],"product_cat":[12530,12304],"product_tag":[],"class_list":{"0":"post-719757","1":"product","2":"type-product","3":"status-publish","5":"product_cat-mustafa-kemal-ataturk","6":"product_cat-tarih","7":"pa_cilt-ciltsiz","8":"pa_tur-kitap","9":"pa_yayinevi-pozitif-yayinlari","10":"pa_yazar-falih-rifki-atay","12":"first","13":"instock","14":"sale","15":"shipping-taxable","16":"purchasable","17":"product-type-simple"},"_links":{"self":[{"href":"https:\/\/roveyayinevi.com.tr\/index.php\/wp-json\/wp\/v2\/product\/719757","targetHints":{"allow":["GET"]}}],"collection":[{"href":"https:\/\/roveyayinevi.com.tr\/index.php\/wp-json\/wp\/v2\/product"}],"about":[{"href":"https:\/\/roveyayinevi.com.tr\/index.php\/wp-json\/wp\/v2\/types\/product"}],"wp:attachment":[{"href":"https:\/\/roveyayinevi.com.tr\/index.php\/wp-json\/wp\/v2\/media?parent=719757"}],"wp:term":[{"taxonomy":"product_brand","embeddable":true,"href":"https:\/\/roveyayinevi.com.tr\/index.php\/wp-json\/wp\/v2\/product_brand?post=719757"},{"taxonomy":"product_cat","embeddable":true,"href":"https:\/\/roveyayinevi.com.tr\/index.php\/wp-json\/wp\/v2\/product_cat?post=719757"},{"taxonomy":"product_tag","embeddable":true,"href":"https:\/\/roveyayinevi.com.tr\/index.php\/wp-json\/wp\/v2\/product_tag?post=719757"}],"curies":[{"name":"wp","href":"https:\/\/api.w.org\/{rel}","templated":true}]}}