{"id":719756,"date":"2025-08-27T18:26:18","date_gmt":"2025-08-27T15:26:18","guid":{"rendered":"https:\/\/roveyayinevi.com.tr\/index.php\/urun\/bebegin-kucakta-tasinmasi-neden-onemlidir\/"},"modified":"2026-04-16T02:27:53","modified_gmt":"2026-04-15T23:27:53","slug":"bebegin-kucakta-tasinmasi-neden-onemlidir","status":"publish","type":"product","link":"https:\/\/roveyayinevi.com.tr\/index.php\/urun\/bebegin-kucakta-tasinmasi-neden-onemlidir\/","title":{"rendered":"Bebe\u011fin Kucakta Ta\u015f\u0131nmas\u0131 Neden \u00d6nemlidir?"},"content":{"rendered":"<p>Bebe\u011fin sevgiyle ve \u015fefkatle kucaklanarak, ten temas\u0131yla bir yerden bir yere ta\u015f\u0131nmas\u0131n\u0131n \u00f6neminin ne kadar fark\u0131ndas\u0131n\u0131z? Bebekle ebeveynleri ve yak\u0131nlar\u0131 aras\u0131ndaki bu ili\u015fkinin san\u0131ld\u0131\u011f\u0131ndan \u00e7ok daha \u00f6nemli ve bebe\u011fin ruh sa\u011fl\u0131\u011f\u0131 \u00fczerinde etkili oldu\u011fu giderek daha \u00e7ok anla\u015f\u0131l\u0131yor. \u00d6yle ki, bu ili\u015fki bi\u00e7imi i\u00e7in yeni bir kavram bile \u00fcretildi: Bebe\u011fi giymek. Yani bebe\u011fi g\u00f6\u011f\u00fcse yak\u0131n ta\u015f\u0131mak, b\u00f6ylece ten temas\u0131 sa\u011flayarak ona g\u00fcvende oldu\u011funu ve sevildi\u011fini hissettirmek. \u00d6zellikle annenin teniyle temas\u0131n bebe\u011fin nab\u0131z ve solunum de\u011ferlerinin dengelenmesine, v\u00fccut \u0131s\u0131s\u0131n\u0131n d\u00fczenlenmesine yard\u0131mc\u0131 oldu\u011fu bilinmektedir.Bebekler al\u0131\u015f\u0131k olduklar\u0131 gibi annenin nabz\u0131n\u0131n bo\u011fuk sesini ve d\u00fczenli nefes al\u0131\u015f veri\u015flerini duyar, kendilerini g\u00fcvende hisseder.Bu kitap bebe\u011finize daha farkl\u0131 duygu ve d\u00fc\u015f\u00fcncelerle sar\u0131lman\u0131z\u0131 ve onu \u201cgiymenizi\u201d sa\u011flarken sonu\u00e7ta daha mutlu bir bebe\u011finiz olacakt\u0131r. Tabii siz de daha mutlu anne ve baba&#8230;<\/p>\n","protected":false},"excerpt":{"rendered":"<p>Bebe\u011fin sevgiyle ve \u015fefkatle kucaklanarak, ten temas\u0131yla bir yerden bir yere ta\u015f\u0131nmas\u0131n\u0131n \u00f6neminin ne kadar fark\u0131ndas\u0131n\u0131z? Bebekle ebeveynleri ve yak\u0131nlar\u0131 aras\u0131ndaki bu ili\u015fkinin san\u0131ld\u0131\u011f\u0131ndan \u00e7ok daha<span class=\"excerpt-hellip\"> [\u2026]<\/span><\/p>\n","protected":false},"featured_media":0,"template":"","meta":{"_monsterinsights_skip_tracking":false,"_monsterinsights_sitenote_active":false,"_monsterinsights_sitenote_note":"","_monsterinsights_sitenote_category":0},"product_brand":[],"product_cat":[17996,12364],"product_tag":[],"class_list":{"0":"post-719756","1":"product","2":"type-product","3":"status-publish","5":"product_cat-ebeveyn-kitaplari","6":"product_cat-genel-konular","7":"pa_cilt-ciltsiz","8":"pa_tur-kitap","9":"pa_yayinevi-kuraldisi-yayinevi","10":"pa_yazar-rosie-knowles","12":"first","13":"instock","14":"sale","15":"shipping-taxable","16":"purchasable","17":"product-type-simple"},"_links":{"self":[{"href":"https:\/\/roveyayinevi.com.tr\/index.php\/wp-json\/wp\/v2\/product\/719756","targetHints":{"allow":["GET"]}}],"collection":[{"href":"https:\/\/roveyayinevi.com.tr\/index.php\/wp-json\/wp\/v2\/product"}],"about":[{"href":"https:\/\/roveyayinevi.com.tr\/index.php\/wp-json\/wp\/v2\/types\/product"}],"wp:attachment":[{"href":"https:\/\/roveyayinevi.com.tr\/index.php\/wp-json\/wp\/v2\/media?parent=719756"}],"wp:term":[{"taxonomy":"product_brand","embeddable":true,"href":"https:\/\/roveyayinevi.com.tr\/index.php\/wp-json\/wp\/v2\/product_brand?post=719756"},{"taxonomy":"product_cat","embeddable":true,"href":"https:\/\/roveyayinevi.com.tr\/index.php\/wp-json\/wp\/v2\/product_cat?post=719756"},{"taxonomy":"product_tag","embeddable":true,"href":"https:\/\/roveyayinevi.com.tr\/index.php\/wp-json\/wp\/v2\/product_tag?post=719756"}],"curies":[{"name":"wp","href":"https:\/\/api.w.org\/{rel}","templated":true}]}}