{"id":719753,"date":"2025-08-27T18:26:16","date_gmt":"2025-08-27T15:26:16","guid":{"rendered":"https:\/\/roveyayinevi.com.tr\/index.php\/urun\/turkiye-turkcesi-iii-sozcuk-turleri\/"},"modified":"2026-04-16T02:27:53","modified_gmt":"2026-04-15T23:27:53","slug":"turkiye-turkcesi-iii-sozcuk-turleri","status":"publish","type":"product","link":"https:\/\/roveyayinevi.com.tr\/index.php\/urun\/turkiye-turkcesi-iii-sozcuk-turleri\/","title":{"rendered":"T\u00fcrkiye T\u00fcrk\u00e7esi III S\u00f6zc\u00fck T\u00fcrleri"},"content":{"rendered":"<p>T\u00dcRK\u0130YE T\u00dcRK\u00c7ES\u0130 III S\u00d6ZC\u00dcK T\u00dcRLER\u0130 G\u0130R\u0130\u015e   1.      ADLAR 2.      EYLEMLER 3.      SIFATLAR 4.      BEL\u0130RTE\u00c7LER 5.      ADILLAR 6.      \u00dcNLEMLER 7.      \u0130LGE\u00c7LER 8.      BA\u011eLA\u00c7LAR   <\/p>\n","protected":false},"excerpt":{"rendered":"<p>T\u00dcRK\u0130YE T\u00dcRK\u00c7ES\u0130 III S\u00d6ZC\u00dcK T\u00dcRLER\u0130 G\u0130R\u0130\u015e 1. ADLAR 2. EYLEMLER 3. SIFATLAR 4. BEL\u0130RTE\u00c7LER 5. ADILLAR 6. \u00dcNLEMLER 7. \u0130LGE\u00c7LER 8. BA\u011eLA\u00c7LAR<\/p>\n","protected":false},"featured_media":0,"template":"","meta":{"_monsterinsights_skip_tracking":false,"_monsterinsights_sitenote_active":false,"_monsterinsights_sitenote_note":"","_monsterinsights_sitenote_category":0},"product_brand":[],"product_cat":[20225,12291],"product_tag":[],"class_list":{"0":"post-719753","1":"product","2":"type-product","3":"status-publish","5":"product_cat-dil-bilim","6":"product_cat-edebiyat","7":"pa_cilt-ciltsiz","8":"pa_tur-kitap","9":"pa_yayinevi-gazi-kitabevi","10":"pa_yazar-kolektif","12":"first","13":"instock","14":"sale","15":"shipping-taxable","16":"purchasable","17":"product-type-simple"},"_links":{"self":[{"href":"https:\/\/roveyayinevi.com.tr\/index.php\/wp-json\/wp\/v2\/product\/719753","targetHints":{"allow":["GET"]}}],"collection":[{"href":"https:\/\/roveyayinevi.com.tr\/index.php\/wp-json\/wp\/v2\/product"}],"about":[{"href":"https:\/\/roveyayinevi.com.tr\/index.php\/wp-json\/wp\/v2\/types\/product"}],"wp:attachment":[{"href":"https:\/\/roveyayinevi.com.tr\/index.php\/wp-json\/wp\/v2\/media?parent=719753"}],"wp:term":[{"taxonomy":"product_brand","embeddable":true,"href":"https:\/\/roveyayinevi.com.tr\/index.php\/wp-json\/wp\/v2\/product_brand?post=719753"},{"taxonomy":"product_cat","embeddable":true,"href":"https:\/\/roveyayinevi.com.tr\/index.php\/wp-json\/wp\/v2\/product_cat?post=719753"},{"taxonomy":"product_tag","embeddable":true,"href":"https:\/\/roveyayinevi.com.tr\/index.php\/wp-json\/wp\/v2\/product_tag?post=719753"}],"curies":[{"name":"wp","href":"https:\/\/api.w.org\/{rel}","templated":true}]}}