{"id":719749,"date":"2025-08-27T18:26:12","date_gmt":"2025-08-27T15:26:12","guid":{"rendered":"https:\/\/roveyayinevi.com.tr\/index.php\/urun\/bozkirdan-esen-yel\/"},"modified":"2026-03-12T02:36:51","modified_gmt":"2026-03-11T23:36:51","slug":"bozkirdan-esen-yel","status":"publish","type":"product","link":"https:\/\/roveyayinevi.com.tr\/index.php\/urun\/bozkirdan-esen-yel\/","title":{"rendered":"Bozk\u0131rdan Esen Yel"},"content":{"rendered":"<p>\u0130stikbalde \u00fcmit vaat eden gen\u00e7 bir \u015fairin kaleminden yeni bir yap\u0131t daha sizlerle bulu\u015fuyor.Kendine \u00f6zg\u00fc \u00fcslubuyla \u015fiirlerini kuran yazar\u0131m\u0131z , T\u00fcrk\u00e7emize yeni bir soluk getirmenin heyecan ve gururunu y\u00fcre\u011finde ta\u015f\u0131yor.Dize anlay\u0131\u015f\u0131 ve s\u00f6zc\u00fckleri kullan\u0131m\u0131 ile birlikte \u015fiirlerinin ihtiva etti\u011fi konular ile de di\u011fer gen\u00e7 \u015fairlerden kendisini ay\u0131ran bir\u00e7ok \u00f6zelli\u011fe sahip.\u015eiirlerinde anlat\u0131lan duygular bizleri kendi d\u00fcnyam\u0131za \u00e7eviren bir bak\u0131\u015f a\u00e7\u0131s\u0131 kazand\u0131r\u0131yor.\u015eiirin sadece okudum,s\u00f6yledim ve anlad\u0131m k\u0131sm\u0131n\u0131 vermenin \u00f6tesinde insan\u0131n kendi \u00fczerine derin bir d\u00fc\u015f\u00fcnme bilincini kazand\u0131rmas\u0131 ve zihinlerdeki karanl\u0131k noktalar\u0131 ayd\u0131nlatmas\u0131yla da bizlere yeni yeni ufuklar kazand\u0131r\u0131yor.Bunlar\u0131n yan\u0131nda \u015fiirlerindeki ahenk ve sesler ile yo\u011fun bir lirizm duygusu vererek g\u00f6nl\u00fcm\u00fczde solan g\u00fcllere ya\u011fmur damlalar\u0131n\u0131 d\u00fc\u015f\u00fcr\u00fcp g\u00fcllerin inki\u015faf etmesini sa\u011flad\u0131\u011f\u0131 gibi karamsarl\u0131k \u015fiirleriyle de g\u00f6nl\u00fcm\u00fcze ye\u011fnik kar tanelerini ya\u011fd\u0131rarak \u00e7i\u00e7eklerimizi soldurmaktad\u0131r.&#8221;Bozk\u0131rdan Esen Yel&#8221; \u015fiir kitab\u0131 bozk\u0131r\u0131n r\u00fczgar\u0131n\u0131 g\u00f6nl\u00fcn\u00fczde estiriyor.Bu g\u00f6n\u00fcl bah\u00e7esinde esen r\u00fczgarla baz\u0131 a\u011fa\u00e7lar yaprak d\u00f6kerken baz\u0131lar\u0131 da en g\u00fczel meyvelerini veriyor.<\/p>\n","protected":false},"excerpt":{"rendered":"<p>\u0130stikbalde \u00fcmit vaat eden gen\u00e7 bir \u015fairin kaleminden yeni bir yap\u0131t daha sizlerle bulu\u015fuyor.Kendine \u00f6zg\u00fc \u00fcslubuyla \u015fiirlerini kuran yazar\u0131m\u0131z , T\u00fcrk\u00e7emize yeni bir soluk getirmenin heyecan<span class=\"excerpt-hellip\"> [\u2026]<\/span><\/p>\n","protected":false},"featured_media":0,"template":"","meta":{"_monsterinsights_skip_tracking":false,"_monsterinsights_sitenote_active":false,"_monsterinsights_sitenote_note":"","_monsterinsights_sitenote_category":0},"product_brand":[],"product_cat":[12291,12509],"product_tag":[],"class_list":{"0":"post-719749","1":"product","2":"type-product","3":"status-publish","5":"product_cat-edebiyat","6":"product_cat-siir","7":"pa_cilt-ciltsiz","8":"pa_tur-kitap","9":"pa_yayinevi-kirmizi-cati-yayinlari","10":"pa_yazar-serhat-olcer","12":"first","13":"instock","14":"sale","15":"shipping-taxable","16":"purchasable","17":"product-type-simple"},"_links":{"self":[{"href":"https:\/\/roveyayinevi.com.tr\/index.php\/wp-json\/wp\/v2\/product\/719749","targetHints":{"allow":["GET"]}}],"collection":[{"href":"https:\/\/roveyayinevi.com.tr\/index.php\/wp-json\/wp\/v2\/product"}],"about":[{"href":"https:\/\/roveyayinevi.com.tr\/index.php\/wp-json\/wp\/v2\/types\/product"}],"wp:attachment":[{"href":"https:\/\/roveyayinevi.com.tr\/index.php\/wp-json\/wp\/v2\/media?parent=719749"}],"wp:term":[{"taxonomy":"product_brand","embeddable":true,"href":"https:\/\/roveyayinevi.com.tr\/index.php\/wp-json\/wp\/v2\/product_brand?post=719749"},{"taxonomy":"product_cat","embeddable":true,"href":"https:\/\/roveyayinevi.com.tr\/index.php\/wp-json\/wp\/v2\/product_cat?post=719749"},{"taxonomy":"product_tag","embeddable":true,"href":"https:\/\/roveyayinevi.com.tr\/index.php\/wp-json\/wp\/v2\/product_tag?post=719749"}],"curies":[{"name":"wp","href":"https:\/\/api.w.org\/{rel}","templated":true}]}}