{"id":719747,"date":"2025-08-27T18:26:11","date_gmt":"2025-08-27T15:26:11","guid":{"rendered":"https:\/\/roveyayinevi.com.tr\/index.php\/urun\/the-dad-lab-deneylerle-eglenceli-bilim\/"},"modified":"2026-04-16T02:27:52","modified_gmt":"2026-04-15T23:27:52","slug":"the-dad-lab-deneylerle-eglenceli-bilim","status":"publish","type":"product","link":"https:\/\/roveyayinevi.com.tr\/index.php\/urun\/the-dad-lab-deneylerle-eglenceli-bilim\/","title":{"rendered":"The Dad Lab Deneylerle E\u011flenceli Bilim"},"content":{"rendered":"<p>TheDadLab\u2019a Ho\u015fgeldiniz! Bu e\u011flenceli aile etkinli\u011fi kitab\u0131yla bilim, teknoloji, m\u00fchendislik ve matematik d\u00fcnyas\u0131na ad\u0131m at\u0131n.3 milyondan fazla hayran\u0131yla TheDadLab, \u00e7ocuklar\u0131n s\u0131kl\u0131kla kulland\u0131\u011f\u0131 \u2018s\u0131k\u0131ld\u0131m\u2019 kelimesi \u00fczerine, ailelerle birlikte yap\u0131labilecek h\u0131zl\u0131, e\u011flenceli ve kolay aktiviteleri bir araya getirerek onlar\u0131n s\u0131k\u0131lmayaca\u011f\u0131 bir kaynak olu\u015fturdu. Sergei Urban en pop\u00fcler deneylerini, \u00e7ocuklar\u0131yla birlikte yaparak herkesin kolayl\u0131kla uygulayabilece\u011fi bir kitap haline getirdi.Sergei, her yerde rahatl\u0131kla bulabilece\u011finiz malzemeleri kullanarak sadece \u00e7ocuklar i\u00e7in de\u011fil ayn\u0131 zamanda yeti\u015fkinler i\u00e7in de e\u011flenceli deneyler sunuyor. TheDadLab, STEM i\u00e7eren 40 farkl\u0131 pop\u00fcler deneyle, bilim ve sanat d\u00fcnyas\u0131nda merak edilen konular\u0131n \u2018nas\u0131l\u2019 ve \u2018ni\u00e7in\u2019 olu\u015ftu\u011funu k\u0131saca a\u00e7\u0131klayan herkesin yararlanabilece\u011fi yard\u0131mc\u0131 bir kaynakt\u0131r.<\/p>\n","protected":false},"excerpt":{"rendered":"<p>TheDadLab\u2019a Ho\u015fgeldiniz! Bu e\u011flenceli aile etkinli\u011fi kitab\u0131yla bilim, teknoloji, m\u00fchendislik ve matematik d\u00fcnyas\u0131na ad\u0131m at\u0131n.3 milyondan fazla hayran\u0131yla TheDadLab, \u00e7ocuklar\u0131n s\u0131kl\u0131kla kulland\u0131\u011f\u0131 \u2018s\u0131k\u0131ld\u0131m\u2019 kelimesi \u00fczerine, ailelerle<span class=\"excerpt-hellip\"> [\u2026]<\/span><\/p>\n","protected":false},"featured_media":0,"template":"","meta":{"_monsterinsights_skip_tracking":false,"_monsterinsights_sitenote_active":false,"_monsterinsights_sitenote_note":"","_monsterinsights_sitenote_category":0},"product_brand":[],"product_cat":[13829,12274],"product_tag":[],"class_list":{"0":"post-719747","1":"product","2":"type-product","3":"status-publish","5":"product_cat-bilimsel-kitaplar","6":"product_cat-cocuk-ve-genclik-kitaplari","7":"pa_cilt-ciltsiz","8":"pa_tur-kitap","9":"pa_yayinevi-dikkat-atolyesi-yayinlari","10":"pa_yazar-sergei-urban","12":"first","13":"instock","14":"sale","15":"shipping-taxable","16":"purchasable","17":"product-type-simple"},"_links":{"self":[{"href":"https:\/\/roveyayinevi.com.tr\/index.php\/wp-json\/wp\/v2\/product\/719747","targetHints":{"allow":["GET"]}}],"collection":[{"href":"https:\/\/roveyayinevi.com.tr\/index.php\/wp-json\/wp\/v2\/product"}],"about":[{"href":"https:\/\/roveyayinevi.com.tr\/index.php\/wp-json\/wp\/v2\/types\/product"}],"wp:attachment":[{"href":"https:\/\/roveyayinevi.com.tr\/index.php\/wp-json\/wp\/v2\/media?parent=719747"}],"wp:term":[{"taxonomy":"product_brand","embeddable":true,"href":"https:\/\/roveyayinevi.com.tr\/index.php\/wp-json\/wp\/v2\/product_brand?post=719747"},{"taxonomy":"product_cat","embeddable":true,"href":"https:\/\/roveyayinevi.com.tr\/index.php\/wp-json\/wp\/v2\/product_cat?post=719747"},{"taxonomy":"product_tag","embeddable":true,"href":"https:\/\/roveyayinevi.com.tr\/index.php\/wp-json\/wp\/v2\/product_tag?post=719747"}],"curies":[{"name":"wp","href":"https:\/\/api.w.org\/{rel}","templated":true}]}}