{"id":719745,"date":"2025-08-27T18:26:09","date_gmt":"2025-08-27T15:26:09","guid":{"rendered":"https:\/\/roveyayinevi.com.tr\/index.php\/urun\/elmalari-nasil-toplarsin\/"},"modified":"2026-04-16T02:27:52","modified_gmt":"2026-04-15T23:27:52","slug":"elmalari-nasil-toplarsin","status":"publish","type":"product","link":"https:\/\/roveyayinevi.com.tr\/index.php\/urun\/elmalari-nasil-toplarsin\/","title":{"rendered":"Elmalar\u0131 Nas\u0131l Toplars\u0131n?"},"content":{"rendered":"<p>Usta yazarlardan payla\u015fmak \u00fczerine e\u011flenceli bir sessiz kitap!Ormanda bir elma a\u011fac\u0131 var. \u00dczeri k\u0131pk\u0131rm\u0131z\u0131 sulu sulu elmalarla dolu. Hayvanlar bu elmalar\u0131 toplamak istiyor, ama dallara nas\u0131l ula\u015facaklar?Usta yazarlar Ayt\u00fcl Akal ve Mavisel Yener\u2019in kurgulad\u0131\u011f\u0131 bu \u00f6yk\u00fc bir sessiz kitap. Neredeyse hi\u00e7 yaz\u0131 olmadan, resimlerle anlat\u0131lan sessiz kitaplarda okur, sayfalara bakarak \u00f6yk\u00fcy\u00fc hayal eder. Payla\u015fmak konulu bu macera Ece Zeber\u2019in ayr\u0131nt\u0131l\u0131 resimleriyle hayat buldu. Her okuyu\u015fta ba\u015fka bir detay yakalay\u0131p yepyeni bir \u00f6yk\u00fc anlatacaks\u0131n\u0131z.<\/p>\n","protected":false},"excerpt":{"rendered":"<p>Usta yazarlardan payla\u015fmak \u00fczerine e\u011flenceli bir sessiz kitap!Ormanda bir elma a\u011fac\u0131 var. \u00dczeri k\u0131pk\u0131rm\u0131z\u0131 sulu sulu elmalarla dolu. Hayvanlar bu elmalar\u0131 toplamak istiyor, ama dallara nas\u0131l<span class=\"excerpt-hellip\"> [\u2026]<\/span><\/p>\n","protected":false},"featured_media":0,"template":"","meta":{"_monsterinsights_skip_tracking":false,"_monsterinsights_sitenote_active":false,"_monsterinsights_sitenote_note":"","_monsterinsights_sitenote_category":0},"product_brand":[],"product_cat":[12274,12284],"product_tag":[],"class_list":{"0":"post-719745","1":"product","2":"type-product","3":"status-publish","5":"product_cat-cocuk-ve-genclik-kitaplari","6":"product_cat-hikayeler","7":"pa_cilt-ciltsiz","8":"pa_tur-kitap","9":"pa_yayinevi-redhouse-kidz-yayinlari","10":"pa_yazar-mavisel-yener-aytul-akal","12":"first","13":"instock","14":"sale","15":"shipping-taxable","16":"purchasable","17":"product-type-simple"},"_links":{"self":[{"href":"https:\/\/roveyayinevi.com.tr\/index.php\/wp-json\/wp\/v2\/product\/719745","targetHints":{"allow":["GET"]}}],"collection":[{"href":"https:\/\/roveyayinevi.com.tr\/index.php\/wp-json\/wp\/v2\/product"}],"about":[{"href":"https:\/\/roveyayinevi.com.tr\/index.php\/wp-json\/wp\/v2\/types\/product"}],"wp:attachment":[{"href":"https:\/\/roveyayinevi.com.tr\/index.php\/wp-json\/wp\/v2\/media?parent=719745"}],"wp:term":[{"taxonomy":"product_brand","embeddable":true,"href":"https:\/\/roveyayinevi.com.tr\/index.php\/wp-json\/wp\/v2\/product_brand?post=719745"},{"taxonomy":"product_cat","embeddable":true,"href":"https:\/\/roveyayinevi.com.tr\/index.php\/wp-json\/wp\/v2\/product_cat?post=719745"},{"taxonomy":"product_tag","embeddable":true,"href":"https:\/\/roveyayinevi.com.tr\/index.php\/wp-json\/wp\/v2\/product_tag?post=719745"}],"curies":[{"name":"wp","href":"https:\/\/api.w.org\/{rel}","templated":true}]}}