{"id":719742,"date":"2025-08-27T18:26:07","date_gmt":"2025-08-27T15:26:07","guid":{"rendered":"https:\/\/roveyayinevi.com.tr\/index.php\/urun\/cam-sato-6-safak-kulesi\/"},"modified":"2026-04-16T02:27:52","modified_gmt":"2026-04-15T23:27:52","slug":"cam-sato-6-safak-kulesi","status":"publish","type":"product","link":"https:\/\/roveyayinevi.com.tr\/index.php\/urun\/cam-sato-6-safak-kulesi\/","title":{"rendered":"Cam \u015eato 6 &#8211; \u015eafak Kulesi"},"content":{"rendered":"<p>\u015eanl\u0131 bir imparatorluk. . . Umutsuz bir aray\u0131\u015f. . .   \u015eimdi Aelin\u2019\u0131 takip etmeyi b\u0131rak\u0131p, Chaol\u2019un ard\u0131ndan gidelim.Kral Eli Chaol ve Nesryn, Erilea\u2019y\u0131 kurtarmak i\u00e7in, son umutlar\u0131na do\u011fru, tekerlek seslerinin azab\u0131yla, yola \u00e7\u0131kt\u0131lar. G\u00fcney K\u0131tas\u0131\u2019n\u0131n Ka\u011fan\u2019\u0131n\u0131n devasa ordusuna ihtiya\u00e7lar\u0131 var. I\u015f\u0131lt\u0131l\u0131 kent Antica onlar\u0131 bekliyor. Burada sadece Erilea i\u00e7in de\u011fil kendileri i\u00e7in de \u015fifa arayacaklar ve ke\u015ffettikleriyle ba\u015f etmekte \u00e7ok zorlanacaklar. Zorlu ge\u00e7en \u00e7ocukluk y\u0131llar\u0131n\u0131n ard\u0131ndan Yrene onlara yard\u0131m edebilecek mi?   Cam \u015eato, Karanl\u0131k Ta\u00e7, Ate\u015fin V\u00e2risi, G\u00f6lgeler Krali\u00e7esi ve F\u0131rt\u0131nalar \u0130mparatorlu\u011fu\u2019nun ard\u0131ndan \u015eafak Kulesi ile efsaneye bamba\u015fka bir yerden bak\u0131yor ve hayrete d\u00fc\u015f\u00fcyorsunuz.   \u201cEpik fantastik romanlar\u0131 ve peri masallar\u0131n\u0131 sevenler mutlaka okumal\u0131.\u201d USA Today <\/p>\n","protected":false},"excerpt":{"rendered":"<p>\u015eanl\u0131 bir imparatorluk. . . Umutsuz bir aray\u0131\u015f. . . \u015eimdi Aelin\u2019\u0131 takip etmeyi b\u0131rak\u0131p, Chaol\u2019un ard\u0131ndan gidelim.Kral Eli Chaol ve Nesryn, Erilea\u2019y\u0131 kurtarmak i\u00e7in, son<span class=\"excerpt-hellip\"> [\u2026]<\/span><\/p>\n","protected":false},"featured_media":0,"template":"","meta":{"_monsterinsights_skip_tracking":false,"_monsterinsights_sitenote_active":false,"_monsterinsights_sitenote_note":"","_monsterinsights_sitenote_category":0},"product_brand":[],"product_cat":[12291,14777],"product_tag":[],"class_list":{"0":"post-719742","1":"product","2":"type-product","3":"status-publish","5":"product_cat-edebiyat","6":"product_cat-fantastik","7":"pa_cilt-ciltsiz","8":"pa_tur-kitap","9":"pa_yayinevi-dex-yayinevi","10":"pa_yazar-sarah-j-maas","12":"first","13":"instock","14":"sale","15":"shipping-taxable","16":"purchasable","17":"product-type-simple"},"_links":{"self":[{"href":"https:\/\/roveyayinevi.com.tr\/index.php\/wp-json\/wp\/v2\/product\/719742","targetHints":{"allow":["GET"]}}],"collection":[{"href":"https:\/\/roveyayinevi.com.tr\/index.php\/wp-json\/wp\/v2\/product"}],"about":[{"href":"https:\/\/roveyayinevi.com.tr\/index.php\/wp-json\/wp\/v2\/types\/product"}],"wp:attachment":[{"href":"https:\/\/roveyayinevi.com.tr\/index.php\/wp-json\/wp\/v2\/media?parent=719742"}],"wp:term":[{"taxonomy":"product_brand","embeddable":true,"href":"https:\/\/roveyayinevi.com.tr\/index.php\/wp-json\/wp\/v2\/product_brand?post=719742"},{"taxonomy":"product_cat","embeddable":true,"href":"https:\/\/roveyayinevi.com.tr\/index.php\/wp-json\/wp\/v2\/product_cat?post=719742"},{"taxonomy":"product_tag","embeddable":true,"href":"https:\/\/roveyayinevi.com.tr\/index.php\/wp-json\/wp\/v2\/product_tag?post=719742"}],"curies":[{"name":"wp","href":"https:\/\/api.w.org\/{rel}","templated":true}]}}