{"id":719738,"date":"2025-08-27T18:26:04","date_gmt":"2025-08-27T15:26:04","guid":{"rendered":"https:\/\/roveyayinevi.com.tr\/index.php\/urun\/uykusuzlugun-sarkisi\/"},"modified":"2026-04-16T02:27:52","modified_gmt":"2026-04-15T23:27:52","slug":"uykusuzlugun-sarkisi","status":"publish","type":"product","link":"https:\/\/roveyayinevi.com.tr\/index.php\/urun\/uykusuzlugun-sarkisi\/","title":{"rendered":"Uykusuzlu\u011fun \u015eark\u0131s\u0131"},"content":{"rendered":"<p>Ya uykusuzlu\u011fun bize kazand\u0131rd\u0131\u011f\u0131 \u015feyler varsa?   Marina Benjamin, esrarengiz ama somut sorunlar\u0131m\u0131zdan biri olan uykusuzlu\u011fu edebiyattan mitolojiye, bilimden felsefeye, psikolojiden pop\u00fcler k\u00fclt\u00fcre uzanan bir yelpazede ele al\u0131yor. Kendisi de uykusuzluktan muzdarip olan yazar, bu soruna \u00e7are aramaktan ziyade onu anlamaya, tan\u0131maya \u00e7al\u0131\u015f\u0131p s\u0131rad\u0131\u015f\u0131 bir yorum kat\u0131yor. Sar\u0131 Duvar K\u00e2\u011f\u0131d\u0131\u2019yla tan\u0131d\u0131\u011f\u0131m\u0131z CharlottePerkins Gilman gibi yazarlar ile Odysseia\u2019dakiPenelope gibi kahramanlar\u0131n hik\u00e2yelerinden hareketle uykusuzlu\u011fu kad\u0131nlar\u0131n ba\u015fkald\u0131r\u0131s\u0131 ve yarat\u0131c\u0131l\u0131\u011f\u0131yla \u00f6zde\u015fle\u015ftiriyor. Karanl\u0131\u011f\u0131n derinliklerine, gecenin ruhuna do\u011fru ba\u015flayan bir yolculu\u011fun \u015fark\u0131s\u0131n\u0131 s\u00f6yl\u00fcyor Benjamin; uykusuzlar i\u00e7in\u2026 <\/p>\n","protected":false},"excerpt":{"rendered":"<p>Ya uykusuzlu\u011fun bize kazand\u0131rd\u0131\u011f\u0131 \u015feyler varsa? Marina Benjamin, esrarengiz ama somut sorunlar\u0131m\u0131zdan biri olan uykusuzlu\u011fu edebiyattan mitolojiye, bilimden felsefeye, psikolojiden pop\u00fcler k\u00fclt\u00fcre uzanan bir yelpazede ele<span class=\"excerpt-hellip\"> [\u2026]<\/span><\/p>\n","protected":false},"featured_media":0,"template":"","meta":{"_monsterinsights_skip_tracking":false,"_monsterinsights_sitenote_active":false,"_monsterinsights_sitenote_note":"","_monsterinsights_sitenote_category":0},"product_brand":[],"product_cat":[12777,12291],"product_tag":[],"class_list":{"0":"post-719738","1":"product","2":"type-product","3":"status-publish","5":"product_cat-deneme","6":"product_cat-edebiyat","7":"pa_cilt-ciltsiz","8":"pa_tur-kitap","9":"pa_yayinevi-cinar-yayinlari","10":"pa_yazar-marina-benjamin","12":"first","13":"instock","14":"sale","15":"shipping-taxable","16":"purchasable","17":"product-type-simple"},"_links":{"self":[{"href":"https:\/\/roveyayinevi.com.tr\/index.php\/wp-json\/wp\/v2\/product\/719738","targetHints":{"allow":["GET"]}}],"collection":[{"href":"https:\/\/roveyayinevi.com.tr\/index.php\/wp-json\/wp\/v2\/product"}],"about":[{"href":"https:\/\/roveyayinevi.com.tr\/index.php\/wp-json\/wp\/v2\/types\/product"}],"wp:attachment":[{"href":"https:\/\/roveyayinevi.com.tr\/index.php\/wp-json\/wp\/v2\/media?parent=719738"}],"wp:term":[{"taxonomy":"product_brand","embeddable":true,"href":"https:\/\/roveyayinevi.com.tr\/index.php\/wp-json\/wp\/v2\/product_brand?post=719738"},{"taxonomy":"product_cat","embeddable":true,"href":"https:\/\/roveyayinevi.com.tr\/index.php\/wp-json\/wp\/v2\/product_cat?post=719738"},{"taxonomy":"product_tag","embeddable":true,"href":"https:\/\/roveyayinevi.com.tr\/index.php\/wp-json\/wp\/v2\/product_tag?post=719738"}],"curies":[{"name":"wp","href":"https:\/\/api.w.org\/{rel}","templated":true}]}}