{"id":719737,"date":"2025-08-27T18:26:04","date_gmt":"2025-08-27T15:26:04","guid":{"rendered":"https:\/\/roveyayinevi.com.tr\/index.php\/urun\/turkiyedeki-mevduat-bankalarinin-finansal-etkinliklerinin-veri-zarflama-analizi-vza-ile-olculmesi-c5-0-ve-cart-algoritmasi-i\/"},"modified":"2026-04-16T02:27:52","modified_gmt":"2026-04-15T23:27:52","slug":"turkiyedeki-mevduat-bankalarinin-finansal-etkinliklerinin-veri-zarflama-analizi-vza-ile-olculmesi-c5-0-ve-cart-algoritmasi-i","status":"publish","type":"product","link":"https:\/\/roveyayinevi.com.tr\/index.php\/urun\/turkiyedeki-mevduat-bankalarinin-finansal-etkinliklerinin-veri-zarflama-analizi-vza-ile-olculmesi-c5-0-ve-cart-algoritmasi-i\/","title":{"rendered":"T\u00fcrkiye&#8217;deki Mevduat Bankalar\u0131n\u0131n Finansal Etkinliklerinin Veri Zarflama Analizi (VZA) \u0130le \u00d6l\u00e7\u00fclmesi, C5.0 ve Cart Algoritmas\u0131 \u0130"},"content":{"rendered":"<p>Bu kitab\u0131n veri madencili\u011fi, etkinlik ara\u015ft\u0131rmalar\u0131, finans alanlar\u0131nda \u00e7al\u0131\u015fan ara\u015ft\u0131rmac\u0131lar ve y\u00f6netim bili\u015fim sistemleri, end\u00fcstri m\u00fchendisli\u011fi, i\u015fletme b\u00f6l\u00fcmleri lisans \u00f6\u011frencileri i\u00e7in uygulama y\u00f6n\u00fc ile faydal\u0131 bir kaynak olabilece\u011fi d\u00fc\u015f\u00fcn\u00fclmektedir.    Kitab\u0131n i\u00e7eri\u011finde veri madencili\u011fi kavram ve teknikleri, etkinlik kavram\u0131, etkinlik hesaplama y\u00f6ntemleri (\u00f6zel olarak Veri Zarflama Analizi) ve literat\u00fcr incelemesinin yan\u0131 s\u0131ra banka finansal verileri ile ger\u00e7ekle\u015ftirilmi\u015f olan bir uygulama bulunmaktad\u0131r. Uygulama, karar a\u011fac\u0131 olu\u015fturmak ve sonu\u00e7lar\u0131n\u0131 sunmak konular\u0131nda detayland\u0131r\u0131lm\u0131\u015ft\u0131r. Uygulama \u00e7al\u0131\u015fmas\u0131nda SPSS Statistics, SPSS Clementine (SPSS Modeler olarak da an\u0131l\u0131r) ve Frontier Analyst yaz\u0131l\u0131mlar\u0131 kullan\u0131lm\u0131\u015ft\u0131r.   <\/p>\n","protected":false},"excerpt":{"rendered":"<p>Bu kitab\u0131n veri madencili\u011fi, etkinlik ara\u015ft\u0131rmalar\u0131, finans alanlar\u0131nda \u00e7al\u0131\u015fan ara\u015ft\u0131rmac\u0131lar ve y\u00f6netim bili\u015fim sistemleri, end\u00fcstri m\u00fchendisli\u011fi, i\u015fletme b\u00f6l\u00fcmleri lisans \u00f6\u011frencileri i\u00e7in uygulama y\u00f6n\u00fc ile faydal\u0131 bir<span class=\"excerpt-hellip\"> [\u2026]<\/span><\/p>\n","protected":false},"featured_media":0,"template":"","meta":{"_monsterinsights_skip_tracking":false,"_monsterinsights_sitenote_active":false,"_monsterinsights_sitenote_note":"","_monsterinsights_sitenote_category":0},"product_brand":[],"product_cat":[17249,13043],"product_tag":[],"class_list":{"0":"post-719737","1":"product","2":"type-product","3":"status-publish","5":"product_cat-borsa-finans","6":"product_cat-ekonomi","7":"pa_cilt-ciltsiz","8":"pa_tur-kitap","9":"pa_yayinevi-gazi-kitabevi","10":"pa_yazar-kolektif","12":"first","13":"instock","14":"sale","15":"shipping-taxable","16":"purchasable","17":"product-type-simple"},"_links":{"self":[{"href":"https:\/\/roveyayinevi.com.tr\/index.php\/wp-json\/wp\/v2\/product\/719737","targetHints":{"allow":["GET"]}}],"collection":[{"href":"https:\/\/roveyayinevi.com.tr\/index.php\/wp-json\/wp\/v2\/product"}],"about":[{"href":"https:\/\/roveyayinevi.com.tr\/index.php\/wp-json\/wp\/v2\/types\/product"}],"wp:attachment":[{"href":"https:\/\/roveyayinevi.com.tr\/index.php\/wp-json\/wp\/v2\/media?parent=719737"}],"wp:term":[{"taxonomy":"product_brand","embeddable":true,"href":"https:\/\/roveyayinevi.com.tr\/index.php\/wp-json\/wp\/v2\/product_brand?post=719737"},{"taxonomy":"product_cat","embeddable":true,"href":"https:\/\/roveyayinevi.com.tr\/index.php\/wp-json\/wp\/v2\/product_cat?post=719737"},{"taxonomy":"product_tag","embeddable":true,"href":"https:\/\/roveyayinevi.com.tr\/index.php\/wp-json\/wp\/v2\/product_tag?post=719737"}],"curies":[{"name":"wp","href":"https:\/\/api.w.org\/{rel}","templated":true}]}}