{"id":719736,"date":"2025-08-27T18:26:03","date_gmt":"2025-08-27T15:26:03","guid":{"rendered":"https:\/\/roveyayinevi.com.tr\/index.php\/urun\/tarim-isletmeciligi\/"},"modified":"2026-04-16T02:27:52","modified_gmt":"2026-04-15T23:27:52","slug":"tarim-isletmeciligi","status":"publish","type":"product","link":"https:\/\/roveyayinevi.com.tr\/index.php\/urun\/tarim-isletmeciligi\/","title":{"rendered":"Tar\u0131m \u0130\u015fletmecili\u011fi"},"content":{"rendered":"<p>T\u00fcrkiye tar\u0131msal potansiyeli y\u00fcksek olan \u00fclkelerden biridir. Bununla birlikte \u00fclkede tar\u0131m sekt\u00f6r\u00fcne ili\u015fkin \u00f6nemli sorunlar da s\u00f6z konusudur. Bunlar\u0131n ba\u015f\u0131nda T\u00fcrkiye\u2019de tar\u0131msal faaliyetlerin daha \u00e7ok k\u00fc\u00e7\u00fck parsellerde ve \u00e7ift\u00e7i aileler taraf\u0131ndan ger\u00e7ekle\u015ftirilmesi gelmektedir. Dolay\u0131s\u0131yla T\u00fcrkiye\u2019de Tar\u0131msal faaliyetlere odaklanm\u0131\u015f i\u015fletmelerin say\u0131s\u0131 son derece azd\u0131r. Bu durum tar\u0131mda modern tekniklerin kullan\u0131lamamas\u0131, verimlilik art\u0131r\u0131c\u0131 y\u00f6ntemlerin uygulanamamas\u0131, do\u011fru planlamalar\u0131n yap\u0131lamamas\u0131 gibi bir\u00e7ok probleme neden olarak T\u00fcrkiye\u2019nin var olan tar\u0131m potansiyelinin tam olarak ortaya \u00e7\u0131kar\u0131labilmesinin \u00f6n\u00fcnde \u00f6nemli bir engel te\u015fkil etmektedir. Bu anlamda tar\u0131msal faaliyetlerde uzmanla\u015fm\u0131\u015f tar\u0131m i\u015fletmelerinin say\u0131lar\u0131n\u0131n artmas\u0131, tar\u0131m sekt\u00f6r\u00fcne bir\u00e7ok fayda sa\u011flayarak \u00fclkenin tar\u0131m potansiyelinden m\u00fcmk\u00fcn olan en y\u00fcksek seviyede faydalan\u0131labilmesi a\u00e7\u0131s\u0131ndan son derece b\u00fcy\u00fck \u00f6nem arz etmektedir. Bu noktadan hareketle bu kitapta ilgili t\u00fcm kesimlerin faydalanabilmesi ad\u0131na tar\u0131m i\u015fletmecili\u011fi farkl\u0131 y\u00f6nleriyle ele al\u0131narak de\u011ferlendirilmeye \u00e7al\u0131\u015f\u0131lm\u0131\u015ft\u0131r<\/p>\n","protected":false},"excerpt":{"rendered":"<p>T\u00fcrkiye tar\u0131msal potansiyeli y\u00fcksek olan \u00fclkelerden biridir. Bununla birlikte \u00fclkede tar\u0131m sekt\u00f6r\u00fcne ili\u015fkin \u00f6nemli sorunlar da s\u00f6z konusudur. Bunlar\u0131n ba\u015f\u0131nda T\u00fcrkiye\u2019de tar\u0131msal faaliyetlerin daha \u00e7ok k\u00fc\u00e7\u00fck<span class=\"excerpt-hellip\"> [\u2026]<\/span><\/p>\n","protected":false},"featured_media":0,"template":"","meta":{"_monsterinsights_skip_tracking":false,"_monsterinsights_sitenote_active":false,"_monsterinsights_sitenote_note":"","_monsterinsights_sitenote_category":0},"product_brand":[],"product_cat":[13043,14381],"product_tag":[],"class_list":{"0":"post-719736","1":"product","2":"type-product","3":"status-publish","5":"product_cat-ekonomi","6":"product_cat-isletme-muhasebe-maliye","7":"pa_cilt-ciltsiz","8":"pa_tur-kitap","9":"pa_yayinevi-gazi-kitabevi","10":"pa_yazar-kolektif","12":"first","13":"instock","14":"sale","15":"shipping-taxable","16":"purchasable","17":"product-type-simple"},"_links":{"self":[{"href":"https:\/\/roveyayinevi.com.tr\/index.php\/wp-json\/wp\/v2\/product\/719736","targetHints":{"allow":["GET"]}}],"collection":[{"href":"https:\/\/roveyayinevi.com.tr\/index.php\/wp-json\/wp\/v2\/product"}],"about":[{"href":"https:\/\/roveyayinevi.com.tr\/index.php\/wp-json\/wp\/v2\/types\/product"}],"wp:attachment":[{"href":"https:\/\/roveyayinevi.com.tr\/index.php\/wp-json\/wp\/v2\/media?parent=719736"}],"wp:term":[{"taxonomy":"product_brand","embeddable":true,"href":"https:\/\/roveyayinevi.com.tr\/index.php\/wp-json\/wp\/v2\/product_brand?post=719736"},{"taxonomy":"product_cat","embeddable":true,"href":"https:\/\/roveyayinevi.com.tr\/index.php\/wp-json\/wp\/v2\/product_cat?post=719736"},{"taxonomy":"product_tag","embeddable":true,"href":"https:\/\/roveyayinevi.com.tr\/index.php\/wp-json\/wp\/v2\/product_tag?post=719736"}],"curies":[{"name":"wp","href":"https:\/\/api.w.org\/{rel}","templated":true}]}}