{"id":719735,"date":"2025-08-27T18:26:02","date_gmt":"2025-08-27T15:26:02","guid":{"rendered":"https:\/\/roveyayinevi.com.tr\/index.php\/urun\/voleybolda-smac-tekniginin-vurus-yonlerine-gore-kinematik-analizi\/"},"modified":"2026-04-16T02:27:52","modified_gmt":"2026-04-15T23:27:52","slug":"voleybolda-smac-tekniginin-vurus-yonlerine-gore-kinematik-analizi","status":"publish","type":"product","link":"https:\/\/roveyayinevi.com.tr\/index.php\/urun\/voleybolda-smac-tekniginin-vurus-yonlerine-gore-kinematik-analizi\/","title":{"rendered":"Voleybolda Sma\u00e7 Tekni\u011finin Vuru\u015f Y\u00f6nlerine G\u00f6re Kinematik Analizi"},"content":{"rendered":"<p>1. G\u0130R\u0130\u015e   2. GENEL B\u0130LG\u0130LER 2.1. Voleybol ve Oyun Yap\u0131s\u0131 2.2. Voleybolda Sma\u00e7 Tekni\u011fi ve \u00d6nemi 2.2.1. Voleybolda sma\u00e7 tekni\u011fi 2.2.2. Voleybol sma\u00e7 vuru\u015funun oyundaki \u00f6nemi 2.2.3. Voleybolda sma\u00e7 tekni\u011finin safhalar\u0131 2.3. Spor Biyomekani\u011fi 2.3.1. Mekanik 2.3.2. Kinematik 2.3.3. Hareket analizi 2.4. Voleybolda Sma\u00e7 Vuru\u015funun Biyomekani\u011fi ve Yap\u0131lan Ara\u015ft\u0131rmalar   3. Y\u00d6NTEM 3.1. Ara\u015ft\u0131rma Grubu 3.2. \u00c7al\u0131\u015fma Protokol\u00fc 3.3. Veri Toplama ve \u0130\u015fleme 3.4. De\u011fi\u015fkenler 3.4.1. Ba\u015far\u0131 y\u00fczdeleri 3.4.2. Safha s\u00fcreleri 3.4.3. Baz\u0131 performans ve kinematik verileri 3.4.4. Eklem fleksiyon aral\u0131\u011f\u0131 ve rotasyon a\u00e7\u0131s\u0131 3.4.5. Yere inmede tercih edilen ayak   4. BULGULAR 5. TARTI\u015eMA 6. SONU\u00c7 VE \u00d6NER\u0130LER <\/p>\n","protected":false},"excerpt":{"rendered":"<p>1. G\u0130R\u0130\u015e 2. GENEL B\u0130LG\u0130LER 2.1. Voleybol ve Oyun Yap\u0131s\u0131 2.2. Voleybolda Sma\u00e7 Tekni\u011fi ve \u00d6nemi 2.2.1. Voleybolda sma\u00e7 tekni\u011fi 2.2.2. Voleybol sma\u00e7 vuru\u015funun oyundaki \u00f6nemi<span class=\"excerpt-hellip\"> [\u2026]<\/span><\/p>\n","protected":false},"featured_media":0,"template":"","meta":{"_monsterinsights_skip_tracking":false,"_monsterinsights_sitenote_active":false,"_monsterinsights_sitenote_note":"","_monsterinsights_sitenote_category":0},"product_brand":[],"product_cat":[13005,37328],"product_tag":[],"class_list":{"0":"post-719735","1":"product","2":"type-product","3":"status-publish","5":"product_cat-bilim-muhendislik","6":"product_cat-diger-bilim-muhendislik","7":"pa_cilt-ciltsiz","8":"pa_tur-kitap","9":"pa_yayinevi-gazi-kitabevi","10":"pa_yazar-elif-oz","12":"first","13":"instock","14":"sale","15":"shipping-taxable","16":"purchasable","17":"product-type-simple"},"_links":{"self":[{"href":"https:\/\/roveyayinevi.com.tr\/index.php\/wp-json\/wp\/v2\/product\/719735","targetHints":{"allow":["GET"]}}],"collection":[{"href":"https:\/\/roveyayinevi.com.tr\/index.php\/wp-json\/wp\/v2\/product"}],"about":[{"href":"https:\/\/roveyayinevi.com.tr\/index.php\/wp-json\/wp\/v2\/types\/product"}],"wp:attachment":[{"href":"https:\/\/roveyayinevi.com.tr\/index.php\/wp-json\/wp\/v2\/media?parent=719735"}],"wp:term":[{"taxonomy":"product_brand","embeddable":true,"href":"https:\/\/roveyayinevi.com.tr\/index.php\/wp-json\/wp\/v2\/product_brand?post=719735"},{"taxonomy":"product_cat","embeddable":true,"href":"https:\/\/roveyayinevi.com.tr\/index.php\/wp-json\/wp\/v2\/product_cat?post=719735"},{"taxonomy":"product_tag","embeddable":true,"href":"https:\/\/roveyayinevi.com.tr\/index.php\/wp-json\/wp\/v2\/product_tag?post=719735"}],"curies":[{"name":"wp","href":"https:\/\/api.w.org\/{rel}","templated":true}]}}