{"id":719734,"date":"2025-08-27T18:26:02","date_gmt":"2025-08-27T15:26:02","guid":{"rendered":"https:\/\/roveyayinevi.com.tr\/index.php\/urun\/konya-eyaleti-larende-kazasi-ibrala-karyesi-temettuat-defteri-1845\/"},"modified":"2026-04-16T02:27:52","modified_gmt":"2026-04-15T23:27:52","slug":"konya-eyaleti-larende-kazasi-ibrala-karyesi-temettuat-defteri-1845","status":"publish","type":"product","link":"https:\/\/roveyayinevi.com.tr\/index.php\/urun\/konya-eyaleti-larende-kazasi-ibrala-karyesi-temettuat-defteri-1845\/","title":{"rendered":"Konya Eyaleti Larende Kazas\u0131 \u0130brala Karyesi Temettuat Defteri 1845"},"content":{"rendered":"<p>I.                    Hac\u0131 Bayram Mahallesi II.                  Hac\u0131 Ey\u00fcb Mahallesi III.               Hac\u0131 \u0130lyas Mescid-i \u015eerif Mahallesi IV.                Cami Kenisa Mahallesi V.                  Ali Fak\u0131 Mahallesi Sonu\u00e7 ve Genel De\u011ferlendirme   <\/p>\n","protected":false},"excerpt":{"rendered":"<p>I. Hac\u0131 Bayram Mahallesi II. Hac\u0131 Ey\u00fcb Mahallesi III. Hac\u0131 \u0130lyas Mescid-i \u015eerif Mahallesi IV. Cami Kenisa Mahallesi V. Ali Fak\u0131 Mahallesi Sonu\u00e7 ve Genel De\u011ferlendirme<\/p>\n","protected":false},"featured_media":0,"template":"","meta":{"_monsterinsights_skip_tracking":false,"_monsterinsights_sitenote_active":false,"_monsterinsights_sitenote_note":"","_monsterinsights_sitenote_category":0},"product_brand":[],"product_cat":[20333,13043],"product_tag":[],"class_list":{"0":"post-719734","1":"product","2":"type-product","3":"status-publish","5":"product_cat-diger-ekonomi","6":"product_cat-ekonomi","7":"pa_cilt-ciltsiz","8":"pa_tur-kitap","9":"pa_yayinevi-gazi-kitabevi","10":"pa_yazar-sezgin-zabun","12":"first","13":"instock","14":"sale","15":"shipping-taxable","16":"purchasable","17":"product-type-simple"},"_links":{"self":[{"href":"https:\/\/roveyayinevi.com.tr\/index.php\/wp-json\/wp\/v2\/product\/719734","targetHints":{"allow":["GET"]}}],"collection":[{"href":"https:\/\/roveyayinevi.com.tr\/index.php\/wp-json\/wp\/v2\/product"}],"about":[{"href":"https:\/\/roveyayinevi.com.tr\/index.php\/wp-json\/wp\/v2\/types\/product"}],"wp:attachment":[{"href":"https:\/\/roveyayinevi.com.tr\/index.php\/wp-json\/wp\/v2\/media?parent=719734"}],"wp:term":[{"taxonomy":"product_brand","embeddable":true,"href":"https:\/\/roveyayinevi.com.tr\/index.php\/wp-json\/wp\/v2\/product_brand?post=719734"},{"taxonomy":"product_cat","embeddable":true,"href":"https:\/\/roveyayinevi.com.tr\/index.php\/wp-json\/wp\/v2\/product_cat?post=719734"},{"taxonomy":"product_tag","embeddable":true,"href":"https:\/\/roveyayinevi.com.tr\/index.php\/wp-json\/wp\/v2\/product_tag?post=719734"}],"curies":[{"name":"wp","href":"https:\/\/api.w.org\/{rel}","templated":true}]}}