{"id":719733,"date":"2025-08-27T18:26:01","date_gmt":"2025-08-27T15:26:01","guid":{"rendered":"https:\/\/roveyayinevi.com.tr\/index.php\/urun\/ordunun-kurumsal-sivil-kontrolu\/"},"modified":"2026-04-16T02:27:52","modified_gmt":"2026-04-15T23:27:52","slug":"ordunun-kurumsal-sivil-kontrolu","status":"publish","type":"product","link":"https:\/\/roveyayinevi.com.tr\/index.php\/urun\/ordunun-kurumsal-sivil-kontrolu\/","title":{"rendered":"Ordunun Kurumsal Sivil Kontrol\u00fc"},"content":{"rendered":"<p>Sivil-asker ili\u015fkileri her zaman \u00f6nemini korumu\u015f bir konudur. Savunma, siyaset, toplum ya\u015fam\u0131 ve ekonomi ba\u015fta olmak \u00fczere hemen her alan bu ili\u015fkiden etkilenmi\u015ftir ve konu hakk\u0131ndaki bilimsel \u00e7al\u0131\u015fmalar \u00f6nemli b\u00fcy\u00fckl\u00fckte bir literat\u00fcr ortaya \u00e7\u0131karm\u0131\u015ft\u0131r. Ger\u00e7ekten de, iyi sivil-asker ili\u015fkilerini tan\u0131mlamaya \u00e7al\u0131\u015fan \u00e7al\u0131\u015fmalar\u0131n say\u0131s\u0131 hayli kabar\u0131kt\u0131r. G\u00f6r\u00fclen odur ki sivil-asker ili\u015fkileri alan\u0131 Huntington, Janowitz, Finer ve Perlmutter\u2019in kavramlar\u0131ndan b\u00fcy\u00fck \u00f6l\u00e7\u00fcde etkilenmi\u015ftir. Elinizdeki kitapta uluslararas\u0131 literat\u00fcrde sivil-asker ili\u015fkileri konusunda verilmi\u015f temel eserler ve \u00f6nemli tart\u0131\u015fmalar etraf\u0131nda \u015fekillenen \u201ciyi sivil-asker ili\u015fkileri nas\u0131l olmal\u0131?\u201d sorusuna verilen cevaplar ele al\u0131nmaktad\u0131r. Ayr\u0131ca Amerika Birle\u015fik Devletleri, \u0130ngiltere, Fransa, \u00c7in Halk Cumhuriyeti, \u0130srail, Sovyetler Birli\u011fi ba\u015fta olmak \u00fczere eski kom\u00fcnist \u00fclkelerin bir b\u00f6l\u00fcm\u00fc ile So\u011fuk Sava\u015f sonras\u0131 ortaya \u00e7\u0131kan Orta ve Do\u011fu Avrupa\u2019n\u0131n yeni demokrasilerdeki sivil-asker ili\u015fkileri incelenmektedir. G\u00fcn\u00fcm\u00fczde bu \u00fclkelerde sivil kontrol pek \u00e7o\u011fundan iyi i\u015flemektedir ancak yine de sorunsuz de\u011fildir. Bu \u00fclkelerde bile sivil-asker ili\u015fkilerinde farkl\u0131 sorunlar ya\u015fanmas\u0131 \u015fu sonucu ortaya \u00e7\u0131karmaktad\u0131r: sivil kontrol\u00fcn sa\u011flanmas\u0131nda yasal d\u00fczenlemeler ve kurumsalla\u015fma \u00e7ok \u00f6nemlidir, ancak demokratik gelenekler, toplumun alg\u0131lamalar\u0131 ve askeri ve sivil liderlerin ki\u015filikleri de etkili olmaktad\u0131r. Sonu\u00e7 olarak ordunun sivil kontrol\u00fc \u00e7ok boyutlu ve karma\u015f\u0131k bir konudur ve hem akademisyenler hem de politikac\u0131lar taraf\u0131ndan ciddiyetle ele al\u0131nmay\u0131 hak etmektedir<\/p>\n","protected":false},"excerpt":{"rendered":"<p>Sivil-asker ili\u015fkileri her zaman \u00f6nemini korumu\u015f bir konudur. Savunma, siyaset, toplum ya\u015fam\u0131 ve ekonomi ba\u015fta olmak \u00fczere hemen her alan bu ili\u015fkiden etkilenmi\u015ftir ve konu hakk\u0131ndaki<span class=\"excerpt-hellip\"> [\u2026]<\/span><\/p>\n","protected":false},"featured_media":0,"template":"","meta":{"_monsterinsights_skip_tracking":false,"_monsterinsights_sitenote_active":false,"_monsterinsights_sitenote_note":"","_monsterinsights_sitenote_category":0},"product_brand":[],"product_cat":[13059,12337],"product_tag":[],"class_list":{"0":"post-719733","1":"product","2":"type-product","3":"status-publish","5":"product_cat-diger-politika-siyaset","6":"product_cat-politika-siyaset","7":"pa_cilt-ciltsiz","8":"pa_tur-kitap","9":"pa_yayinevi-gazi-kitabevi","10":"pa_yazar-fatih-demir","12":"first","13":"instock","14":"sale","15":"shipping-taxable","16":"purchasable","17":"product-type-simple"},"_links":{"self":[{"href":"https:\/\/roveyayinevi.com.tr\/index.php\/wp-json\/wp\/v2\/product\/719733","targetHints":{"allow":["GET"]}}],"collection":[{"href":"https:\/\/roveyayinevi.com.tr\/index.php\/wp-json\/wp\/v2\/product"}],"about":[{"href":"https:\/\/roveyayinevi.com.tr\/index.php\/wp-json\/wp\/v2\/types\/product"}],"wp:attachment":[{"href":"https:\/\/roveyayinevi.com.tr\/index.php\/wp-json\/wp\/v2\/media?parent=719733"}],"wp:term":[{"taxonomy":"product_brand","embeddable":true,"href":"https:\/\/roveyayinevi.com.tr\/index.php\/wp-json\/wp\/v2\/product_brand?post=719733"},{"taxonomy":"product_cat","embeddable":true,"href":"https:\/\/roveyayinevi.com.tr\/index.php\/wp-json\/wp\/v2\/product_cat?post=719733"},{"taxonomy":"product_tag","embeddable":true,"href":"https:\/\/roveyayinevi.com.tr\/index.php\/wp-json\/wp\/v2\/product_tag?post=719733"}],"curies":[{"name":"wp","href":"https:\/\/api.w.org\/{rel}","templated":true}]}}