{"id":719732,"date":"2025-08-27T18:26:01","date_gmt":"2025-08-27T15:26:01","guid":{"rendered":"https:\/\/roveyayinevi.com.tr\/index.php\/urun\/isletme-egitimde-guncel-yaklasimlar\/"},"modified":"2026-04-16T02:27:52","modified_gmt":"2026-04-15T23:27:52","slug":"isletme-egitimde-guncel-yaklasimlar","status":"publish","type":"product","link":"https:\/\/roveyayinevi.com.tr\/index.php\/urun\/isletme-egitimde-guncel-yaklasimlar\/","title":{"rendered":"\u0130\u015fletme E\u011fitimde G\u00fcncel Yakla\u015f\u0131mlar"},"content":{"rendered":"<p>\u0130\u015fletmeler dinamik yap\u0131lar olarak s\u00fcrekli bir evrim s\u00fcreci i\u00e7erisindedir. I\u015fletmelerin s\u00fcreklili\u011fi, i\u00e7inde bulunduklar\u0131 ko\u015fullara adapte olabilme becerilerine ba\u011fl\u0131d\u0131r. \u0130\u015fletme e\u011fitiminin temel gayesi, i\u015fletmelerin ihtiyac\u0131 olan nitelikli insan kayna\u011f\u0131n\u0131 yeti\u015ftirmektir. \u0130\u015fletmeler a\u00e7\u0131s\u0131ndan bak\u0131ld\u0131\u011f\u0131nda be\u015feri kaynaklar en \u00f6nemli rekabet unsurudur. \u0130\u015fletmelerin ihtiya\u00e7 duydu\u011fu insan kayna\u011f\u0131 ile \u00fcniversitelerden mezun olan \u00f6\u011frencilerin nitelikleri aras\u0131ndaki farkl\u0131l\u0131k i\u015fletme e\u011fitiminin \u00f6nemli bir sorunudur. Bu kitapta i\u015fletme e\u011fitiminde g\u00fcncel tart\u0131\u015fmalara yer verilerek, muhtelif \u00f6neriler ile i\u015fletme e\u011fitimindeki beklenti farkl\u0131l\u0131klar\u0131n\u0131n ortadan kald\u0131r\u0131lmas\u0131    hedeflenmektedir. Kitapta muhasebe-finans,  denetim, y\u00f6netim-organizasyon ve say\u0131sal y\u00f6ntemler disiplinlerinde g\u00fcncel konular ele al\u0131narak mevcut i\u015fletme e\u011fitim programlar\u0131nda dikkate al\u0131nmas\u0131 gereken yeni yakla\u015f\u0131mlar tart\u0131\u015f\u0131lm\u0131\u015ft\u0131r. Kitapta ayr\u0131ca \u00fcniversite \u00f6\u011frencilerinin e\u011fitim faaliyetlerinde bili\u015fim teknolojilerinin kullan\u0131m\u0131 konusundaki fark\u0131ndal\u0131klar\u0131n\u0131 ve e\u011filimlerini ele alan bir \u00e7al\u0131\u015fman\u0131n sonu\u00e7lar\u0131na da yer verilmi\u015ftir<\/p>\n","protected":false},"excerpt":{"rendered":"<p>\u0130\u015fletmeler dinamik yap\u0131lar olarak s\u00fcrekli bir evrim s\u00fcreci i\u00e7erisindedir. I\u015fletmelerin s\u00fcreklili\u011fi, i\u00e7inde bulunduklar\u0131 ko\u015fullara adapte olabilme becerilerine ba\u011fl\u0131d\u0131r. \u0130\u015fletme e\u011fitiminin temel gayesi, i\u015fletmelerin ihtiyac\u0131 olan nitelikli<span class=\"excerpt-hellip\"> [\u2026]<\/span><\/p>\n","protected":false},"featured_media":0,"template":"","meta":{"_monsterinsights_skip_tracking":false,"_monsterinsights_sitenote_active":false,"_monsterinsights_sitenote_note":"","_monsterinsights_sitenote_category":0},"product_brand":[],"product_cat":[13043,14381],"product_tag":[],"class_list":{"0":"post-719732","1":"product","2":"type-product","3":"status-publish","5":"product_cat-ekonomi","6":"product_cat-isletme-muhasebe-maliye","7":"pa_cilt-ciltsiz","8":"pa_tur-kitap","9":"pa_yayinevi-gazi-kitabevi","10":"pa_yazar-kolektif","12":"first","13":"instock","14":"sale","15":"shipping-taxable","16":"purchasable","17":"product-type-simple"},"_links":{"self":[{"href":"https:\/\/roveyayinevi.com.tr\/index.php\/wp-json\/wp\/v2\/product\/719732","targetHints":{"allow":["GET"]}}],"collection":[{"href":"https:\/\/roveyayinevi.com.tr\/index.php\/wp-json\/wp\/v2\/product"}],"about":[{"href":"https:\/\/roveyayinevi.com.tr\/index.php\/wp-json\/wp\/v2\/types\/product"}],"wp:attachment":[{"href":"https:\/\/roveyayinevi.com.tr\/index.php\/wp-json\/wp\/v2\/media?parent=719732"}],"wp:term":[{"taxonomy":"product_brand","embeddable":true,"href":"https:\/\/roveyayinevi.com.tr\/index.php\/wp-json\/wp\/v2\/product_brand?post=719732"},{"taxonomy":"product_cat","embeddable":true,"href":"https:\/\/roveyayinevi.com.tr\/index.php\/wp-json\/wp\/v2\/product_cat?post=719732"},{"taxonomy":"product_tag","embeddable":true,"href":"https:\/\/roveyayinevi.com.tr\/index.php\/wp-json\/wp\/v2\/product_tag?post=719732"}],"curies":[{"name":"wp","href":"https:\/\/api.w.org\/{rel}","templated":true}]}}