{"id":719731,"date":"2025-08-27T18:26:00","date_gmt":"2025-08-27T15:26:00","guid":{"rendered":"https:\/\/roveyayinevi.com.tr\/index.php\/urun\/yeni-baslayanlar-icin-badminton-el-kitabi\/"},"modified":"2026-04-16T02:27:52","modified_gmt":"2026-04-15T23:27:52","slug":"yeni-baslayanlar-icin-badminton-el-kitabi","status":"publish","type":"product","link":"https:\/\/roveyayinevi.com.tr\/index.php\/urun\/yeni-baslayanlar-icin-badminton-el-kitabi\/","title":{"rendered":"Yeni Ba\u015flayanlar \u0130\u00e7in Badminton El Kitab\u0131"},"content":{"rendered":"<p>\u0130\u00c7\u0130NDEK\u0130LER   1. B\u00d6L\u00dcM BADM\u0130NTON   2. B\u00d6L\u00dcM BADM\u0130NTONUN TAR\u0130H\u00c7ES\u0130   3. B\u00d6L\u00dcM BADM\u0130NTONDA EK\u0130PMAN   4. B\u00d6L\u00dcM BADM\u0130NTON OYUN KURALLARI 5. B\u00d6L\u00dcM BADM\u0130NTONDA TEMEL TEKN\u0130KLER   6. B\u00d6L\u00dcM BADM\u0130NTONDA TAKT\u0130K   7. B\u00d6L\u00dcM BADM\u0130NTONDA ISINMA   8. B\u00d6L\u00dcM BA\u015eLANGI\u00c7 SEV\u0130YES\u0130 \u0130\u00c7\u0130N TEKN\u0130K GEL\u0130\u015eT\u0130R\u0130C\u0130 TEMEL ALI\u015eTIRMALAR <\/p>\n","protected":false},"excerpt":{"rendered":"<p>\u0130\u00c7\u0130NDEK\u0130LER 1. B\u00d6L\u00dcM BADM\u0130NTON 2. B\u00d6L\u00dcM BADM\u0130NTONUN TAR\u0130H\u00c7ES\u0130 3. B\u00d6L\u00dcM BADM\u0130NTONDA EK\u0130PMAN 4. B\u00d6L\u00dcM BADM\u0130NTON OYUN KURALLARI 5. B\u00d6L\u00dcM BADM\u0130NTONDA TEMEL TEKN\u0130KLER 6. B\u00d6L\u00dcM BADM\u0130NTONDA TAKT\u0130K<span class=\"excerpt-hellip\"> [\u2026]<\/span><\/p>\n","protected":false},"featured_media":0,"template":"","meta":{"_monsterinsights_skip_tracking":false,"_monsterinsights_sitenote_active":false,"_monsterinsights_sitenote_note":"","_monsterinsights_sitenote_category":0},"product_brand":[],"product_cat":[13043,14381],"product_tag":[],"class_list":{"0":"post-719731","1":"product","2":"type-product","3":"status-publish","5":"product_cat-ekonomi","6":"product_cat-isletme-muhasebe-maliye","7":"pa_cilt-ciltsiz","8":"pa_tur-kitap","9":"pa_yayinevi-gazi-kitabevi","10":"pa_yazar-yasin-arslan","12":"first","13":"instock","14":"sale","15":"shipping-taxable","16":"purchasable","17":"product-type-simple"},"_links":{"self":[{"href":"https:\/\/roveyayinevi.com.tr\/index.php\/wp-json\/wp\/v2\/product\/719731","targetHints":{"allow":["GET"]}}],"collection":[{"href":"https:\/\/roveyayinevi.com.tr\/index.php\/wp-json\/wp\/v2\/product"}],"about":[{"href":"https:\/\/roveyayinevi.com.tr\/index.php\/wp-json\/wp\/v2\/types\/product"}],"wp:attachment":[{"href":"https:\/\/roveyayinevi.com.tr\/index.php\/wp-json\/wp\/v2\/media?parent=719731"}],"wp:term":[{"taxonomy":"product_brand","embeddable":true,"href":"https:\/\/roveyayinevi.com.tr\/index.php\/wp-json\/wp\/v2\/product_brand?post=719731"},{"taxonomy":"product_cat","embeddable":true,"href":"https:\/\/roveyayinevi.com.tr\/index.php\/wp-json\/wp\/v2\/product_cat?post=719731"},{"taxonomy":"product_tag","embeddable":true,"href":"https:\/\/roveyayinevi.com.tr\/index.php\/wp-json\/wp\/v2\/product_tag?post=719731"}],"curies":[{"name":"wp","href":"https:\/\/api.w.org\/{rel}","templated":true}]}}