{"id":719730,"date":"2025-08-27T18:26:00","date_gmt":"2025-08-27T15:26:00","guid":{"rendered":"https:\/\/roveyayinevi.com.tr\/index.php\/urun\/ahlakin-yayi\/"},"modified":"2026-04-16T02:27:52","modified_gmt":"2026-04-15T23:27:52","slug":"ahlakin-yayi","status":"publish","type":"product","link":"https:\/\/roveyayinevi.com.tr\/index.php\/urun\/ahlakin-yayi\/","title":{"rendered":"Ahlak\u0131n Yay\u0131"},"content":{"rendered":"<p>Ahl\u00e2k\u0131n Yay\u0131&#8217;nda Michael Shermer okurlar\u0131na \u015fu soruyu soruyor: &#8221; \u0130nsanl\u0131k tarihinde son birka\u00e7 y\u00fczy\u0131lda ya\u015fanan b\u00fcy\u00fck ahl\u00e2ki ilerlemeyi neye bor\u00e7luyuz?&#8221; Shermer&#8217;in cevab\u0131 olduk\u00e7a net: ak\u0131l ve bilim. Shermer antik zamanlardan bug\u00fcne do\u011fru uzanan bir s\u00fcre\u00e7te ahl\u00e2ki sorumluluklar\u0131m\u0131z\u0131n ailemizden mensubu oldu\u011fumuz gruplara, oradan da t\u00fcm insanlar ve hatta t\u00fcm canl\u0131lar\u0131 kapsayan bir ahl\u00e2ki k\u00fcreye do\u011fru nas\u0131l geni\u015fledi\u011fini detayl\u0131ca a\u00e7\u0131kl\u0131yor. Sava\u015flardan ter\u00f6re, dini anlat\u0131lardan k\u00f6leli\u011fe, kad\u0131n ve e\u015fcinsel haklar\u0131na dair bir\u00e7ok konuda ak\u0131l ve bilimin bize ger\u00e7ek ahl\u00e2k duygusunun anahtar\u0131n\u0131 nas\u0131l verdi\u011fini \u00e7arp\u0131c\u0131 \u00f6rneklerle g\u00f6zler \u00f6n\u00fcne seriyor. Bununla da kalmay\u0131p insanl\u0131\u011f\u0131n ahl\u00e2ki gelece\u011fine dair temkinli fakat umut dolu tahminlerde bulunuyor. Ahl\u00e2ki duygular\u0131n tarih boyunca ya\u015fad\u0131\u011f\u0131 ilerlemeye dair bu heyecanl\u0131 ve ayd\u0131nlat\u0131c\u0131 ara\u015ft\u0131rmay\u0131 b\u00fct\u00fcn okurlar\u0131m\u0131za \u00f6neriyoruz. <\/p>\n","protected":false},"excerpt":{"rendered":"<p>Ahl\u00e2k\u0131n Yay\u0131&#8217;nda Michael Shermer okurlar\u0131na \u015fu soruyu soruyor: &#8221; \u0130nsanl\u0131k tarihinde son birka\u00e7 y\u00fczy\u0131lda ya\u015fanan b\u00fcy\u00fck ahl\u00e2ki ilerlemeyi neye bor\u00e7luyuz?&#8221; Shermer&#8217;in cevab\u0131 olduk\u00e7a net: ak\u0131l ve<span class=\"excerpt-hellip\"> [\u2026]<\/span><\/p>\n","protected":false},"featured_media":0,"template":"","meta":{"_monsterinsights_skip_tracking":false,"_monsterinsights_sitenote_active":false,"_monsterinsights_sitenote_note":"","_monsterinsights_sitenote_category":0},"product_brand":[],"product_cat":[12370,12304],"product_tag":[],"class_list":{"0":"post-719730","1":"product","2":"type-product","3":"status-publish","5":"product_cat-arastirma-inceleme","6":"product_cat-tarih","7":"pa_cilt-ciltsiz","8":"pa_tur-kitap","9":"pa_yayinevi-phoenix-yayinevi","10":"pa_yazar-michael-shermer","12":"first","13":"instock","14":"sale","15":"shipping-taxable","16":"purchasable","17":"product-type-simple"},"_links":{"self":[{"href":"https:\/\/roveyayinevi.com.tr\/index.php\/wp-json\/wp\/v2\/product\/719730","targetHints":{"allow":["GET"]}}],"collection":[{"href":"https:\/\/roveyayinevi.com.tr\/index.php\/wp-json\/wp\/v2\/product"}],"about":[{"href":"https:\/\/roveyayinevi.com.tr\/index.php\/wp-json\/wp\/v2\/types\/product"}],"wp:attachment":[{"href":"https:\/\/roveyayinevi.com.tr\/index.php\/wp-json\/wp\/v2\/media?parent=719730"}],"wp:term":[{"taxonomy":"product_brand","embeddable":true,"href":"https:\/\/roveyayinevi.com.tr\/index.php\/wp-json\/wp\/v2\/product_brand?post=719730"},{"taxonomy":"product_cat","embeddable":true,"href":"https:\/\/roveyayinevi.com.tr\/index.php\/wp-json\/wp\/v2\/product_cat?post=719730"},{"taxonomy":"product_tag","embeddable":true,"href":"https:\/\/roveyayinevi.com.tr\/index.php\/wp-json\/wp\/v2\/product_tag?post=719730"}],"curies":[{"name":"wp","href":"https:\/\/api.w.org\/{rel}","templated":true}]}}