{"id":719729,"date":"2025-08-27T18:25:59","date_gmt":"2025-08-27T15:25:59","guid":{"rendered":"https:\/\/roveyayinevi.com.tr\/index.php\/urun\/felsefe-yazilari-4\/"},"modified":"2026-04-16T02:27:52","modified_gmt":"2026-04-15T23:27:52","slug":"felsefe-yazilari-4","status":"publish","type":"product","link":"https:\/\/roveyayinevi.com.tr\/index.php\/urun\/felsefe-yazilari-4\/","title":{"rendered":"Felsefe Yaz\u0131lar\u0131"},"content":{"rendered":"<p>Yaz\u0131lar\u0131n hemen hemen hepsinde ortak sorun olarak ortaya konan, her seferinde, nas\u0131l ge\u00e7mi\u015f bir d\u00fc\u015f\u00fcn\u00fcr\u00fc yeniden bug\u00fcne getirebiliriz sorusu yatmaktad\u0131r. Eski d\u00fc\u015f\u00fcn\u00fcrlerin bug\u00fcnk\u00fc d\u00fc\u015f\u00fcnce d\u00fcnyas\u0131na katk\u0131lar\u0131n\u0131 ele almaktad\u0131r. Genelde, onlar\u0131n yapm\u0131\u015f oldu\u011fu yakla\u015f\u0131mlar\u0131 bu yaz\u0131lar tekrar etmektedir. Ama bu tekrar hareketi, yeniden kendi \u015fartlar\u0131n\u0131n tekilli\u011fi i\u00e7inde bir d\u00fc\u015f\u00fcn\u00fcr\u00fc, bug\u00fcn bizim tekilli\u011fimizde, yeniden d\u00fc\u015f\u00fcnmenin gerekli olup olmad\u0131\u011f\u0131 sorusu \u00fczerine s\u00fcr\u00fcklenip bu konu etraf\u0131nda d\u00f6nmektedir. Ama bu tekrar, her seferinde oldu\u011fu gibi, tekilli\u011fini yeniden ortaya \u00e7\u0131karan bir yeniden yapma hareketini i\u00e7erdi\u011fini s\u00f6ylemek do\u011fru olacakt\u0131r. Yeniden yapma demek ne demek olabilir? Tekrar bir kopya m\u0131d\u0131r? E\u011fer bir kopya olarak d\u00fc\u015f\u00fcn\u00fcl\u00fcrse, burada bir sorun vard\u0131r; \u00e7\u00fcnk\u00fc her tekrar bir ba\u015fka ba\u011flamda ba\u015fka yeniliklere a\u00e7\u0131lmaktad\u0131r. Dolay\u0131s\u0131yla, tekrar bir farkt\u0131r. Kopya bile bir farkt\u0131r. \u00c7\u00fcnk\u00fc hi\u00e7bir kopya m\u00fckemmel olarak ilk \u00f6rne\u011fe benzeyemez. Felsefe Yaz\u0131lar\u0131\u2019nda Ali Akay, hep tekrar edilegelen \u00f6zellikle Spinoza, Marx, Foucault, Deleuze ve Kafka gibi isimleri bug\u00fcne getirmekte, yeni bir okumaya t\u00e2bi k\u0131lmaktad\u0131r. <\/p>\n","protected":false},"excerpt":{"rendered":"<p>Yaz\u0131lar\u0131n hemen hemen hepsinde ortak sorun olarak ortaya konan, her seferinde, nas\u0131l ge\u00e7mi\u015f bir d\u00fc\u015f\u00fcn\u00fcr\u00fc yeniden bug\u00fcne getirebiliriz sorusu yatmaktad\u0131r. Eski d\u00fc\u015f\u00fcn\u00fcrlerin bug\u00fcnk\u00fc d\u00fc\u015f\u00fcnce d\u00fcnyas\u0131na katk\u0131lar\u0131n\u0131<span class=\"excerpt-hellip\"> [\u2026]<\/span><\/p>\n","protected":false},"featured_media":0,"template":"","meta":{"_monsterinsights_skip_tracking":false,"_monsterinsights_sitenote_active":false,"_monsterinsights_sitenote_note":"","_monsterinsights_sitenote_category":0},"product_brand":[],"product_cat":[12389,12388],"product_tag":[],"class_list":{"0":"post-719729","1":"product","2":"type-product","3":"status-publish","5":"product_cat-diger-felsefe","6":"product_cat-felsefe","7":"pa_cilt-ciltsiz","8":"pa_tur-kitap","9":"pa_yayinevi-dogu-bati-yayinlari","10":"pa_yazar-ali-akay","12":"first","13":"instock","14":"sale","15":"shipping-taxable","16":"purchasable","17":"product-type-simple"},"_links":{"self":[{"href":"https:\/\/roveyayinevi.com.tr\/index.php\/wp-json\/wp\/v2\/product\/719729","targetHints":{"allow":["GET"]}}],"collection":[{"href":"https:\/\/roveyayinevi.com.tr\/index.php\/wp-json\/wp\/v2\/product"}],"about":[{"href":"https:\/\/roveyayinevi.com.tr\/index.php\/wp-json\/wp\/v2\/types\/product"}],"wp:attachment":[{"href":"https:\/\/roveyayinevi.com.tr\/index.php\/wp-json\/wp\/v2\/media?parent=719729"}],"wp:term":[{"taxonomy":"product_brand","embeddable":true,"href":"https:\/\/roveyayinevi.com.tr\/index.php\/wp-json\/wp\/v2\/product_brand?post=719729"},{"taxonomy":"product_cat","embeddable":true,"href":"https:\/\/roveyayinevi.com.tr\/index.php\/wp-json\/wp\/v2\/product_cat?post=719729"},{"taxonomy":"product_tag","embeddable":true,"href":"https:\/\/roveyayinevi.com.tr\/index.php\/wp-json\/wp\/v2\/product_tag?post=719729"}],"curies":[{"name":"wp","href":"https:\/\/api.w.org\/{rel}","templated":true}]}}