{"id":719727,"date":"2025-08-27T18:25:58","date_gmt":"2025-08-27T15:25:58","guid":{"rendered":"https:\/\/roveyayinevi.com.tr\/index.php\/urun\/aeneis\/"},"modified":"2026-04-16T02:27:52","modified_gmt":"2026-04-15T23:27:52","slug":"aeneis","status":"publish","type":"product","link":"https:\/\/roveyayinevi.com.tr\/index.php\/urun\/aeneis\/","title":{"rendered":"Aeneis"},"content":{"rendered":"<p>D\u00fcnya \u00fczerinde her toplum zaman i\u00e7inde kendi tarihini, inan\u00e7lar\u0131n\u0131 ve de\u011ferlerini ele alan s\u00f6zl\u00fc ve yaz\u0131l\u0131 anlat\u0131lar yaratm\u0131\u015ft\u0131r. Bu b\u00fcy\u00fck anlat\u0131lar iyi-k\u00f6t\u00fc, do\u011fru-yanl\u0131\u015f, cesaret-korku, sevgi-nefret, ya\u015fam-\u00f6l\u00fcm gibi z\u0131tl\u0131klara dair izler bar\u0131nd\u0131r\u0131r ve g\u00fcc\u00fcn\u00fc, kal\u0131c\u0131\u011f\u0131n\u0131 bu z\u0131tl\u0131klar aras\u0131ndaki \u00e7eki\u015fmelerden al\u0131r. Binlerce y\u0131ld\u0131r okunan, modern edebiyat\u0131 derinden etkilemi\u015f destanlar bunlar\u0131n en \u00f6nemli \u00f6rnekleridir. Bu dizimizde, \u00e7ocuk ve gen\u00e7ler i\u00e7in uyarlanm\u0131\u015f, \u00e7izimlerle zenginle\u015ftirilmi\u015f destanlar\u0131 okurlar\u0131yla bulu\u015fturuyoruz.   Aeneis\u2019te Troya Sava\u015f\u0131\u2019n\u0131 sa\u011f salim atlatan Aeneas\u2019\u0131n yurdundan ayr\u0131l\u0131p \u0130talya topraklar\u0131na yapt\u0131\u011f\u0131 yolculuk ve oraya vard\u0131ktan sonra Latinlerle girdi\u011fi sava\u015f anlat\u0131l\u0131r. Aeneas Harpyler, Kikloplar ve deniz canavarlar\u0131 gibi efsanevi yarat\u0131klarla kar\u015f\u0131la\u015f\u0131r, \u00f6l\u00fcler \u00fclkesine iner ama en b\u00fcy\u00fck m\u00fccadeleyi insanlara kar\u015f\u0131 verecektir. Yunan \u015fair Homeros\u2019un \u0130lyada ve Odysseia\u2019s\u0131ndan baz\u0131 mitolojik \u00f6\u011felerin de yer ald\u0131\u011f\u0131 bu eser ayn\u0131 zamanda Roma \u0130mparatorlu\u011fu\u2019nun temellerinin at\u0131l\u0131\u015f\u0131n\u0131n destan\u0131d\u0131r. <\/p>\n","protected":false},"excerpt":{"rendered":"<p>D\u00fcnya \u00fczerinde her toplum zaman i\u00e7inde kendi tarihini, inan\u00e7lar\u0131n\u0131 ve de\u011ferlerini ele alan s\u00f6zl\u00fc ve yaz\u0131l\u0131 anlat\u0131lar yaratm\u0131\u015ft\u0131r. Bu b\u00fcy\u00fck anlat\u0131lar iyi-k\u00f6t\u00fc, do\u011fru-yanl\u0131\u015f, cesaret-korku, sevgi-nefret, ya\u015fam-\u00f6l\u00fcm<span class=\"excerpt-hellip\"> [\u2026]<\/span><\/p>\n","protected":false},"featured_media":0,"template":"","meta":{"_monsterinsights_skip_tracking":false,"_monsterinsights_sitenote_active":false,"_monsterinsights_sitenote_note":"","_monsterinsights_sitenote_category":0},"product_brand":[],"product_cat":[12274,12284],"product_tag":[],"class_list":{"0":"post-719727","1":"product","2":"type-product","3":"status-publish","5":"product_cat-cocuk-ve-genclik-kitaplari","6":"product_cat-hikayeler","7":"pa_cilt-ciltsiz","8":"pa_tur-kitap","9":"pa_yayinevi-kolektif-kitap","10":"pa_yazar-vergilius","12":"first","13":"instock","14":"sale","15":"shipping-taxable","16":"purchasable","17":"product-type-simple"},"_links":{"self":[{"href":"https:\/\/roveyayinevi.com.tr\/index.php\/wp-json\/wp\/v2\/product\/719727","targetHints":{"allow":["GET"]}}],"collection":[{"href":"https:\/\/roveyayinevi.com.tr\/index.php\/wp-json\/wp\/v2\/product"}],"about":[{"href":"https:\/\/roveyayinevi.com.tr\/index.php\/wp-json\/wp\/v2\/types\/product"}],"wp:attachment":[{"href":"https:\/\/roveyayinevi.com.tr\/index.php\/wp-json\/wp\/v2\/media?parent=719727"}],"wp:term":[{"taxonomy":"product_brand","embeddable":true,"href":"https:\/\/roveyayinevi.com.tr\/index.php\/wp-json\/wp\/v2\/product_brand?post=719727"},{"taxonomy":"product_cat","embeddable":true,"href":"https:\/\/roveyayinevi.com.tr\/index.php\/wp-json\/wp\/v2\/product_cat?post=719727"},{"taxonomy":"product_tag","embeddable":true,"href":"https:\/\/roveyayinevi.com.tr\/index.php\/wp-json\/wp\/v2\/product_tag?post=719727"}],"curies":[{"name":"wp","href":"https:\/\/api.w.org\/{rel}","templated":true}]}}