{"id":719724,"date":"2025-08-27T18:25:55","date_gmt":"2025-08-27T15:25:55","guid":{"rendered":"https:\/\/roveyayinevi.com.tr\/index.php\/urun\/liderlik-etmeye-cesaret-etmek\/"},"modified":"2026-04-16T02:27:52","modified_gmt":"2026-04-15T23:27:52","slug":"liderlik-etmeye-cesaret-etmek","status":"publish","type":"product","link":"https:\/\/roveyayinevi.com.tr\/index.php\/urun\/liderlik-etmeye-cesaret-etmek\/","title":{"rendered":"Liderlik Etmeye Cesaret Etmek"},"content":{"rendered":"<p>L\u0130DERL\u0130K ETMEYE CESARET ETMEK:CESUR B\u0130R \u00c7ALI\u015eMA.ZORLAYAN KONU\u015eMALAR.\u0130\u015eE Y\u00dcRE\u011e\u0130N\u0130 VERMEK.New York Times \u00c7ok Satanlar listesine tam d\u00f6rt kez giren Bren\u00e9 Brown ge\u00e7ti\u011fimiz yirmi y\u0131l\u0131 hayatlar\u0131m\u0131za anlam kazand\u0131ran duygu ve deneyimleri ara\u015ft\u0131rmaya harcam\u0131\u015ft\u0131r; bunun son yedi y\u0131l\u0131nda t\u00fcm d\u00fcnyadaki d\u00f6n\u00fc\u015ft\u00fcr\u00fcc\u00fc liderler ve ekipleriyle \u00e7al\u0131\u015fm\u0131\u015ft\u0131r. \u0130\u015fe yeni ba\u015flayan k\u00fc\u00e7\u00fck \u015firketlerden aile \u015firketlerine, k\u00e2r amac\u0131 g\u00fctmeyen organizasyonlara ve Fortune 50 \u015firketlerine kadar t\u00fcm kurumlardaki liderlerin ayn\u0131 soruyu sorduklar\u0131n\u0131 g\u00f6rm\u00fc\u015ft\u00fcr:Nas\u0131l cesaret de\u011ferini k\u00fclt\u00fcr\u00fcn\u00fcz\u00fcn bir par\u00e7as\u0131 haline getirebilirsiniz ve daha g\u00f6z\u00fcpek, cesaretle i\u015f yapan liderler yeti\u015ftirirsiniz?Bu yeni kitab\u0131nda Brown ara\u015ft\u0131rmalar\u0131yla, hik\u00e2yeleriyle, \u00f6rnekleriyle; milyonlarca liderin bekledi\u011fi ve sevece\u011fi gibi laf salatas\u0131 olmayan bir tarzda bu soruya cevap verir.Brown \u015f\u00f6yle yazar: \u201cKariyerimdeki en \u00f6nemli bulgular\u0131mdan biri cesur liderli\u011fin y\u00fczde y\u00fcz \u00f6\u011fretilebilen, g\u00f6zlenebilen ve \u00f6l\u00e7\u00fclebilen d\u00f6rt beceri grubundan olu\u015ftu\u011funu g\u00f6rmektir. Bu cesur \u00e7al\u0131\u015fmalar\u0131n, zor konu\u015fmalar\u0131n ve bir i\u015fe t\u00fcm y\u00fcre\u011finizle sahip \u00e7\u0131kman\u0131n \u00f6\u011frenilmesini sa\u011flar. Bunlar kolay m\u0131d\u0131r? Hay\u0131r. \u00c7\u00fcnk\u00fc her zaman cesareti rahat\u0131m\u0131za tercih etmeyiz. Peki bunca \u00e7abaya de\u011fer mi? Her zaman. Hayatlar\u0131m\u0131zda ve i\u015fimizde cesur olmak isteriz. Bu nedenle buraday\u0131z.\u201d\u0130ster Bren\u00e9 Brown\u2019un daha \u00f6nceki kitaplar\u0131n\u0131 okumu\u015f olun, ister \u00e7al\u0131\u015fmalar\u0131yla yeni tan\u0131\u015f\u0131n, bu kitap cesur bir lider olmak isteyen herkes i\u00e7in.Liderlik Etmeye Cesaret Etmek\u201dde Bren\u00e9 y\u0131llarca s\u00fcren ara\u015ft\u0131rmalar\u0131n\u0131 cesur bir lider olabilmek i\u00e7in i\u00e7g\u00f6r\u00fc dolu ve pratik bir rehbere d\u00f6n\u00fc\u015ft\u00fcrm\u00fc\u015ft\u00fcr. Bu kitap fark\u0131ndal\u0131k sahibi cesur bir lider olmak ve hayat\u0131n\u0131 cesaretle ya\u015famak isteyen herkese uygundur.\u201d SHERYL SANDBERG, COO, Facebook, kurucu \u00fcye, LeanIn.Org ve OptionB.Org\u201cBren\u00e9 film yap\u0131mc\u0131lar\u0131m\u0131zla konu\u015fmak i\u00e7in Pixar\u2019\u0131 ziyaret etti. Mesaj\u0131 \u00f6nemliydi \u00e7\u00fcnk\u00fc filmler savunmas\u0131z bir yerden yap\u0131ld\u0131klar\u0131nda daha iyi olurlar; film yap\u0131mc\u0131lar\u0131 zorluklarla kar\u015f\u0131la\u015f\u0131r ve bunlar\u0131 a\u015fmaya zorlan\u0131r. \u0130nsan\u0131n oturdu\u011fu yerden g\u00fcvenli ve anlaml\u0131 bir k\u00fclt\u00fcr hakk\u0131nda konu\u015fmas\u0131 kolayd\u0131r, ama i\u015fe koyulup bunu yaratmas\u0131 a\u015f\u0131r\u0131 derecede zordur. S\u00fcrekli dikkatinizi vermeden, bir g\u00fcven, cesaret ve savunmas\u0131zl\u0131k ortam\u0131 yaratmadan iyi bir k\u00fclt\u00fcr de tesis edemezsiniz. Bunlar zor becerilerdir, ama \u00f6\u011fretilebilirler. \u0130\u015fe bu kitapla ba\u015flay\u0131n.\u201d ED CATMULL, Ba\u015fkan, Pixar ve Walt Disney Animation St\u00fcdyolar\u0131\u201c\u0130ster bir halk hareketini ister yeni ba\u015flad\u0131\u011f\u0131n\u0131z bir i\u015fi y\u00f6netin, bir kurumun k\u00fclt\u00fcr\u00fcn\u00fc ya da d\u00fcnyay\u0131 de\u011fi\u015ftirmek istiyorsan\u0131z Liderlik Etmeye Cesaret Etmek bildi\u011finizi sand\u0131\u011f\u0131n\u0131z her \u015feye meydan okuyacak ve cesareti rahat\u0131n\u0131za tercih etmeniz i\u00e7in size d\u00fcr\u00fcst, do\u011frudan, i\u015fe yarar ara\u00e7lar verecektir. TARANA BURKE, K\u0131demli Y\u00f6netici, Cinsiyet E\u015fitli\u011fi \u0130\u00e7in K\u0131zlar, Kurucu \u00dcye, Me Too hareketi\u201cBren\u00e9\u2019den cesaret ve savunmas\u0131zl\u0131k hakk\u0131ndaki \u00e7al\u0131\u015fmalar\u0131n\u0131 Hava Kuvvetleri \u00dcss\u00fcm\u00fcze getirmesini istedik. Bu zorlu bir izleyici kitlesidir ve pek \u00e7o\u011funun \u00f6nemli sava\u015f tecr\u00fcbesi vard\u0131r. Be\u015f dakika sonra yere d\u00fc\u015fen bir i\u011fnenin sesini duyabilirdiniz. Bren\u00e9 bizi neyin insan yapt\u0131\u011f\u0131n\u0131, misyonu ger\u00e7ekle\u015ftirmemizi neyin sa\u011flad\u0131\u011f\u0131n\u0131 anlatmaya ba\u015flad\u0131. Liderlik Etmeye Cesaret Etmek ger\u00e7ek liderlik hakk\u0131ndad\u0131r: y\u00fcrekten, inat\u00e7\u0131, pozitif bir yakla\u015f\u0131mla.\u201d Tu\u011fgeneral BROOK J. LEONARD, ABD Hava Kuvvetleri\u201cBren\u00e9 Google Empati Laboratuvar\u0131\u2019n\u0131n Obi Wan Kenobi\u2019sidir. \u00dcr\u00fcn liderlerimize i\u015fi d\u0131\u015far\u0131ya havale etmek yerine tasarlamak ve savunmas\u0131zl\u0131\u011f\u0131 kucaklamak konular\u0131nda ger\u00e7ekten ilham vermi\u015ftir. Bu canl\u0131, karma\u015f\u0131k, bir y\u00fcre\u011fi olan insan benli\u011finizi her g\u00fcn i\u015fe getirmek konusunda kritik ve d\u00f6n\u00fc\u015ft\u00fcr\u00fcc\u00fc bir eylemdir. Liderlik Etmeye Cesaret Etmek beceri ve g\u00fc\u00e7 kazand\u0131ran bir Jedi e\u011fitimidir; hepimiz ger\u00e7ekten bunu bekliyorduk.\u201dDANIELLE KRETTEK, Kurucu \u00dcye, Google Empathy Lab.\u201cLiderlik Etmeye Cesaret Etmek\u2019de \u00f6\u011frendi\u011fim ilkeleri bir okul m\u00fcd\u00fcr\u00fc olarak i\u015fimde uygulamak velilerle, \u00f6\u011frencilerle, meslekda\u015flar\u0131mla ili\u015fkilerimi ve liderlik etme y\u00f6ntemimi de\u011fi\u015ftirdi. Bren\u00e9\u2019nin s\u00f6zleri, hik\u00e2yeleri ve \u00f6rnekleri zihinlerimizle ve y\u00fcreklerimizle ba\u011flant\u0131 kurdu. Eyleme ge\u00e7irilebilir yakla\u015f\u0131mlar\u0131 hayatlar\u0131m\u0131zda ve i\u015fimizde daha cesur olmam\u0131z\u0131 sa\u011flad\u0131.\u201d KWABENA MENSAH, Dr., Yard\u0131mc\u0131 m\u00fcd\u00fcr, Fort Bend ISD, Y\u0131l\u0131n Y\u00f6neticisi,Katy ISD ve Texas Siyahi E\u011fitimciler Birli\u011fiBren\u00e9 Brown bize cesaretin ne oldu\u011funu, d\u00fc\u015ft\u00fc\u011f\u00fcm\u00fcz yerden daha g\u00fc\u00e7l\u00fc bir \u015fekilde do\u011frulmay\u0131 ve ac\u0131mas\u0131z d\u00fcnyaya meydan okumay\u0131 \u00f6\u011fretti. \u015eimdi nas\u0131l aya\u011fa kalk\u0131p liderlik edece\u011fimizi \u00f6\u011fretiyor.Bren\u00e9 Brown\u2019un Cesarete \u00c7a\u011fr\u0131 adl\u0131 Netflix program\u0131n\u0131 ka\u00e7\u0131rmay\u0131n!<\/p>\n","protected":false},"excerpt":{"rendered":"<p>L\u0130DERL\u0130K ETMEYE CESARET ETMEK:CESUR B\u0130R \u00c7ALI\u015eMA.ZORLAYAN KONU\u015eMALAR.\u0130\u015eE Y\u00dcRE\u011e\u0130N\u0130 VERMEK.New York Times \u00c7ok Satanlar listesine tam d\u00f6rt kez giren Bren\u00e9 Brown ge\u00e7ti\u011fimiz yirmi y\u0131l\u0131 hayatlar\u0131m\u0131za anlam kazand\u0131ran<span class=\"excerpt-hellip\"> [\u2026]<\/span><\/p>\n","protected":false},"featured_media":0,"template":"","meta":{"_monsterinsights_skip_tracking":false,"_monsterinsights_sitenote_active":false,"_monsterinsights_sitenote_note":"","_monsterinsights_sitenote_category":0},"product_brand":[],"product_cat":[14787,13488],"product_tag":[],"class_list":{"0":"post-719724","1":"product","2":"type-product","3":"status-publish","5":"product_cat-diger-toplum-ve-insan","6":"product_cat-toplum-ve-insan","7":"pa_cilt-ciltsiz","8":"pa_tur-kitap","9":"pa_yayinevi-butik-yayinlari","10":"pa_yazar-brene-brown","12":"first","13":"instock","14":"sale","15":"shipping-taxable","16":"purchasable","17":"product-type-simple"},"_links":{"self":[{"href":"https:\/\/roveyayinevi.com.tr\/index.php\/wp-json\/wp\/v2\/product\/719724","targetHints":{"allow":["GET"]}}],"collection":[{"href":"https:\/\/roveyayinevi.com.tr\/index.php\/wp-json\/wp\/v2\/product"}],"about":[{"href":"https:\/\/roveyayinevi.com.tr\/index.php\/wp-json\/wp\/v2\/types\/product"}],"wp:attachment":[{"href":"https:\/\/roveyayinevi.com.tr\/index.php\/wp-json\/wp\/v2\/media?parent=719724"}],"wp:term":[{"taxonomy":"product_brand","embeddable":true,"href":"https:\/\/roveyayinevi.com.tr\/index.php\/wp-json\/wp\/v2\/product_brand?post=719724"},{"taxonomy":"product_cat","embeddable":true,"href":"https:\/\/roveyayinevi.com.tr\/index.php\/wp-json\/wp\/v2\/product_cat?post=719724"},{"taxonomy":"product_tag","embeddable":true,"href":"https:\/\/roveyayinevi.com.tr\/index.php\/wp-json\/wp\/v2\/product_tag?post=719724"}],"curies":[{"name":"wp","href":"https:\/\/api.w.org\/{rel}","templated":true}]}}