{"id":719723,"date":"2025-08-27T18:25:55","date_gmt":"2025-08-27T15:25:55","guid":{"rendered":"https:\/\/roveyayinevi.com.tr\/index.php\/urun\/psiko-siyaset\/"},"modified":"2026-04-16T02:27:52","modified_gmt":"2026-04-15T23:27:52","slug":"psiko-siyaset","status":"publish","type":"product","link":"https:\/\/roveyayinevi.com.tr\/index.php\/urun\/psiko-siyaset\/","title":{"rendered":"Psiko- Siyaset"},"content":{"rendered":"<p>Kolay Kand\u0131r\u0131lman\u0131n Nedenleri Son olaylardan sonra siyaset\u00e7iler d\u00e2hil pek \u00e7ok ki\u015finin &#8216;kand\u0131r\u0131ld\u0131k, aldat\u0131ld\u0131k&#8217; \u00e7\u0131\u011fl\u0131klar\u0131 beni bu kitab\u0131 yazmaya motive etti. Ni\u00e7in kolay kand\u0131r\u0131l\u0131yoruz ve de ni\u00e7in s\u00fcr\u00fcler halinde psiko-\u00e7obanlara ihtiya\u00e7 duyuyoruz? Ni\u00e7in kendimize devaml\u0131 yer tanr\u0131lar\u0131 yaratma ihtiyac\u0131nday\u0131z ve de ni\u00e7in birey olam\u0131yoruz? Bu kitapta bu sorulara k\u0131rk be\u015f y\u0131ll\u0131k meslek hayat\u0131nda dan\u0131\u015fanlar\u0131na r\u00fcya analizi yoluyla yard\u0131m etmeye \u00e7al\u0131\u015fan bir psikiyatri hekiminin verdi\u011fi cevaplar\u0131 bulacaks\u0131n\u0131z. Hi\u00e7 konu\u015fulmam\u0131\u015f olan insandaki \u00fc\u00e7 temel in\u015faat bozuklu\u011funu sorgulama y\u00f6ntemini \u00f6\u011frenecek ve \u00fcst beynimizin kurulmas\u0131ndan \u00f6nce, yani ortalama olarak iki ya\u015f\u0131n\u0131zdan \u00f6nce ne kadar \u00e7ok negatif kay\u0131tlar ald\u0131\u011f\u0131m\u0131z\u0131 ve bu kay\u0131tlar\u0131n kolay kand\u0131r\u0131lmam\u0131z\u0131n ba\u015fl\u0131ca nedeni oldu\u011funu hayretle fark etmeye ba\u015flayacaks\u0131n\u0131z. Kitab\u0131n sonunda da milattan \u00f6nce ikiy\u00fczl\u00fc y\u0131llarda ya\u015fam\u0131\u015f olan Kartacal\u0131 komutan Anibal&#8217;\u0131n &#8216;en tehlikeli silah kand\u0131r\u0131lm\u0131\u015f insand\u0131r&#8217; s\u00f6z\u00fcne hak verecek ve t\u00fcm sava\u015flar\u0131n nedeninin insanlar\u0131n kand\u0131r\u0131lmas\u0131 oldu\u011funu deh\u015fetle fark edeceksiniz. <\/p>\n","protected":false},"excerpt":{"rendered":"<p>Kolay Kand\u0131r\u0131lman\u0131n Nedenleri Son olaylardan sonra siyaset\u00e7iler d\u00e2hil pek \u00e7ok ki\u015finin &#8216;kand\u0131r\u0131ld\u0131k, aldat\u0131ld\u0131k&#8217; \u00e7\u0131\u011fl\u0131klar\u0131 beni bu kitab\u0131 yazmaya motive etti. Ni\u00e7in kolay kand\u0131r\u0131l\u0131yoruz ve de ni\u00e7in<span class=\"excerpt-hellip\"> [\u2026]<\/span><\/p>\n","protected":false},"featured_media":0,"template":"","meta":{"_monsterinsights_skip_tracking":false,"_monsterinsights_sitenote_active":false,"_monsterinsights_sitenote_note":"","_monsterinsights_sitenote_category":0},"product_brand":[],"product_cat":[12358,12357],"product_tag":[],"class_list":{"0":"post-719723","1":"product","2":"type-product","3":"status-publish","5":"product_cat-genel-psikoloji","6":"product_cat-psikoloji","7":"pa_cilt-ciltsiz","8":"pa_tur-kitap","9":"pa_yayinevi-abis-yayincilik","10":"pa_yazar-nusret-kaya","12":"first","13":"instock","14":"sale","15":"shipping-taxable","16":"purchasable","17":"product-type-simple"},"_links":{"self":[{"href":"https:\/\/roveyayinevi.com.tr\/index.php\/wp-json\/wp\/v2\/product\/719723","targetHints":{"allow":["GET"]}}],"collection":[{"href":"https:\/\/roveyayinevi.com.tr\/index.php\/wp-json\/wp\/v2\/product"}],"about":[{"href":"https:\/\/roveyayinevi.com.tr\/index.php\/wp-json\/wp\/v2\/types\/product"}],"wp:attachment":[{"href":"https:\/\/roveyayinevi.com.tr\/index.php\/wp-json\/wp\/v2\/media?parent=719723"}],"wp:term":[{"taxonomy":"product_brand","embeddable":true,"href":"https:\/\/roveyayinevi.com.tr\/index.php\/wp-json\/wp\/v2\/product_brand?post=719723"},{"taxonomy":"product_cat","embeddable":true,"href":"https:\/\/roveyayinevi.com.tr\/index.php\/wp-json\/wp\/v2\/product_cat?post=719723"},{"taxonomy":"product_tag","embeddable":true,"href":"https:\/\/roveyayinevi.com.tr\/index.php\/wp-json\/wp\/v2\/product_tag?post=719723"}],"curies":[{"name":"wp","href":"https:\/\/api.w.org\/{rel}","templated":true}]}}