{"id":719721,"date":"2025-08-27T18:25:54","date_gmt":"2025-08-27T15:25:54","guid":{"rendered":"https:\/\/roveyayinevi.com.tr\/index.php\/urun\/hazirandan-hazirana\/"},"modified":"2026-04-16T02:27:52","modified_gmt":"2026-04-15T23:27:52","slug":"hazirandan-hazirana","status":"publish","type":"product","link":"https:\/\/roveyayinevi.com.tr\/index.php\/urun\/hazirandan-hazirana\/","title":{"rendered":"Hazirandan Hazirana"},"content":{"rendered":"<p>Ulu \u00d6nder Mustafa Kemal Atat\u00fcrk, Cumhuriyetimizi \u201ckimsesizlerin kimsesi\u201d olarak tan\u0131mlar. Cumhuriyet Halk Partisi, Cumhuriyetimizin Atat\u00fcrk taraf\u0131ndan tan\u0131m\u0131 yap\u0131lan bu temel ilkesine inan\u00e7la ba\u011fl\u0131d\u0131r. Bu inan\u00e7la, demokrasinin ve adaletin \u0131\u015f\u0131\u011f\u0131nda ayd\u0131nlanacak bir T\u00fcrkiye yaratman\u0131n m\u00fccadelesini veriyoruz. Kibre bulanmadan, kimseyi \u00f6tekile\u015ftirmeden, herkesi anlamaya \u00e7al\u0131\u015farak ve t\u00fcm vatanda\u015flar\u0131m\u0131za kendimizi anlatmaktan vazge\u00e7meden, yeni bir yolda y\u00fcr\u00fcyoruz. Herkes bizim se\u00e7menimiz olmak zorunda de\u011fil ama herkese sesimizi ula\u015ft\u0131rmak zorunday\u0131z. Herkes, Cumhuriyet Halk Partisi\u2019ne oy vermeyebilir ama herkesin bir g\u00fczel selam\u0131n\u0131 hak etmek i\u00e7in \u00e7aba harcamak zorunday\u0131z. \u00c7\u00fcnk\u00fc bizler, bize oy vermeyen vatanda\u015flar\u0131m\u0131z\u0131n mutlulu\u011fu i\u00e7in de m\u00fccadele etmenin erdemine inan\u0131yoruz. Ankara Milletvekili ve Genel Ba\u015fkan Yard\u0131mc\u0131s\u0131 Say\u0131n Y\u0131ld\u0131r\u0131m Kaya, bu erdemli m\u00fccadelenin \u00f6nemli akt\u00f6rlerinden biridir. Say\u0131n Kaya\u2019ya \u00fclkemizin sosyolojik, siyasal ve k\u00fclt\u00fcrel farkl\u0131l\u0131klar\u0131yla bulu\u015fmam\u0131zda \u00fcstlendi\u011fi sorumluluk nedeniyle te\u015fekk\u00fcr ediyorum. Say\u0131n Kaya\u2019n\u0131n, TBMM ve Genel Merkez \u00e7al\u0131\u015fmalar\u0131n\u0131n \u00f6nemli bir b\u00f6l\u00fcm\u00fcn\u00fc i\u00e7eren kitab\u0131, demokrasi ve adalet m\u00fccadelemizin gelecek ku\u015faklara aktar\u0131lmas\u0131 a\u00e7\u0131s\u0131ndan \u00f6nemlidir. Bu kitap ayn\u0131 zamanda Say\u0131n Kaya\u2019n\u0131n, vatanda\u015flar\u0131m\u0131z\u0131n onay\u0131na sundu\u011fu \u015feffaf bir \u201cSiyasi Hesap Verme\u201d metnidir. Bu duygularla Say\u0131n Kaya\u2019y\u0131 \u00e7al\u0131\u015fmalar\u0131 nedeniyle kutluyor, siyasi ya\u015fam\u0131nda ba\u015far\u0131lar diliyorum.   Kemal KILI\u00c7DARO\u011eLU CHP Genel Ba\u015fkan\u0131 <\/p>\n","protected":false},"excerpt":{"rendered":"<p>Ulu \u00d6nder Mustafa Kemal Atat\u00fcrk, Cumhuriyetimizi \u201ckimsesizlerin kimsesi\u201d olarak tan\u0131mlar. Cumhuriyet Halk Partisi, Cumhuriyetimizin Atat\u00fcrk taraf\u0131ndan tan\u0131m\u0131 yap\u0131lan bu temel ilkesine inan\u00e7la ba\u011fl\u0131d\u0131r. Bu inan\u00e7la, demokrasinin<span class=\"excerpt-hellip\"> [\u2026]<\/span><\/p>\n","protected":false},"featured_media":0,"template":"","meta":{"_monsterinsights_skip_tracking":false,"_monsterinsights_sitenote_active":false,"_monsterinsights_sitenote_note":"","_monsterinsights_sitenote_category":0},"product_brand":[],"product_cat":[31194,12337],"product_tag":[],"class_list":{"0":"post-719721","1":"product","2":"type-product","3":"status-publish","5":"product_cat-guncel-siyaset","6":"product_cat-politika-siyaset","7":"pa_cilt-ciltsiz","8":"pa_tur-kitap","9":"pa_yayinevi-kalkedon-yayincilik","10":"pa_yazar-yildirim-kaya","12":"first","13":"instock","14":"sale","15":"shipping-taxable","16":"purchasable","17":"product-type-simple"},"_links":{"self":[{"href":"https:\/\/roveyayinevi.com.tr\/index.php\/wp-json\/wp\/v2\/product\/719721","targetHints":{"allow":["GET"]}}],"collection":[{"href":"https:\/\/roveyayinevi.com.tr\/index.php\/wp-json\/wp\/v2\/product"}],"about":[{"href":"https:\/\/roveyayinevi.com.tr\/index.php\/wp-json\/wp\/v2\/types\/product"}],"wp:attachment":[{"href":"https:\/\/roveyayinevi.com.tr\/index.php\/wp-json\/wp\/v2\/media?parent=719721"}],"wp:term":[{"taxonomy":"product_brand","embeddable":true,"href":"https:\/\/roveyayinevi.com.tr\/index.php\/wp-json\/wp\/v2\/product_brand?post=719721"},{"taxonomy":"product_cat","embeddable":true,"href":"https:\/\/roveyayinevi.com.tr\/index.php\/wp-json\/wp\/v2\/product_cat?post=719721"},{"taxonomy":"product_tag","embeddable":true,"href":"https:\/\/roveyayinevi.com.tr\/index.php\/wp-json\/wp\/v2\/product_tag?post=719721"}],"curies":[{"name":"wp","href":"https:\/\/api.w.org\/{rel}","templated":true}]}}