{"id":719719,"date":"2025-08-27T18:25:53","date_gmt":"2025-08-27T15:25:53","guid":{"rendered":"https:\/\/roveyayinevi.com.tr\/index.php\/urun\/sosyolojinin-uc-meselesi\/"},"modified":"2026-04-16T02:27:52","modified_gmt":"2026-04-15T23:27:52","slug":"sosyolojinin-uc-meselesi","status":"publish","type":"product","link":"https:\/\/roveyayinevi.com.tr\/index.php\/urun\/sosyolojinin-uc-meselesi\/","title":{"rendered":"Sosyolojinin \u00dc\u00e7 Meselesi"},"content":{"rendered":"<p>Sosyolojinin \u00dc\u00e7 Meselesi: Kimlik, Demokrasi, Sek\u00fclerle\u015fme ba\u015fl\u0131kl\u0131 bu kitap, modern toplum i\u00e7inde bireyin psikolojik konumlanma bi\u00e7imleri, toplum i\u00e7inde kabul g\u00f6rme yollar\u0131 ve toplumsal dayan\u0131\u015fma formlar\u0131, insan\u0131n anlam aray\u0131\u015f\u0131 ve dinsel deneyiminin modern d\u00fcnyadaki g\u00f6r\u00fcn\u00fcmleri hakk\u0131ndaki     sosyolojik d\u00fc\u015f\u00fcnceyi analiz etme \u00e7abas\u0131n\u0131n bir \u00fcr\u00fcn\u00fcd\u00fcr. \u201cKimlik\u201d ba\u015fl\u0131kl\u0131 ilk b\u00f6l\u00fcmde geleneksel toplumdan modern topluma ge\u00e7erken toplumsall\u0131k formundaki de\u011fi\u015fim ve bu de\u011fi\u015fimin kolektif kimlikler \u00fczerindeki etkileri ile siyasal kimliklerin ulusal ve k\u00fcresel ba\u011flamda kar\u015f\u0131la\u015fmalar\u0131 ve \u00e7at\u0131\u015fmalar\u0131n\u0131 analiz edilen yaz\u0131lar yer almaktad\u0131r. \u201cDemokrasi\u201d ba\u015fl\u0131kl\u0131 ikinci b\u00f6l\u00fcm, genel olarak modern toplumlarda siyasetin temel bi\u00e7im ve ilkeleri \u00fczerine odaklanmaktad\u0131r. \u00dc\u00e7\u00fcnc\u00fc b\u00f6l\u00fcm, son zamanlarda sosyolojide yeniden g\u00fcndeme gelen \u201cSek\u00fclerle\u015fme\u201d konusuyla ilgilidir ve ahlak\u00ee ilkelerin kaynaklar\u0131 ve i\u015flevi hakk\u0131ndaki tart\u0131\u015fmalara katk\u0131da bulunmay\u0131 ama\u00e7lamaktad\u0131r.\u201cKimlik\u201d, \u201cdemokrasi\u201d ve \u201cdin\u201d g\u00fcn\u00fcm\u00fcz makro sosyolojisinin ele ald\u0131\u011f\u0131 hemen hemen t\u00fcm sorunlarla ili\u015fkili konulard\u0131r. Toplum (ve k\u00fcreselle\u015fen d\u00fcnyada insanl\u0131\u011f\u0131n) birlikteli\u011fi ve s\u00fcreklili\u011fi hangi ilkeler \u00e7er\u00e7evesinde sa\u011flanacakt\u0131r? Bu ilkeler belirlenirken hangi bilgi kayna\u011f\u0131 veya kaynaklar\u0131 referans            al\u0131nacakt\u0131r? Kimlik siyasetinin y\u0131k\u0131c\u0131 \u00e7at\u0131\u015fmalara yol a\u00e7t\u0131\u011f\u0131, g\u00f6\u00e7 hareketlerinin giderek h\u0131zland\u0131\u011f\u0131, iklim krizi gibi ekolojik sorunlar\u0131n \u00e7o\u011fald\u0131\u011f\u0131 ve sorunlar\u0131n ulus-devletlerin s\u0131n\u0131rlar\u0131n\u0131 a\u015ft\u0131\u011f\u0131, siyasal kurumlar\u0131n geleneksel sorun \u00e7\u00f6zme tarzlar\u0131n\u0131n yetersiz kald\u0131\u011f\u0131, k\u00fcresel a\u00e7l\u0131k ve yoksulluk gibi g\u00fcn\u00fcm\u00fcz toplumsal sorunlar\u0131n\u0131n \u00e7\u00f6z\u00fcm\u00fcnde hangi \u00fcst-de\u011ferler i\u015flevsel olabilir? Sosyolojinin \u00dc\u00e7 Meselesi: Kimlik, Demokrasi, Sek\u00fclerle\u015fme kitab\u0131, iki as\u0131rl\u0131k sosyoloji biliminin birikiminden hareketle, g\u00fcn\u00fcm\u00fcz sorunlar\u0131n\u0131n analizini yaparak ve olas\u0131 \u00e7\u00f6z\u00fcm \u00f6nerilerini tart\u0131\u015farak dinamik sosyoloji literat\u00fcr\u00fcne katk\u0131 sunma yolunda bir ad\u0131md\u0131r.  <\/p>\n","protected":false},"excerpt":{"rendered":"<p>Sosyolojinin \u00dc\u00e7 Meselesi: Kimlik, Demokrasi, Sek\u00fclerle\u015fme ba\u015fl\u0131kl\u0131 bu kitap, modern toplum i\u00e7inde bireyin psikolojik konumlanma bi\u00e7imleri, toplum i\u00e7inde kabul g\u00f6rme yollar\u0131 ve toplumsal dayan\u0131\u015fma formlar\u0131, insan\u0131n<span class=\"excerpt-hellip\"> [\u2026]<\/span><\/p>\n","protected":false},"featured_media":0,"template":"","meta":{"_monsterinsights_skip_tracking":false,"_monsterinsights_sitenote_active":false,"_monsterinsights_sitenote_note":"","_monsterinsights_sitenote_category":0},"product_brand":[],"product_cat":[12325,12324],"product_tag":[],"class_list":{"0":"post-719719","1":"product","2":"type-product","3":"status-publish","5":"product_cat-diger-sosyoloji","6":"product_cat-sosyoloji","7":"pa_cilt-ciltsiz","8":"pa_tur-kitap","9":"pa_yayinevi-adres-yayinlari","10":"pa_yazar-cevat-ozyurt","12":"first","13":"instock","14":"sale","15":"shipping-taxable","16":"purchasable","17":"product-type-simple"},"_links":{"self":[{"href":"https:\/\/roveyayinevi.com.tr\/index.php\/wp-json\/wp\/v2\/product\/719719","targetHints":{"allow":["GET"]}}],"collection":[{"href":"https:\/\/roveyayinevi.com.tr\/index.php\/wp-json\/wp\/v2\/product"}],"about":[{"href":"https:\/\/roveyayinevi.com.tr\/index.php\/wp-json\/wp\/v2\/types\/product"}],"wp:attachment":[{"href":"https:\/\/roveyayinevi.com.tr\/index.php\/wp-json\/wp\/v2\/media?parent=719719"}],"wp:term":[{"taxonomy":"product_brand","embeddable":true,"href":"https:\/\/roveyayinevi.com.tr\/index.php\/wp-json\/wp\/v2\/product_brand?post=719719"},{"taxonomy":"product_cat","embeddable":true,"href":"https:\/\/roveyayinevi.com.tr\/index.php\/wp-json\/wp\/v2\/product_cat?post=719719"},{"taxonomy":"product_tag","embeddable":true,"href":"https:\/\/roveyayinevi.com.tr\/index.php\/wp-json\/wp\/v2\/product_tag?post=719719"}],"curies":[{"name":"wp","href":"https:\/\/api.w.org\/{rel}","templated":true}]}}