{"id":719717,"date":"2025-08-27T18:25:51","date_gmt":"2025-08-27T15:25:51","guid":{"rendered":"https:\/\/roveyayinevi.com.tr\/index.php\/urun\/kul\/"},"modified":"2026-04-16T02:27:52","modified_gmt":"2026-04-15T23:27:52","slug":"kul","status":"publish","type":"product","link":"https:\/\/roveyayinevi.com.tr\/index.php\/urun\/kul\/","title":{"rendered":"K\u00fcl"},"content":{"rendered":"<p>Anka Carmen, Y\u00fcz\u00fcnc\u00fc Nesil\u2019e kar\u015f\u0131 verdi\u011fi sava\u015fta Ulegtram Ma\u011faras\u0131\u2019nda kendini feda ederek \u00f6l\u00fcr ancak sava\u015f bitmez&#8230; \u00d6l\u00fcm, hi\u00e7bir zaman \u00f6l\u00fcms\u00fcz ruhlar Anka ve Enka i\u00e7in bir son olmam\u0131\u015ft\u0131r.   Anka da Enka da tekrar bedenlerine kavu\u015furlar.   Enka, Jaryan ad\u0131nda bir b\u00fcy\u00fcc\u00fcn\u00fcn i\u00e7ine girer ve Anka bu kez zihin g\u00fcc\u00fcyle, dahas\u0131 \u00f6l\u00fcmle s\u0131nanmaya mecbur b\u0131rak\u0131l\u0131r. \u015eimdi Anka\u2019n\u0131n tek bir soruya cevap vermesi gerekmektedir: Bir insan g\u00fc\u00e7 ve taht i\u00e7in ne kadar ileri gidebilir?   Anka olgunla\u015fm\u0131\u015ft\u0131r ve art\u0131k k\u00fcl olma zaman\u0131 gelmi\u015ftir.  <\/p>\n","protected":false},"excerpt":{"rendered":"<p>Anka Carmen, Y\u00fcz\u00fcnc\u00fc Nesil\u2019e kar\u015f\u0131 verdi\u011fi sava\u015fta Ulegtram Ma\u011faras\u0131\u2019nda kendini feda ederek \u00f6l\u00fcr ancak sava\u015f bitmez&#8230; \u00d6l\u00fcm, hi\u00e7bir zaman \u00f6l\u00fcms\u00fcz ruhlar Anka ve Enka i\u00e7in bir<span class=\"excerpt-hellip\"> [\u2026]<\/span><\/p>\n","protected":false},"featured_media":0,"template":"","meta":{"_monsterinsights_skip_tracking":false,"_monsterinsights_sitenote_active":false,"_monsterinsights_sitenote_note":"","_monsterinsights_sitenote_category":0},"product_brand":[],"product_cat":[12291,14777],"product_tag":[],"class_list":{"0":"post-719717","1":"product","2":"type-product","3":"status-publish","5":"product_cat-edebiyat","6":"product_cat-fantastik","7":"pa_cilt-ciltsiz","8":"pa_tur-kitap","9":"pa_yayinevi-muptela-yayinevi","10":"pa_yazar-melodi-bac","12":"first","13":"instock","14":"sale","15":"shipping-taxable","16":"purchasable","17":"product-type-simple"},"_links":{"self":[{"href":"https:\/\/roveyayinevi.com.tr\/index.php\/wp-json\/wp\/v2\/product\/719717","targetHints":{"allow":["GET"]}}],"collection":[{"href":"https:\/\/roveyayinevi.com.tr\/index.php\/wp-json\/wp\/v2\/product"}],"about":[{"href":"https:\/\/roveyayinevi.com.tr\/index.php\/wp-json\/wp\/v2\/types\/product"}],"wp:attachment":[{"href":"https:\/\/roveyayinevi.com.tr\/index.php\/wp-json\/wp\/v2\/media?parent=719717"}],"wp:term":[{"taxonomy":"product_brand","embeddable":true,"href":"https:\/\/roveyayinevi.com.tr\/index.php\/wp-json\/wp\/v2\/product_brand?post=719717"},{"taxonomy":"product_cat","embeddable":true,"href":"https:\/\/roveyayinevi.com.tr\/index.php\/wp-json\/wp\/v2\/product_cat?post=719717"},{"taxonomy":"product_tag","embeddable":true,"href":"https:\/\/roveyayinevi.com.tr\/index.php\/wp-json\/wp\/v2\/product_tag?post=719717"}],"curies":[{"name":"wp","href":"https:\/\/api.w.org\/{rel}","templated":true}]}}