{"id":719715,"date":"2025-08-27T18:25:50","date_gmt":"2025-08-27T15:25:50","guid":{"rendered":"https:\/\/roveyayinevi.com.tr\/index.php\/urun\/agit\/"},"modified":"2026-04-16T02:27:52","modified_gmt":"2026-04-15T23:27:52","slug":"agit","status":"publish","type":"product","link":"https:\/\/roveyayinevi.com.tr\/index.php\/urun\/agit\/","title":{"rendered":"A\u011f\u0131t"},"content":{"rendered":"<p>Y\u0131lmaz G\u00fcney\u2019in A\u011f\u0131t\u2019\u0131 1971 Alt\u0131n Koza Film \u015eenli\u011fi\u2019nde en iyi film \u00f6d\u00fcl\u00fc ile beraber en iyi rejis\u00f6r, en iyi senaryo ve en iyi erkek oyuncu \u00f6d\u00fcllerini ald\u0131. Filmde ka\u00e7ak\u00e7\u0131l\u0131k yapmak i\u00e7in da\u011fa \u00e7\u0131kan \u00c7obano\u011flu ve \u00fc\u00e7 arkada\u015f\u0131n\u0131n hik\u00e2yesi anlat\u0131l\u0131r. Y\u0131lmaz G\u00fcney\u2019in kurmak istedi\u011fi devrimci sinema gelene\u011finin en \u00f6nemli filmlerinden say\u0131lan A\u011f\u0131t\u2019ta do\u011fan\u0131n e\u015fsiz g\u00fcc\u00fcn\u00fc ve insan\u0131n zorluklar kar\u015f\u0131s\u0131nda nas\u0131l m\u00fccadele etti\u011fini kanl\u0131 canl\u0131 g\u00f6r\u00fcr\u00fcz. Y\u0131lmaz G\u00fcney sinemas\u0131n\u0131n ba\u015fyap\u0131tlar\u0131ndan biri olarak kabul edilen A\u011f\u0131t, hik\u00e2yesi, senaryosu ve film \u00fczerine kaleme al\u0131nan kritiklerle mutlaka okunmas\u0131 gereken kitaplardan biri haline geliyor. <\/p>\n","protected":false},"excerpt":{"rendered":"<p>Y\u0131lmaz G\u00fcney\u2019in A\u011f\u0131t\u2019\u0131 1971 Alt\u0131n Koza Film \u015eenli\u011fi\u2019nde en iyi film \u00f6d\u00fcl\u00fc ile beraber en iyi rejis\u00f6r, en iyi senaryo ve en iyi erkek oyuncu \u00f6d\u00fcllerini<span class=\"excerpt-hellip\"> [\u2026]<\/span><\/p>\n","protected":false},"featured_media":0,"template":"","meta":{"_monsterinsights_skip_tracking":false,"_monsterinsights_sitenote_active":false,"_monsterinsights_sitenote_note":"","_monsterinsights_sitenote_category":0},"product_brand":[],"product_cat":[12291,12332],"product_tag":[],"class_list":{"0":"post-719715","1":"product","2":"type-product","3":"status-publish","5":"product_cat-edebiyat","6":"product_cat-senaryo","7":"pa_cilt-ciltsiz","8":"pa_tur-kitap","9":"pa_yayinevi-ithaki-yayinlari","10":"pa_yazar-yilmaz-guney","12":"first","13":"instock","14":"sale","15":"shipping-taxable","16":"purchasable","17":"product-type-simple"},"_links":{"self":[{"href":"https:\/\/roveyayinevi.com.tr\/index.php\/wp-json\/wp\/v2\/product\/719715","targetHints":{"allow":["GET"]}}],"collection":[{"href":"https:\/\/roveyayinevi.com.tr\/index.php\/wp-json\/wp\/v2\/product"}],"about":[{"href":"https:\/\/roveyayinevi.com.tr\/index.php\/wp-json\/wp\/v2\/types\/product"}],"wp:attachment":[{"href":"https:\/\/roveyayinevi.com.tr\/index.php\/wp-json\/wp\/v2\/media?parent=719715"}],"wp:term":[{"taxonomy":"product_brand","embeddable":true,"href":"https:\/\/roveyayinevi.com.tr\/index.php\/wp-json\/wp\/v2\/product_brand?post=719715"},{"taxonomy":"product_cat","embeddable":true,"href":"https:\/\/roveyayinevi.com.tr\/index.php\/wp-json\/wp\/v2\/product_cat?post=719715"},{"taxonomy":"product_tag","embeddable":true,"href":"https:\/\/roveyayinevi.com.tr\/index.php\/wp-json\/wp\/v2\/product_tag?post=719715"}],"curies":[{"name":"wp","href":"https:\/\/api.w.org\/{rel}","templated":true}]}}