{"id":719709,"date":"2025-08-27T18:25:45","date_gmt":"2025-08-27T15:25:45","guid":{"rendered":"https:\/\/roveyayinevi.com.tr\/index.php\/urun\/mazisi-olan-kadin\/"},"modified":"2026-04-16T02:27:52","modified_gmt":"2026-04-15T23:27:52","slug":"mazisi-olan-kadin","status":"publish","type":"product","link":"https:\/\/roveyayinevi.com.tr\/index.php\/urun\/mazisi-olan-kadin\/","title":{"rendered":"Mazisi Olan Kad\u0131n"},"content":{"rendered":"<p>B\u00fct\u00fcn o\u011flanlar\u0131n b\u00fcy\u00fcmeyi saplant\u0131 haline getirmeleri \u00e7ok eski bir gelenektir. Bunun sebebi, zaman zaman gen\u00e7li\u011fin k\u0131s\u0131tlamalar\u0131 kar\u015f\u0131s\u0131ndaki sab\u0131rs\u0131zl\u0131klar\u0131n\u0131 kelimelere d\u00f6kmeleri, buna kar\u015f\u0131l\u0131k, \u00e7ocuk olmaktan son derece memnun olduklar\u0131 uzun zamanlar\u0131n kelimelerde de\u011fil, eylemde ifade bulmas\u0131d\u0131r. BasIl bazen az\u0131c\u0131k daha b\u00fcy\u00fck olmak istiyordu, ama \u00e7ok da de\u011fil.Mazisi Olan Kad\u0131n\u2019daki \u00f6yk\u00fclerinde F. Scott Fitzgerald, yak\u0131n, ancak bir yandan da \u00e7ok uzakta kalm\u0131\u015f ge\u00e7mi\u015fine yolculuk ediyor. \u00c7ocukluk y\u0131llar\u0131n\u0131n ha\u015far\u0131l\u0131klar\u0131n\u0131, arkada\u015flara yaranma \u00e7abalar\u0131n\u0131, utan\u00e7lar\u0131n\u0131, ilkgen\u00e7li\u011fin ilk a\u015fklar\u0131n\u0131 ve kurulan gelecek hayallerini Fitzgerald kendine \u00f6zg\u00fc naif ve alayc\u0131 bak\u0131\u015f\u0131yla resmediyor. Bu \u00f6yk\u00fclerde anlat\u0131lan, Basil Duke Lee kadar yazar\u0131n da \u00e7ocuklu\u011fu. ikinci k\u0131s\u0131mdaki be\u015f \u00f6yk\u00fcyse, bu kez JosephIne Perry isimli bir \u201cy\u00fcksek sosyete\u201d k\u0131z\u0131n\u0131n renkli, e\u011flenceli ve sanc\u0131l\u0131 gen\u00e7lik maceralar\u0131n\u0131 anlat\u0131yor.Fitzgerald, Sevecendir Gece \u00fczerinde \u00e7al\u0131\u015f\u0131rken Saturday Evening Post dergisine yazd\u0131\u011f\u0131 bu \u00f6yk\u00fcleri daha sonra bir roman haline getirmeyi istemi\u015f, ancak k\u0131sa \u00f6mr\u00fc sebebiyle bu hayalini ger\u00e7ekle\u015ftirememi\u015fti. \u00c7ay partileri, geziler ve danslarla ge\u00e7en bir hayat\u0131, tatl\u0131ya ba\u011flanan anla\u015fmazl\u0131klar\u0131 ve masum \u00fcz\u00fcnt\u00fclerin anlat\u0131ld\u0131\u011f\u0131 Mazisi Olan Kad\u0131n, sanat\u00e7\u0131n\u0131n gen\u00e7 bir adam olarak nostaljik bir portresi.\u201cFitzgerald, karakter ve toplum aras\u0131nda sosyolojinin \u00f6tesinde \u015fairane bir ger\u00e7e\u011fi g\u00f6rebilmi\u015ftir. T\u00fcm k\u0131sal\u0131\u011f\u0131na ra\u011fmen bu hik\u00e2yeler, Mozart ve Chopin\u2019den k\u0131sa par\u00e7alar dinlemek kadar keyifli.\u201dThe New York Times<\/p>\n","protected":false},"excerpt":{"rendered":"<p>B\u00fct\u00fcn o\u011flanlar\u0131n b\u00fcy\u00fcmeyi saplant\u0131 haline getirmeleri \u00e7ok eski bir gelenektir. Bunun sebebi, zaman zaman gen\u00e7li\u011fin k\u0131s\u0131tlamalar\u0131 kar\u015f\u0131s\u0131ndaki sab\u0131rs\u0131zl\u0131klar\u0131n\u0131 kelimelere d\u00f6kmeleri, buna kar\u015f\u0131l\u0131k, \u00e7ocuk olmaktan son derece<span class=\"excerpt-hellip\"> [\u2026]<\/span><\/p>\n","protected":false},"featured_media":0,"template":"","meta":{"_monsterinsights_skip_tracking":false,"_monsterinsights_sitenote_active":false,"_monsterinsights_sitenote_note":"","_monsterinsights_sitenote_category":0},"product_brand":[],"product_cat":[12291,12711],"product_tag":[],"class_list":{"0":"post-719709","1":"product","2":"type-product","3":"status-publish","5":"product_cat-edebiyat","6":"product_cat-roman-oyku","7":"pa_cilt-ciltsiz","8":"pa_tur-kitap","9":"pa_yayinevi-can-yayinlari","10":"pa_yazar-f-scott-fitzgerald","12":"first","13":"instock","14":"sale","15":"shipping-taxable","16":"purchasable","17":"product-type-simple"},"_links":{"self":[{"href":"https:\/\/roveyayinevi.com.tr\/index.php\/wp-json\/wp\/v2\/product\/719709","targetHints":{"allow":["GET"]}}],"collection":[{"href":"https:\/\/roveyayinevi.com.tr\/index.php\/wp-json\/wp\/v2\/product"}],"about":[{"href":"https:\/\/roveyayinevi.com.tr\/index.php\/wp-json\/wp\/v2\/types\/product"}],"wp:attachment":[{"href":"https:\/\/roveyayinevi.com.tr\/index.php\/wp-json\/wp\/v2\/media?parent=719709"}],"wp:term":[{"taxonomy":"product_brand","embeddable":true,"href":"https:\/\/roveyayinevi.com.tr\/index.php\/wp-json\/wp\/v2\/product_brand?post=719709"},{"taxonomy":"product_cat","embeddable":true,"href":"https:\/\/roveyayinevi.com.tr\/index.php\/wp-json\/wp\/v2\/product_cat?post=719709"},{"taxonomy":"product_tag","embeddable":true,"href":"https:\/\/roveyayinevi.com.tr\/index.php\/wp-json\/wp\/v2\/product_tag?post=719709"}],"curies":[{"name":"wp","href":"https:\/\/api.w.org\/{rel}","templated":true}]}}