{"id":719704,"date":"2025-08-27T18:25:42","date_gmt":"2025-08-27T15:25:42","guid":{"rendered":"https:\/\/roveyayinevi.com.tr\/index.php\/urun\/cin-el-sanatlari\/"},"modified":"2026-04-16T02:27:40","modified_gmt":"2026-04-15T23:27:40","slug":"cin-el-sanatlari","status":"publish","type":"product","link":"https:\/\/roveyayinevi.com.tr\/index.php\/urun\/cin-el-sanatlari\/","title":{"rendered":"\u00c7in El Sanatlar\u0131"},"content":{"rendered":"<p>\u00c7in geleneksel el sanatlar\u0131 d\u00fcnyadaki \u00e7e\u015fitli milletlerin maddi k\u00fclt\u00fcr tarihinde benzersiz bir \u015f\u00f6hret kazanm\u0131\u015ft\u0131r. \u00c7in&#8217;in geleneksel el sanatlar\u0131nda birinci \u00f6ncelik insanlara verilir. Bug\u00fcn &#8220;insan odakl\u0131&#8221; diye adland\u0131rd\u0131\u011f\u0131m\u0131z \u015fey budur.\u0130nsanlar makinelerin ortaya \u00e7\u0131kard\u0131\u011f\u0131 \u00fcr\u00fcnlerin birbirinin ayn\u0131, k\u00f6t\u00fc ve aceleyle \u00fcretilmi\u015f oldu\u011funu anlad\u0131ktan sonra, makine yap\u0131m\u0131 \u00fcr\u00fcnlerden memnun kalmaz oldular. Bu \u00fcr\u00fcnlerin insan\u0131n bireyselli\u011fini ink\u00e2r etti\u011fini d\u00fc\u015f\u00fcnmeye ba\u015flad\u0131lar. Ayr\u0131ca, insanda bir yak\u0131nl\u0131k hissi yaratan, yap\u0131m a\u015famas\u0131nda d\u00fc\u015f\u00fcn\u00fcp parmaklar\u0131n\u0131zla dokundu\u011funuz do\u011fal malzemelere harcad\u0131\u011f\u0131n\u0131z geleneksel el eme\u011fi gibi de\u011fildi. \u00c7in sanat\u0131, ilham\u0131n\u0131 do\u011fadan alan \u00c7inli ustalar\u0131n becerileriyle doruklara t\u0131rmanarak do\u011fa ve insan aras\u0131ndaki uyumu s\u00fcrd\u00fcr\u00fcr.\u00c7in&#8217;e \u00f6zg\u00fc mavimsi a\u00e7\u0131k ye\u015fil porselen, \u00e7atlakl\u0131 porselen, de\u011fi\u015fen \u0131\u015f\u0131kla renk de\u011fi\u015ftiren &#8220;de\u011fi\u015fken renkli porselen&#8221;, g\u00f6lgeli mavi porselen, u\u00e7uk ye\u015fil renkli, \u00fcnl\u00fc &#8220;Seladon&#8221; porselen \u00c7inli el ustalar\u0131n\u0131n d\u00fcnya miras\u0131na katk\u0131lar\u0131d\u0131r.Lake cilal\u0131 e\u015fya, ye\u015fim ta\u015f\u0131 oymac\u0131l\u0131\u011f\u0131, a\u011fa\u00e7 i\u015fleme ve mobilya, g\u00fcm\u00fc\u015f ve alt\u0131n \u00fcr\u00fcnler ve kaplama, \u00c7in&#8217;e \u00f6zg\u00fc s\u0131r alt\u0131 k\u0131rm\u0131z\u0131 renk, minecilik, emaye kapl\u0131 renkli porselen, ipekli dokuma \u00c7inli ustalar\u0131n harikalar yaratt\u0131klar\u0131 alanlard\u0131r. \u00c7inlilerin &#8220;Yinjin&#8221; ad\u0131n\u0131 verdikleri &#8220;bulut brokar&#8221;, modern dokuma makineleriyle dokunamayan tek tekstil t\u00fcr\u00fcd\u00fcr. Bug\u00fcn t\u00fcm \u00c7in&#8217;de bu tekstil t\u00fcr\u00fcnde usta olan ancak 50 ki\u015fi vard\u0131r. &#8220;G\u00f6vdesiz lake&#8221; e\u015fyalar ise tamamen \u00c7in&#8217;e \u00f6zg\u00fcd\u00fcr.<\/p>\n","protected":false},"excerpt":{"rendered":"<p>\u00c7in geleneksel el sanatlar\u0131 d\u00fcnyadaki \u00e7e\u015fitli milletlerin maddi k\u00fclt\u00fcr tarihinde benzersiz bir \u015f\u00f6hret kazanm\u0131\u015ft\u0131r. \u00c7in&#8217;in geleneksel el sanatlar\u0131nda birinci \u00f6ncelik insanlara verilir. Bug\u00fcn &#8220;insan odakl\u0131&#8221; diye<span class=\"excerpt-hellip\"> [\u2026]<\/span><\/p>\n","protected":false},"featured_media":0,"template":"","meta":{"_monsterinsights_skip_tracking":false,"_monsterinsights_sitenote_active":false,"_monsterinsights_sitenote_note":"","_monsterinsights_sitenote_category":0},"product_brand":[],"product_cat":[40414,12408],"product_tag":[],"class_list":{"0":"post-719704","1":"product","2":"type-product","3":"status-publish","5":"product_cat-referans-kitaplar-sanat","6":"product_cat-sanat","7":"pa_cilt-ciltsiz","8":"pa_tur-kitap","9":"pa_yayinevi-kaynak-yayinlari","10":"pa_yazar-hang-jian-guo-qiuhui","12":"first","13":"instock","14":"sale","15":"shipping-taxable","16":"purchasable","17":"product-type-simple"},"_links":{"self":[{"href":"https:\/\/roveyayinevi.com.tr\/index.php\/wp-json\/wp\/v2\/product\/719704","targetHints":{"allow":["GET"]}}],"collection":[{"href":"https:\/\/roveyayinevi.com.tr\/index.php\/wp-json\/wp\/v2\/product"}],"about":[{"href":"https:\/\/roveyayinevi.com.tr\/index.php\/wp-json\/wp\/v2\/types\/product"}],"wp:attachment":[{"href":"https:\/\/roveyayinevi.com.tr\/index.php\/wp-json\/wp\/v2\/media?parent=719704"}],"wp:term":[{"taxonomy":"product_brand","embeddable":true,"href":"https:\/\/roveyayinevi.com.tr\/index.php\/wp-json\/wp\/v2\/product_brand?post=719704"},{"taxonomy":"product_cat","embeddable":true,"href":"https:\/\/roveyayinevi.com.tr\/index.php\/wp-json\/wp\/v2\/product_cat?post=719704"},{"taxonomy":"product_tag","embeddable":true,"href":"https:\/\/roveyayinevi.com.tr\/index.php\/wp-json\/wp\/v2\/product_tag?post=719704"}],"curies":[{"name":"wp","href":"https:\/\/api.w.org\/{rel}","templated":true}]}}