{"id":719703,"date":"2025-08-27T18:25:41","date_gmt":"2025-08-27T15:25:41","guid":{"rendered":"https:\/\/roveyayinevi.com.tr\/index.php\/urun\/diyanetin-gizli-tarikatlar-raporu\/"},"modified":"2026-04-16T02:27:40","modified_gmt":"2026-04-15T23:27:40","slug":"diyanetin-gizli-tarikatlar-raporu","status":"publish","type":"product","link":"https:\/\/roveyayinevi.com.tr\/index.php\/urun\/diyanetin-gizli-tarikatlar-raporu\/","title":{"rendered":"Diyanet&#8217;in Gizli Tarikatlar Raporu"},"content":{"rendered":"<p>\u201c15 Temmuz darbe giri\u015fimin ard\u0131ndan, T\u00fcrkiye\u2019de faaliyet g\u00f6steren ve dini arg\u00fcmanlarla hareket etti\u011fini iddia eden yap\u0131lar\u0131n ayr\u0131nt\u0131l\u0131 bir \u015fekilde incelenmesi ka\u00e7\u0131n\u0131lmaz olmu\u015ftur.\u201d\u201cT\u00fcrkiye\u2019nin son birka\u00e7 y\u0131ld\u0131r bo\u011fu\u015ftu\u011fu FET\u00d6 (Fetullah\u00e7\u0131 Ter\u00f6r \u00d6rg\u00fct\u00fc) problemi, \u00fclkemizin dini olu\u015fumlar haritas\u0131n\u0131 \u00e7\u0131karmay\u0131 zorunlu k\u0131lmaktad\u0131r.\u201d<\/p>\n","protected":false},"excerpt":{"rendered":"<p>\u201c15 Temmuz darbe giri\u015fimin ard\u0131ndan, T\u00fcrkiye\u2019de faaliyet g\u00f6steren ve dini arg\u00fcmanlarla hareket etti\u011fini iddia eden yap\u0131lar\u0131n ayr\u0131nt\u0131l\u0131 bir \u015fekilde incelenmesi ka\u00e7\u0131n\u0131lmaz olmu\u015ftur.\u201d\u201cT\u00fcrkiye\u2019nin son birka\u00e7 y\u0131ld\u0131r bo\u011fu\u015ftu\u011fu<span class=\"excerpt-hellip\"> [\u2026]<\/span><\/p>\n","protected":false},"featured_media":0,"template":"","meta":{"_monsterinsights_skip_tracking":false,"_monsterinsights_sitenote_active":false,"_monsterinsights_sitenote_note":"","_monsterinsights_sitenote_category":0},"product_brand":[],"product_cat":[13590,12337],"product_tag":[],"class_list":{"0":"post-719703","1":"product","2":"type-product","3":"status-publish","5":"product_cat-arastirma-inceleme-politika-siyaset","6":"product_cat-politika-siyaset","7":"pa_cilt-ciltsiz","8":"pa_tur-kitap","9":"pa_yayinevi-kaynak-yayinlari","10":"pa_yazar-oktay-yildirim","12":"first","13":"instock","14":"sale","15":"shipping-taxable","16":"purchasable","17":"product-type-simple"},"_links":{"self":[{"href":"https:\/\/roveyayinevi.com.tr\/index.php\/wp-json\/wp\/v2\/product\/719703","targetHints":{"allow":["GET"]}}],"collection":[{"href":"https:\/\/roveyayinevi.com.tr\/index.php\/wp-json\/wp\/v2\/product"}],"about":[{"href":"https:\/\/roveyayinevi.com.tr\/index.php\/wp-json\/wp\/v2\/types\/product"}],"wp:attachment":[{"href":"https:\/\/roveyayinevi.com.tr\/index.php\/wp-json\/wp\/v2\/media?parent=719703"}],"wp:term":[{"taxonomy":"product_brand","embeddable":true,"href":"https:\/\/roveyayinevi.com.tr\/index.php\/wp-json\/wp\/v2\/product_brand?post=719703"},{"taxonomy":"product_cat","embeddable":true,"href":"https:\/\/roveyayinevi.com.tr\/index.php\/wp-json\/wp\/v2\/product_cat?post=719703"},{"taxonomy":"product_tag","embeddable":true,"href":"https:\/\/roveyayinevi.com.tr\/index.php\/wp-json\/wp\/v2\/product_tag?post=719703"}],"curies":[{"name":"wp","href":"https:\/\/api.w.org\/{rel}","templated":true}]}}