{"id":719701,"date":"2025-08-27T18:25:40","date_gmt":"2025-08-27T15:25:40","guid":{"rendered":"https:\/\/roveyayinevi.com.tr\/index.php\/urun\/fetonun-emniyet-yapilanmasi-ciltli\/"},"modified":"2026-04-16T02:27:40","modified_gmt":"2026-04-15T23:27:40","slug":"fetonun-emniyet-yapilanmasi-ciltli","status":"publish","type":"product","link":"https:\/\/roveyayinevi.com.tr\/index.php\/urun\/fetonun-emniyet-yapilanmasi-ciltli\/","title":{"rendered":"Fet\u00f6&#8217;n\u00fcn Emniyet Yap\u0131lanmas\u0131 (Ciltli)"},"content":{"rendered":"<p>FET\u00d6, Emniyet Te\u015fkilat\u0131n\u0131 ele ge\u00e7irebilmek i\u00e7in \u00f6rg\u00fct \u00fcyesi komiser ve emniyet m\u00fcd\u00fcrleri yeti\u015ftirerek i\u015fe ba\u015flad\u0131. Te\u015fkilat i\u00e7indeki FET\u00d6&#8217;c\u00fc y\u00f6netim kademesi polis al\u0131m s\u0131navlar\u0131na n\u00fcfuz edebilecek g\u00fcce eri\u015fti\u011finde, a\u00e7\u0131ktan polis memuru al\u0131mlar\u0131n\u0131 da kontrol ederek t\u00fcm Te\u015fkilat\u0131n FET\u00d6&#8217;ye dev\u015firilmesi a\u015famas\u0131na ge\u00e7ti. K\u0131rk \u00e7e\u015fit ter\u00f6r \u00f6rg\u00fct\u00fcn\u00fcn faaliyette oldu\u011fu, ajanlar\u0131n cirit att\u0131\u011f\u0131, toplumsal olaylar\u0131n dur durak bilmedi\u011fi, siyasi nabz\u0131n her zaman y\u00fcksek seyretti\u011fi bir \u00fclkenin Emniyet Te\u015fkilat\u0131n\u0131 ele ge\u00e7irmek demek, o \u00fclkenin belini k\u0131rmak demekti. FET\u00d6&#8217;n\u00fcn istedi\u011fi de tam olarak buydu ve durum art\u0131k \u00f6yle bir hal alm\u0131\u015ft\u0131 ki FET\u00d6&#8217;den destur almaks\u0131z\u0131n polis olmak neredeyse imkans\u0131z hale gelmi\u015fti.FET\u00d6&#8217;n\u00fcn Emniyet Te\u015fkilat\u0131ndaki mahrem yap\u0131lanmas\u0131na ili\u015fkin iddianame ile KOM Daire Ba\u015fkanl\u0131\u011f\u0131&#8217;n\u0131n raporu bu ger\u00e7e\u011fi belgeliyor.<\/p>\n","protected":false},"excerpt":{"rendered":"<p>FET\u00d6, Emniyet Te\u015fkilat\u0131n\u0131 ele ge\u00e7irebilmek i\u00e7in \u00f6rg\u00fct \u00fcyesi komiser ve emniyet m\u00fcd\u00fcrleri yeti\u015ftirerek i\u015fe ba\u015flad\u0131. Te\u015fkilat i\u00e7indeki FET\u00d6&#8217;c\u00fc y\u00f6netim kademesi polis al\u0131m s\u0131navlar\u0131na n\u00fcfuz edebilecek g\u00fcce<span class=\"excerpt-hellip\"> [\u2026]<\/span><\/p>\n","protected":false},"featured_media":0,"template":"","meta":{"_monsterinsights_skip_tracking":false,"_monsterinsights_sitenote_active":false,"_monsterinsights_sitenote_note":"","_monsterinsights_sitenote_category":0},"product_brand":[],"product_cat":[13590,12337],"product_tag":[],"class_list":{"0":"post-719701","1":"product","2":"type-product","3":"status-publish","5":"product_cat-arastirma-inceleme-politika-siyaset","6":"product_cat-politika-siyaset","7":"pa_cilt-ciltli","8":"pa_tur-kitap","9":"pa_yayinevi-kaynak-yayinlari","10":"pa_yazar-muhammed-gomuk","12":"first","13":"instock","14":"sale","15":"shipping-taxable","16":"purchasable","17":"product-type-simple"},"_links":{"self":[{"href":"https:\/\/roveyayinevi.com.tr\/index.php\/wp-json\/wp\/v2\/product\/719701","targetHints":{"allow":["GET"]}}],"collection":[{"href":"https:\/\/roveyayinevi.com.tr\/index.php\/wp-json\/wp\/v2\/product"}],"about":[{"href":"https:\/\/roveyayinevi.com.tr\/index.php\/wp-json\/wp\/v2\/types\/product"}],"wp:attachment":[{"href":"https:\/\/roveyayinevi.com.tr\/index.php\/wp-json\/wp\/v2\/media?parent=719701"}],"wp:term":[{"taxonomy":"product_brand","embeddable":true,"href":"https:\/\/roveyayinevi.com.tr\/index.php\/wp-json\/wp\/v2\/product_brand?post=719701"},{"taxonomy":"product_cat","embeddable":true,"href":"https:\/\/roveyayinevi.com.tr\/index.php\/wp-json\/wp\/v2\/product_cat?post=719701"},{"taxonomy":"product_tag","embeddable":true,"href":"https:\/\/roveyayinevi.com.tr\/index.php\/wp-json\/wp\/v2\/product_tag?post=719701"}],"curies":[{"name":"wp","href":"https:\/\/api.w.org\/{rel}","templated":true}]}}