{"id":719700,"date":"2025-08-27T18:25:40","date_gmt":"2025-08-27T15:25:40","guid":{"rendered":"https:\/\/roveyayinevi.com.tr\/index.php\/urun\/turkculugun-esaslari-5\/"},"modified":"2026-04-16T02:27:40","modified_gmt":"2026-04-15T23:27:40","slug":"turkculugun-esaslari-5","status":"publish","type":"product","link":"https:\/\/roveyayinevi.com.tr\/index.php\/urun\/turkculugun-esaslari-5\/","title":{"rendered":"T\u00fcrk\u00e7\u00fcl\u00fc\u011f\u00fcn Esaslar\u0131"},"content":{"rendered":"<p>Ziya G\u00f6kalp, T\u00fcrk milliyet\u00e7ili\u011finin Cumhuriyet d\u00f6nemindeki en \u00f6nemli isimlerindendir.O, Bizatihi T\u00fcrkiye Cumhuriyeti\u2019nin kurucusu Mustafa Kemal Atat\u00fcrk\u2019\u00fcn \u201cfikir babamd\u0131r\u201d dedi\u011fi \u00e7ok m\u00fchim bir \u015fahsiyettir. 1923 y\u0131l\u0131nda yay\u0131mlanan T\u00fcrk\u00e7\u00fcl\u00fc\u011f\u00fcn Esaslar\u0131 adl\u0131 eseriyle Ziya G\u00f6kalp o g\u00fcne kadar savundu\u011fu d\u00fc\u015f\u00fcnceleri derli toplu bir hale getirmi\u015ftir. Kitap, bu y\u00f6n\u00fcyle G\u00f6kalp\u2019\u0131n fikirlerinin b\u00fct\u00fcn\u00fc mahiyetini ta\u015f\u0131maktad\u0131r. Zira bu kitapta yazar T\u00fcrk k\u00fclt\u00fcr\u00fcn\u00fcn hemen her noktas\u0131na dair fikirlerini a\u00e7\u0131klamaktad\u0131r. Ziya G\u00f6kalp\u2019e g\u00f6re \u201cT\u00fcrk milletini y\u00fckseltmek\u201d demek olan T\u00fcrk\u00e7\u00fcl\u00fck, onun fikir d\u00fcnyas\u0131nda temel de\u011fer olarak kendine yer bulur. Ziya G\u00f6kalp\u2019\u0131n T\u00fcrk\u00e7\u00fcl\u00fc\u011f\u00fc, onun bu kitapta yer alan fikirleri incelendi\u011finde g\u00f6r\u00fclecektir ki kavmiyet\u00e7i bir fikir telakkisi de\u011fil, temeli kendi ifadesi ile \u201chars\u201d olarak adland\u0131rd\u0131\u011f\u0131 k\u00fclt\u00fcre dayanan bir telakkidir.T\u00fcrkiye Cumhuriyeti\u2019ni kuran fikirleri muhtev\u00ee bu kitap nesilden nesile anla\u015f\u0131larak aktar\u0131lmas\u0131 gereken hem bir fikir eseri hem de bar\u0131nd\u0131rd\u0131\u011f\u0131 \u00fcslup ile bir edebiyat eseridir. Ziya G\u00f6kalp zaman\u0131 i\u00e7in son derece saf bir T\u00fcrk\u00e7e ile bir fikir eserinin de mill\u00ee dil ile yaz\u0131labilece\u011fini g\u00f6stermi\u015ftir. Bize d\u00fc\u015fen ise bug\u00fcnk\u00fc devletimizin dayand\u0131\u011f\u0131 fikr\u00ee telakkileri \u00f6\u011frenmek ve kitapta yer alan fikirlerden kendimize bir pay \u00e7\u0131karmak olmal\u0131d\u0131r.<\/p>\n","protected":false},"excerpt":{"rendered":"<p>Ziya G\u00f6kalp, T\u00fcrk milliyet\u00e7ili\u011finin Cumhuriyet d\u00f6nemindeki en \u00f6nemli isimlerindendir.O, Bizatihi T\u00fcrkiye Cumhuriyeti\u2019nin kurucusu Mustafa Kemal Atat\u00fcrk\u2019\u00fcn \u201cfikir babamd\u0131r\u201d dedi\u011fi \u00e7ok m\u00fchim bir \u015fahsiyettir. 1923 y\u0131l\u0131nda yay\u0131mlanan<span class=\"excerpt-hellip\"> [\u2026]<\/span><\/p>\n","protected":false},"featured_media":0,"template":"","meta":{"_monsterinsights_skip_tracking":false,"_monsterinsights_sitenote_active":false,"_monsterinsights_sitenote_note":"","_monsterinsights_sitenote_category":0},"product_brand":[],"product_cat":[12965,12337],"product_tag":[],"class_list":{"0":"post-719700","1":"product","2":"type-product","3":"status-publish","5":"product_cat-genel-politika","6":"product_cat-politika-siyaset","7":"pa_cilt-ciltsiz","8":"pa_tur-kitap","9":"pa_yayinevi-atac-yayinlari","10":"pa_yazar-ziya-gokalp","12":"first","13":"instock","14":"sale","15":"shipping-taxable","16":"purchasable","17":"product-type-simple"},"_links":{"self":[{"href":"https:\/\/roveyayinevi.com.tr\/index.php\/wp-json\/wp\/v2\/product\/719700","targetHints":{"allow":["GET"]}}],"collection":[{"href":"https:\/\/roveyayinevi.com.tr\/index.php\/wp-json\/wp\/v2\/product"}],"about":[{"href":"https:\/\/roveyayinevi.com.tr\/index.php\/wp-json\/wp\/v2\/types\/product"}],"wp:attachment":[{"href":"https:\/\/roveyayinevi.com.tr\/index.php\/wp-json\/wp\/v2\/media?parent=719700"}],"wp:term":[{"taxonomy":"product_brand","embeddable":true,"href":"https:\/\/roveyayinevi.com.tr\/index.php\/wp-json\/wp\/v2\/product_brand?post=719700"},{"taxonomy":"product_cat","embeddable":true,"href":"https:\/\/roveyayinevi.com.tr\/index.php\/wp-json\/wp\/v2\/product_cat?post=719700"},{"taxonomy":"product_tag","embeddable":true,"href":"https:\/\/roveyayinevi.com.tr\/index.php\/wp-json\/wp\/v2\/product_tag?post=719700"}],"curies":[{"name":"wp","href":"https:\/\/api.w.org\/{rel}","templated":true}]}}