{"id":719699,"date":"2025-08-27T18:25:39","date_gmt":"2025-08-27T15:25:39","guid":{"rendered":"https:\/\/roveyayinevi.com.tr\/index.php\/urun\/gucluk-nerede\/"},"modified":"2026-04-16T02:27:40","modified_gmt":"2026-04-15T23:27:40","slug":"gucluk-nerede","status":"publish","type":"product","link":"https:\/\/roveyayinevi.com.tr\/index.php\/urun\/gucluk-nerede\/","title":{"rendered":"G\u00fc\u00e7l\u00fck Nerede?"},"content":{"rendered":"<p>\u201cOrhan \u015eaik G\u00f6kyay\u2019\u0131n B\u00fct\u00fcn Eserleri\u201d yay\u0131m dizisi i\u00e7erisinde yer alan \u201cSe\u00e7me Makaleleler\u201d b\u00f6l\u00fcm\u00fcn\u00fcn elinde tuttu\u011funuz d\u00f6rd\u00fcnc\u00fc kitab\u0131 yine hocam\u0131z\u0131n T\u00fcrk k\u00fclt\u00fcr\u00fcne dair alan ay\u0131rmaks\u0131z\u0131n yapt\u0131\u011f\u0131 \u00e7al\u0131\u015fmalar\u0131 kapsamaktad\u0131r. Okuyucu bu kitapta hocan\u0131n 23 makalesini bulacakt\u0131r. Kitap, i\u00e7eri\u011fi ile g\u00f6r\u00fclecektir ki hocan\u0131n daha \u00e7ok eski k\u00fclt\u00fcre ait ara\u015ft\u0131rmalar\u0131n\u0131 kapsayan makaleleler b\u00fct\u00fcn\u00fc h\u00fcviyetindedir. G\u00f6kyay hoca bu makalelerinde ya\u015fay\u0131\u015f\u0131ndan edebiyat\u0131na, k\u00fclt\u00fcr\u00fcnden d\u00fc\u015f\u00fcnce d\u00fcnyas\u0131na kadar eski insan\u0131n hayat maceras\u0131n\u0131 yakalamaya \u00e7al\u0131\u015fm\u0131\u015ft\u0131r. S\u00f6z gelimi kitapta bulunan \u00e7i\u00e7ekler ile ilgili makaleler ve eski insan\u0131n \u015fehir telakkilerini yans\u0131tan yaz\u0131lar bu minvalde de\u011ferlendirilebilir.Elinizde tuttu\u011funuz bu kitapta yer alan makaleler, her y\u00f6n\u00fc ile bize ait olan bir medeniyeti kitaplarda, s\u00f6zl\u00fcklerde, bunlardan da \u00f6te, zihinlerde arama \u00e7abas\u0131d\u0131r. G\u00f6kyay, bu yaz\u0131lar\u0131 ile bir mesaj vermek istemi\u015f, eski k\u00fclt\u00fcr\u00fcm\u00fcz\u00fc b\u00fct\u00fcn y\u00f6nleri ile ele almaya gayret etmi\u015f, bug\u00fcn\u00fcn okuyucusunun hi\u00e7 olmazsa bu b\u00fcy\u00fck mirastan hissedar olmas\u0131n\u0131 sa\u011flamak onun ana gayesi olmu\u015ftur. Mezkur makalelerden ba\u015fka okuyucu kitapta yine hocan\u0131n tenkit oklar\u0131n\u0131 i\u00e7eren yaz\u0131lar\u0131n\u0131 bulacakt\u0131r. Bu makaleler de yine g\u00fcn\u00fcm\u00fcz ara\u015ft\u0131rmac\u0131lar\u0131 i\u00e7in son derece ehemmiyet arz eden uyar\u0131larla dolu yaz\u0131lard\u0131r.<\/p>\n","protected":false},"excerpt":{"rendered":"<p>\u201cOrhan \u015eaik G\u00f6kyay\u2019\u0131n B\u00fct\u00fcn Eserleri\u201d yay\u0131m dizisi i\u00e7erisinde yer alan \u201cSe\u00e7me Makaleleler\u201d b\u00f6l\u00fcm\u00fcn\u00fcn elinde tuttu\u011funuz d\u00f6rd\u00fcnc\u00fc kitab\u0131 yine hocam\u0131z\u0131n T\u00fcrk k\u00fclt\u00fcr\u00fcne dair alan ay\u0131rmaks\u0131z\u0131n yapt\u0131\u011f\u0131 \u00e7al\u0131\u015fmalar\u0131<span class=\"excerpt-hellip\"> [\u2026]<\/span><\/p>\n","protected":false},"featured_media":0,"template":"","meta":{"_monsterinsights_skip_tracking":false,"_monsterinsights_sitenote_active":false,"_monsterinsights_sitenote_note":"","_monsterinsights_sitenote_category":0},"product_brand":[],"product_cat":[13072,12291],"product_tag":[],"class_list":{"0":"post-719699","1":"product","2":"type-product","3":"status-publish","5":"product_cat-arastirma-inceleme-referans","6":"product_cat-edebiyat","7":"pa_cilt-ciltsiz","8":"pa_tur-kitap","9":"pa_yayinevi-yeditepe-yayinevi","10":"pa_yazar-orhan-saik-gokyay","12":"first","13":"instock","14":"sale","15":"shipping-taxable","16":"purchasable","17":"product-type-simple"},"_links":{"self":[{"href":"https:\/\/roveyayinevi.com.tr\/index.php\/wp-json\/wp\/v2\/product\/719699","targetHints":{"allow":["GET"]}}],"collection":[{"href":"https:\/\/roveyayinevi.com.tr\/index.php\/wp-json\/wp\/v2\/product"}],"about":[{"href":"https:\/\/roveyayinevi.com.tr\/index.php\/wp-json\/wp\/v2\/types\/product"}],"wp:attachment":[{"href":"https:\/\/roveyayinevi.com.tr\/index.php\/wp-json\/wp\/v2\/media?parent=719699"}],"wp:term":[{"taxonomy":"product_brand","embeddable":true,"href":"https:\/\/roveyayinevi.com.tr\/index.php\/wp-json\/wp\/v2\/product_brand?post=719699"},{"taxonomy":"product_cat","embeddable":true,"href":"https:\/\/roveyayinevi.com.tr\/index.php\/wp-json\/wp\/v2\/product_cat?post=719699"},{"taxonomy":"product_tag","embeddable":true,"href":"https:\/\/roveyayinevi.com.tr\/index.php\/wp-json\/wp\/v2\/product_tag?post=719699"}],"curies":[{"name":"wp","href":"https:\/\/api.w.org\/{rel}","templated":true}]}}