{"id":719696,"date":"2025-08-27T18:25:37","date_gmt":"2025-08-27T15:25:37","guid":{"rendered":"https:\/\/roveyayinevi.com.tr\/index.php\/urun\/yapi-malzemeleri\/"},"modified":"2026-04-16T02:27:40","modified_gmt":"2026-04-15T23:27:40","slug":"yapi-malzemeleri","status":"publish","type":"product","link":"https:\/\/roveyayinevi.com.tr\/index.php\/urun\/yapi-malzemeleri\/","title":{"rendered":"Yap\u0131 Malzemeleri"},"content":{"rendered":"<p>B\u0130R\u0130NC\u0130 B\u00d6L\u00dcM: G\u0130R\u0130\u015e   YAPI MALZEMELER\u0130 Yap\u0131 Malzemelerinin S\u0131n\u0131fland\u0131r\u0131lmas\u0131 Ta\u015f\u0131y\u0131c\u0131 Malzeme veya Str\u00fckt\u00fcr Malzeme . Detay Malzemesi Yap\u0131lar\u0131n Maruz Kald\u0131klar\u0131 Kuvvetler ve Mukavemet \u00d6zellikleri Malzemenin Mekanik \u00d6zellikleri Yap\u0131lar\u0131n S\u0131n\u0131fland\u0131r\u0131lmas\u0131 \u0130K\u0130NC\u0130 B\u00d6L\u00dcM   Yap\u0131 Ta\u015flar\u0131n\u0131n S\u0131n\u0131fland\u0131r\u0131lmas\u0131 Mineraller ve Tabii Ta\u015flar\u0131n Yap\u0131s\u0131 Yap\u0131da Kullan\u0131lan Ta\u015flar Yap\u0131 Ta\u015flar\u0131n\u0131n Muayene ve Metodlar\u0131 Ta\u015flar\u0131n Ocaktan \u00c7\u0131kar\u0131lmas\u0131 \u00dc\u00c7\u00dcNC\u00dc B\u00d6L\u00dcM Kire\u00e7 ve \u00c7imentolar\u0131n Tarifi \u00c7abuk Kat\u0131la\u015fan \u00c7imento \u00dcretimin Cinsine G\u00f6re Tasnifi Kire\u00e7lerin ve \u00c7imentolar\u0131n Mukavemeti Kire\u00e7lerin \u00dcretimi Kirecin S\u00f6nd\u00fcr\u00fclmesi \u00c7abuk Kat\u0131la\u015fan \u00c7imentolar\u0131n \u00dcretimi D\u00d6RD\u00dcNC\u00dc B\u00d6L\u00dcM Kumlar Har\u00e7lar Har\u00e7 Dozaj\u0131n\u0131n Prensibi Jipsli (S\u00fclfatl\u0131) Zeminlerde Yap\u0131m Saf Sular ve Tahrip Edici Sular\u0131n Etkisine Maruz Yap\u0131lar Har\u00e7lar\u0131n \u00dcretimi Beton Beton Deneyleri BE\u015e\u0130NC\u0130 B\u00d6L\u00dcM   Kil Seramik Maddeler Tu\u011fla ve \u0130malat\u0131 Tahlil Tu\u011fla \u00c7e\u015fitleri Kiremitlerin Yap\u0131l\u0131\u015f\u0131 SERAM\u0130K Ah\u015fap Ah\u015fap\u0131n \u00dcretimi Ah\u015fap\u0131n Kusurlar\u0131 Ah\u015fap Boyutlar\u0131 ve Kullan\u0131ld\u0131\u011f\u0131 Yerler Ah\u015fap \u00dczerine Zarar Veren Etkenler ve Korunma \u00c7areleri Yang\u0131n Koruma \u00c7areleri Ah\u015fapta Yap\u0131lan Suni Malzemeler Ah\u015fap\u0131n Birle\u015fimleri Ah\u015fap\u0131n Mekanik Deneyleri YED\u0130NC\u0130 B\u00d6L\u00dcM   Metaller \u00c7elik \u00c7eli\u011fin Serle\u015ftirilmesi ve Yumu\u015fat\u0131lmas\u0131 Sementasyon \u00c7elik \u00dczerinde Yap\u0131lan Deneyler Demirsiz Metaller Metallere \u015eekil Verilmesi SEK\u0130Z\u0130NC\u0130 B\u00d6L\u00dcM: ORGAN\u0130K POL\u0130MERLER   Bit\u00fcml\u00fc Maddeler Plastik Maddeler Boyalar <\/p>\n","protected":false},"excerpt":{"rendered":"<p>B\u0130R\u0130NC\u0130 B\u00d6L\u00dcM: G\u0130R\u0130\u015e YAPI MALZEMELER\u0130 Yap\u0131 Malzemelerinin S\u0131n\u0131fland\u0131r\u0131lmas\u0131 Ta\u015f\u0131y\u0131c\u0131 Malzeme veya Str\u00fckt\u00fcr Malzeme . Detay Malzemesi Yap\u0131lar\u0131n Maruz Kald\u0131klar\u0131 Kuvvetler ve Mukavemet \u00d6zellikleri Malzemenin Mekanik \u00d6zellikleri<span class=\"excerpt-hellip\"> [\u2026]<\/span><\/p>\n","protected":false},"featured_media":0,"template":"","meta":{"_monsterinsights_skip_tracking":false,"_monsterinsights_sitenote_active":false,"_monsterinsights_sitenote_note":"","_monsterinsights_sitenote_category":0},"product_brand":[],"product_cat":[13005,18664],"product_tag":[],"class_list":{"0":"post-719696","1":"product","2":"type-product","3":"status-publish","5":"product_cat-bilim-muhendislik","6":"product_cat-muhendislik","7":"pa_cilt-ciltsiz","8":"pa_tur-kitap","9":"pa_yayinevi-gazi-kitabevi","10":"pa_yazar-uyesi-mahmut-durmaz","12":"first","13":"instock","14":"sale","15":"shipping-taxable","16":"purchasable","17":"product-type-simple"},"_links":{"self":[{"href":"https:\/\/roveyayinevi.com.tr\/index.php\/wp-json\/wp\/v2\/product\/719696","targetHints":{"allow":["GET"]}}],"collection":[{"href":"https:\/\/roveyayinevi.com.tr\/index.php\/wp-json\/wp\/v2\/product"}],"about":[{"href":"https:\/\/roveyayinevi.com.tr\/index.php\/wp-json\/wp\/v2\/types\/product"}],"wp:attachment":[{"href":"https:\/\/roveyayinevi.com.tr\/index.php\/wp-json\/wp\/v2\/media?parent=719696"}],"wp:term":[{"taxonomy":"product_brand","embeddable":true,"href":"https:\/\/roveyayinevi.com.tr\/index.php\/wp-json\/wp\/v2\/product_brand?post=719696"},{"taxonomy":"product_cat","embeddable":true,"href":"https:\/\/roveyayinevi.com.tr\/index.php\/wp-json\/wp\/v2\/product_cat?post=719696"},{"taxonomy":"product_tag","embeddable":true,"href":"https:\/\/roveyayinevi.com.tr\/index.php\/wp-json\/wp\/v2\/product_tag?post=719696"}],"curies":[{"name":"wp","href":"https:\/\/api.w.org\/{rel}","templated":true}]}}