{"id":719695,"date":"2025-08-27T18:25:36","date_gmt":"2025-08-27T15:25:36","guid":{"rendered":"https:\/\/roveyayinevi.com.tr\/index.php\/urun\/urban-climate-change-governance\/"},"modified":"2026-04-16T02:27:40","modified_gmt":"2026-04-15T23:27:40","slug":"urban-climate-change-governance","status":"publish","type":"product","link":"https:\/\/roveyayinevi.com.tr\/index.php\/urun\/urban-climate-change-governance\/","title":{"rendered":"Urban Climate Change Governance"},"content":{"rendered":"<p>\u0130\u00c7\u0130NDEK\u0130LER CHAPTER I SCIENCE AND POLITICS OF CLIMATE CHANGE CHAPTER II CITIES AND CLIMATE CHANGE CHAPTER III URBAN CLIMATE CHANGE GOVERNANCE CHAPTER IV CLIMATE CHANGE GOVERNANCE IN TURKEY<\/p>\n","protected":false},"excerpt":{"rendered":"<p>\u0130\u00c7\u0130NDEK\u0130LER CHAPTER I SCIENCE AND POLITICS OF CLIMATE CHANGE CHAPTER II CITIES AND CLIMATE CHANGE CHAPTER III URBAN CLIMATE CHANGE GOVERNANCE CHAPTER IV CLIMATE CHANGE GOVERNANCE<span class=\"excerpt-hellip\"> [\u2026]<\/span><\/p>\n","protected":false},"featured_media":0,"template":"","meta":{"_monsterinsights_skip_tracking":false,"_monsterinsights_sitenote_active":false,"_monsterinsights_sitenote_note":"","_monsterinsights_sitenote_category":0},"product_brand":[],"product_cat":[12767,12324],"product_tag":[],"class_list":{"0":"post-719695","1":"product","2":"type-product","3":"status-publish","5":"product_cat-kentlesme-modernlesme","6":"product_cat-sosyoloji","7":"pa_cilt-ciltsiz","8":"pa_tur-kitap","9":"pa_yayinevi-gazi-kitabevi","10":"pa_yazar-korkmaz-yildirim","12":"first","13":"instock","14":"sale","15":"shipping-taxable","16":"purchasable","17":"product-type-simple"},"_links":{"self":[{"href":"https:\/\/roveyayinevi.com.tr\/index.php\/wp-json\/wp\/v2\/product\/719695","targetHints":{"allow":["GET"]}}],"collection":[{"href":"https:\/\/roveyayinevi.com.tr\/index.php\/wp-json\/wp\/v2\/product"}],"about":[{"href":"https:\/\/roveyayinevi.com.tr\/index.php\/wp-json\/wp\/v2\/types\/product"}],"wp:attachment":[{"href":"https:\/\/roveyayinevi.com.tr\/index.php\/wp-json\/wp\/v2\/media?parent=719695"}],"wp:term":[{"taxonomy":"product_brand","embeddable":true,"href":"https:\/\/roveyayinevi.com.tr\/index.php\/wp-json\/wp\/v2\/product_brand?post=719695"},{"taxonomy":"product_cat","embeddable":true,"href":"https:\/\/roveyayinevi.com.tr\/index.php\/wp-json\/wp\/v2\/product_cat?post=719695"},{"taxonomy":"product_tag","embeddable":true,"href":"https:\/\/roveyayinevi.com.tr\/index.php\/wp-json\/wp\/v2\/product_tag?post=719695"}],"curies":[{"name":"wp","href":"https:\/\/api.w.org\/{rel}","templated":true}]}}