{"id":719686,"date":"2025-08-27T18:25:30","date_gmt":"2025-08-27T15:25:30","guid":{"rendered":"https:\/\/roveyayinevi.com.tr\/index.php\/urun\/calinan-tac-5\/"},"modified":"2026-04-12T02:33:04","modified_gmt":"2026-04-11T23:33:04","slug":"calinan-tac-5","status":"publish","type":"product","link":"https:\/\/roveyayinevi.com.tr\/index.php\/urun\/calinan-tac-5\/","title":{"rendered":"\u00c7al\u0131nan Ta\u00e7"},"content":{"rendered":"<p>Tom Canty yoksul bir ailede d\u00fcnyaya gelen ve dilencilik yaparak ya\u015fayan bir \u00e7ocuktur. Edward ise \u0130ngiltere\u2019nin biricik veliaht prensidir. Ayn\u0131 g\u00fcn do\u011fan ve birbirlerine t\u0131pat\u0131p benzeyen bu iki \u00e7ocuk, bir g\u00fcn kar\u015f\u0131 kar\u015f\u0131ya gelir ve e\u011flence olsun diye giysilerini de\u011fi\u015f toku\u015f ederler. \u0130\u015fte t\u00fcm hikaye o zaman ba\u015flar&#8230; Art\u0131k dilenci bir prens, prens ise bir dilencidir. Sonras\u0131nda ikisi de hi\u00e7 al\u0131\u015fk\u0131n olmad\u0131klar\u0131 ortamlar\u0131n i\u00e7ine d\u00fc\u015ferler. Bu sayede Dilenci Tom saray hayat\u0131n\u0131, Prens Edward ise yoksullu\u011fu ve sefaleti \u00f6\u011frenir. <\/p>\n","protected":false},"excerpt":{"rendered":"<p>Tom Canty yoksul bir ailede d\u00fcnyaya gelen ve dilencilik yaparak ya\u015fayan bir \u00e7ocuktur. Edward ise \u0130ngiltere\u2019nin biricik veliaht prensidir. Ayn\u0131 g\u00fcn do\u011fan ve birbirlerine t\u0131pat\u0131p benzeyen<span class=\"excerpt-hellip\"> [\u2026]<\/span><\/p>\n","protected":false},"featured_media":0,"template":"","meta":{"_monsterinsights_skip_tracking":false,"_monsterinsights_sitenote_active":false,"_monsterinsights_sitenote_note":"","_monsterinsights_sitenote_category":0},"product_brand":[],"product_cat":[12274,12284],"product_tag":[],"class_list":{"0":"post-719686","1":"product","2":"type-product","3":"status-publish","5":"product_cat-cocuk-ve-genclik-kitaplari","6":"product_cat-hikayeler","7":"pa_cilt-ciltsiz","8":"pa_tur-kitap","9":"pa_yayinevi-fark-yayinlari","10":"pa_yazar-mark-twain","12":"first","13":"instock","14":"sale","15":"shipping-taxable","16":"purchasable","17":"product-type-simple"},"_links":{"self":[{"href":"https:\/\/roveyayinevi.com.tr\/index.php\/wp-json\/wp\/v2\/product\/719686","targetHints":{"allow":["GET"]}}],"collection":[{"href":"https:\/\/roveyayinevi.com.tr\/index.php\/wp-json\/wp\/v2\/product"}],"about":[{"href":"https:\/\/roveyayinevi.com.tr\/index.php\/wp-json\/wp\/v2\/types\/product"}],"wp:attachment":[{"href":"https:\/\/roveyayinevi.com.tr\/index.php\/wp-json\/wp\/v2\/media?parent=719686"}],"wp:term":[{"taxonomy":"product_brand","embeddable":true,"href":"https:\/\/roveyayinevi.com.tr\/index.php\/wp-json\/wp\/v2\/product_brand?post=719686"},{"taxonomy":"product_cat","embeddable":true,"href":"https:\/\/roveyayinevi.com.tr\/index.php\/wp-json\/wp\/v2\/product_cat?post=719686"},{"taxonomy":"product_tag","embeddable":true,"href":"https:\/\/roveyayinevi.com.tr\/index.php\/wp-json\/wp\/v2\/product_tag?post=719686"}],"curies":[{"name":"wp","href":"https:\/\/api.w.org\/{rel}","templated":true}]}}