{"id":719681,"date":"2025-08-27T18:25:27","date_gmt":"2025-08-27T15:25:27","guid":{"rendered":"https:\/\/roveyayinevi.com.tr\/index.php\/urun\/astrolojinin-sirlari\/"},"modified":"2026-04-16T02:27:40","modified_gmt":"2026-04-15T23:27:40","slug":"astrolojinin-sirlari","status":"publish","type":"product","link":"https:\/\/roveyayinevi.com.tr\/index.php\/urun\/astrolojinin-sirlari\/","title":{"rendered":"Astrolojinin S\u0131rlar\u0131"},"content":{"rendered":"<p>Astrolojide dekanlar \u00e7ok eski bir sistemdir ve milattan \u00f6nce 3000 y\u0131llar\u0131na kadar uzanan bir ge\u00e7mi\u015fi vard\u0131r. Dekanlar ayn\u0131 element gruplar\u0131n\u0131 g\u00f6sterir. Astrolojinin temeli nas\u0131l S\u00fcmerlerden gelmi\u015fse, eski bir sistem olan dekanlar da M\u0131s\u0131rl\u0131lar taraf\u0131ndan geli\u015ftirilmi\u015ftir. Antik M\u0131s\u0131r\u2019da hastal\u0131klar konusunda dekanlar takip edilirdi. Bir hastay\u0131 nas\u0131l tedavi edeceklerini, hangi bitki ve otlar\u0131 kullanacaklar\u0131n\u0131 ki\u015finin do\u011fum tarihine g\u00f6re haz\u0131rlad\u0131klar\u0131 dekanlara g\u00f6re belirliyorlard\u0131.\u0130ngiltere astroloji camias\u0131nda \u201cY\u0131ld\u0131zlar\u0131 elinde tutan kad\u0131n\u201d olarak tan\u0131nan \u015eifa Avc\u0131n, Astrolojinin S\u0131rlar\u0131 kitab\u0131nda, \u201c32 dekan sistemi\u201d \u00fczerinden, bur\u00e7lar\u0131n \u00f6zelliklerini, g\u00fc\u00e7l\u00fc ve zay\u0131f y\u00f6nlerini anlat\u0131yor. Avc\u0131n, ku\u015fak gezegen transitlerinin nesiller, canl\u0131lar ve do\u011fa \u00fczerindeki etkilerini \u00f6rnek haritalarla ele ald\u0131. Bur\u00e7lar\u0131n hastal\u0131klar\u0131n\u0131 a\u00e7\u0131klad\u0131, her burca \u00f6zel evde yap\u0131labilecek basit tarifler verdi.Astrolojinin S\u0131rlar\u0131\u2019n\u0131 okurken; herkesten, hatta kendi kendinizden saklamaya \u00e7al\u0131\u015ft\u0131\u011f\u0131n\u0131z s\u0131rlar\u0131n\u0131zla y\u00fcz y\u00fcze geleceksiniz. 2044 y\u0131l\u0131na kadar d\u00fcnyam\u0131zda neler olaca\u011f\u0131n\u0131 merak ediyorsan\u0131z, astrolojik a\u00e7\u0131klamalarla anlat\u0131lan ilgin\u00e7 kehanetleri de \u00f6\u011frenebilirsiniz.<\/p>\n","protected":false},"excerpt":{"rendered":"<p>Astrolojide dekanlar \u00e7ok eski bir sistemdir ve milattan \u00f6nce 3000 y\u0131llar\u0131na kadar uzanan bir ge\u00e7mi\u015fi vard\u0131r. Dekanlar ayn\u0131 element gruplar\u0131n\u0131 g\u00f6sterir. Astrolojinin temeli nas\u0131l S\u00fcmerlerden gelmi\u015fse,<span class=\"excerpt-hellip\"> [\u2026]<\/span><\/p>\n","protected":false},"featured_media":0,"template":"","meta":{"_monsterinsights_skip_tracking":false,"_monsterinsights_sitenote_active":false,"_monsterinsights_sitenote_note":"","_monsterinsights_sitenote_category":0},"product_brand":[],"product_cat":[19840,12364],"product_tag":[],"class_list":{"0":"post-719681","1":"product","2":"type-product","3":"status-publish","5":"product_cat-astroloji","6":"product_cat-genel-konular","7":"pa_cilt-ciltsiz","8":"pa_tur-kitap","9":"pa_yayinevi-mona-kitap","10":"pa_yazar-sifa-avcin","12":"first","13":"instock","14":"sale","15":"shipping-taxable","16":"purchasable","17":"product-type-simple"},"_links":{"self":[{"href":"https:\/\/roveyayinevi.com.tr\/index.php\/wp-json\/wp\/v2\/product\/719681","targetHints":{"allow":["GET"]}}],"collection":[{"href":"https:\/\/roveyayinevi.com.tr\/index.php\/wp-json\/wp\/v2\/product"}],"about":[{"href":"https:\/\/roveyayinevi.com.tr\/index.php\/wp-json\/wp\/v2\/types\/product"}],"wp:attachment":[{"href":"https:\/\/roveyayinevi.com.tr\/index.php\/wp-json\/wp\/v2\/media?parent=719681"}],"wp:term":[{"taxonomy":"product_brand","embeddable":true,"href":"https:\/\/roveyayinevi.com.tr\/index.php\/wp-json\/wp\/v2\/product_brand?post=719681"},{"taxonomy":"product_cat","embeddable":true,"href":"https:\/\/roveyayinevi.com.tr\/index.php\/wp-json\/wp\/v2\/product_cat?post=719681"},{"taxonomy":"product_tag","embeddable":true,"href":"https:\/\/roveyayinevi.com.tr\/index.php\/wp-json\/wp\/v2\/product_tag?post=719681"}],"curies":[{"name":"wp","href":"https:\/\/api.w.org\/{rel}","templated":true}]}}