{"id":719680,"date":"2025-08-27T18:25:26","date_gmt":"2025-08-27T15:25:26","guid":{"rendered":"https:\/\/roveyayinevi.com.tr\/index.php\/urun\/argonautika-2\/"},"modified":"2026-04-16T02:27:40","modified_gmt":"2026-04-15T23:27:40","slug":"argonautika-2","status":"publish","type":"product","link":"https:\/\/roveyayinevi.com.tr\/index.php\/urun\/argonautika-2\/","title":{"rendered":"Argonautika"},"content":{"rendered":"<p>Argonautika yahut Argo Denizcileri efsanesi, Yunanlar\u0131n bildikleri en eski efsaneler aras\u0131ndad\u0131r. Yunan mitolojisinde bu kahraman grup, \u0130ason\u2019un Alt\u0131n Post&#8217;u bulmak i\u00e7in Kolkhis\u2019e gidi\u015finde ona e\u015flik eder. Kahramanlar adlar\u0131n\u0131 bindikleri gemi olan Argo&#8217;dan al\u0131rlar. Gemi ad\u0131 ise ustas\u0131 olan Argus&#8217;tan gelir. Argonautika, antik d\u00f6nemin kurucu mitleri aras\u0131nda yer al\u0131r.<\/p>\n","protected":false},"excerpt":{"rendered":"<p>Argonautika yahut Argo Denizcileri efsanesi, Yunanlar\u0131n bildikleri en eski efsaneler aras\u0131ndad\u0131r. Yunan mitolojisinde bu kahraman grup, \u0130ason\u2019un Alt\u0131n Post&#8217;u bulmak i\u00e7in Kolkhis\u2019e gidi\u015finde ona e\u015flik eder.<span class=\"excerpt-hellip\"> [\u2026]<\/span><\/p>\n","protected":false},"featured_media":0,"template":"","meta":{"_monsterinsights_skip_tracking":false,"_monsterinsights_sitenote_active":false,"_monsterinsights_sitenote_note":"","_monsterinsights_sitenote_category":0},"product_brand":[],"product_cat":[12718,12858],"product_tag":[],"class_list":{"0":"post-719680","1":"product","2":"type-product","3":"status-publish","5":"product_cat-din","6":"product_cat-mitolojiler","7":"pa_cilt-ciltsiz","8":"pa_tur-kitap","9":"pa_yayinevi-pinhan-yayincilik","10":"pa_yazar-rodoslu-apollonios","12":"first","13":"instock","14":"sale","15":"shipping-taxable","16":"purchasable","17":"product-type-simple"},"_links":{"self":[{"href":"https:\/\/roveyayinevi.com.tr\/index.php\/wp-json\/wp\/v2\/product\/719680","targetHints":{"allow":["GET"]}}],"collection":[{"href":"https:\/\/roveyayinevi.com.tr\/index.php\/wp-json\/wp\/v2\/product"}],"about":[{"href":"https:\/\/roveyayinevi.com.tr\/index.php\/wp-json\/wp\/v2\/types\/product"}],"wp:attachment":[{"href":"https:\/\/roveyayinevi.com.tr\/index.php\/wp-json\/wp\/v2\/media?parent=719680"}],"wp:term":[{"taxonomy":"product_brand","embeddable":true,"href":"https:\/\/roveyayinevi.com.tr\/index.php\/wp-json\/wp\/v2\/product_brand?post=719680"},{"taxonomy":"product_cat","embeddable":true,"href":"https:\/\/roveyayinevi.com.tr\/index.php\/wp-json\/wp\/v2\/product_cat?post=719680"},{"taxonomy":"product_tag","embeddable":true,"href":"https:\/\/roveyayinevi.com.tr\/index.php\/wp-json\/wp\/v2\/product_tag?post=719680"}],"curies":[{"name":"wp","href":"https:\/\/api.w.org\/{rel}","templated":true}]}}