{"id":719679,"date":"2025-08-27T18:25:26","date_gmt":"2025-08-27T15:25:26","guid":{"rendered":"https:\/\/roveyayinevi.com.tr\/index.php\/urun\/yeni-baslayanlar-icin-dogu-felsefesi\/"},"modified":"2026-04-16T02:27:40","modified_gmt":"2026-04-15T23:27:40","slug":"yeni-baslayanlar-icin-dogu-felsefesi","status":"publish","type":"product","link":"https:\/\/roveyayinevi.com.tr\/index.php\/urun\/yeni-baslayanlar-icin-dogu-felsefesi\/","title":{"rendered":"Yeni Ba\u015flayanlar \u0130\u00e7in Do\u011fu Felsefesi"},"content":{"rendered":"<p>Joe Lee taraf\u0131ndan 19. y\u00fczy\u0131l grav\u00fcrleriyle resmedilen, g\u00f6rsel olarak \u00e7arp\u0131c\u0131 bir kitap!Do\u011fu Felsefesi sadece entelekt\u00fcel bir aray\u0131\u015f de\u011fil, ayn\u0131 zamanda ki\u015finin t\u00fcm varl\u0131\u011f\u0131n\u0131 i\u00e7eren bir d\u00fc\u015f\u00fcnce sistemidir ve meditasyon sanat\u0131yla o kadar derinden i\u00e7 i\u00e7edir ki ikisini birbirinden ay\u0131rmak neredeyse imkans\u0131zd\u0131r.Jim Powell; Hindistan, \u00c7in, Tibet ve Japonya\u2019n\u0131n ana felsefelerini herkesin anlayaca\u011f\u0131 \u015fekilde dile getirmektedir. Buda, Konf\u00fc\u00e7y\u00fcs, Lao Tzu, Dogen gibi isimlerin anlay\u0131\u015flar\u0131yla ilgili anlat\u0131mlar da derinlemesine ayd\u0131nlat\u0131c\u0131d\u0131r.T\u00fcm bu \u00f6nemli felsefeleri anlatan bu eser, yeni ba\u015flayanlardan uzmanlara kadar geni\u015f bir yelpazeye hitap etmektedir.<\/p>\n","protected":false},"excerpt":{"rendered":"<p>Joe Lee taraf\u0131ndan 19. y\u00fczy\u0131l grav\u00fcrleriyle resmedilen, g\u00f6rsel olarak \u00e7arp\u0131c\u0131 bir kitap!Do\u011fu Felsefesi sadece entelekt\u00fcel bir aray\u0131\u015f de\u011fil, ayn\u0131 zamanda ki\u015finin t\u00fcm varl\u0131\u011f\u0131n\u0131 i\u00e7eren bir d\u00fc\u015f\u00fcnce<span class=\"excerpt-hellip\"> [\u2026]<\/span><\/p>\n","protected":false},"featured_media":0,"template":"","meta":{"_monsterinsights_skip_tracking":false,"_monsterinsights_sitenote_active":false,"_monsterinsights_sitenote_note":"","_monsterinsights_sitenote_category":0},"product_brand":[],"product_cat":[13005,13006],"product_tag":[],"class_list":{"0":"post-719679","1":"product","2":"type-product","3":"status-publish","5":"product_cat-bilim-muhendislik","6":"product_cat-populer-bilim","7":"pa_cilt-ciltsiz","8":"pa_tur-kitap","9":"pa_yayinevi-tuti-kitap","10":"pa_yazar-jim-powell","12":"first","13":"instock","14":"sale","15":"shipping-taxable","16":"purchasable","17":"product-type-simple"},"_links":{"self":[{"href":"https:\/\/roveyayinevi.com.tr\/index.php\/wp-json\/wp\/v2\/product\/719679","targetHints":{"allow":["GET"]}}],"collection":[{"href":"https:\/\/roveyayinevi.com.tr\/index.php\/wp-json\/wp\/v2\/product"}],"about":[{"href":"https:\/\/roveyayinevi.com.tr\/index.php\/wp-json\/wp\/v2\/types\/product"}],"wp:attachment":[{"href":"https:\/\/roveyayinevi.com.tr\/index.php\/wp-json\/wp\/v2\/media?parent=719679"}],"wp:term":[{"taxonomy":"product_brand","embeddable":true,"href":"https:\/\/roveyayinevi.com.tr\/index.php\/wp-json\/wp\/v2\/product_brand?post=719679"},{"taxonomy":"product_cat","embeddable":true,"href":"https:\/\/roveyayinevi.com.tr\/index.php\/wp-json\/wp\/v2\/product_cat?post=719679"},{"taxonomy":"product_tag","embeddable":true,"href":"https:\/\/roveyayinevi.com.tr\/index.php\/wp-json\/wp\/v2\/product_tag?post=719679"}],"curies":[{"name":"wp","href":"https:\/\/api.w.org\/{rel}","templated":true}]}}