{"id":719678,"date":"2025-08-27T18:25:25","date_gmt":"2025-08-27T15:25:25","guid":{"rendered":"https:\/\/roveyayinevi.com.tr\/index.php\/urun\/akdeniz-medeniyetleri\/"},"modified":"2026-04-16T02:27:40","modified_gmt":"2026-04-15T23:27:40","slug":"akdeniz-medeniyetleri","status":"publish","type":"product","link":"https:\/\/roveyayinevi.com.tr\/index.php\/urun\/akdeniz-medeniyetleri\/","title":{"rendered":"Akdeniz Medeniyetleri"},"content":{"rendered":"<p>Asya, Afrika ve Avrupa\u2019n\u0131n kesi\u015fim noktas\u0131 Akdeniz, binlerce y\u0131l boyunca farkl\u0131 topluluklar\u0131 birbirine ba\u011flam\u0131\u015f, yo\u011fun ekonomik, politik ve ku\u0308ltu\u0308rel ili\u015fkilerin ortak zemini olmu\u015ftur. \u00c7ok devlet kurulmu\u015f, bir o kadar devlet y\u0131k\u0131lm\u0131\u015ft\u0131r. Egemen gu\u0308\u00e7 kendi din, dil ve ku\u0308ltu\u0308r yap\u0131s\u0131n\u0131 getirmi\u015f, halk\u0131 kendi tabiiyetine mecbur b\u0131rakm\u0131\u015f, bu yolda \u00e7ok insan can\u0131ndan olmu\u015ftur. Ancak Sicilya\u2019daki Yunan tap\u0131naklar\u0131, Kuzey Afrika\u2019daki Roma kal\u0131nt\u0131lar\u0131 ve Yunanistan\u2019daki Osmanl\u0131 surlar\u0131, Akdeniz\u2019in hi\u00e7bir s\u0131n\u0131r\u0131, dini ve etnik kimli\u011fi tan\u0131mad\u0131\u011f\u0131n\u0131n kan\u0131tlar\u0131 olarak bugu\u0308n h\u00e2l\u00e2 ayakta.Akademisyenler Monique O\u2019Connell ve Eric R. Dursteler Akdeniz Medeniyetleri\u2019nde, Roma\u2019n\u0131n be\u015finci yu\u0308zy\u0131ldaki \u00e7\u00f6ku\u0308\u015fu\u0308nden Napolyon\u2019un 1798\u2019deki M\u0131s\u0131r seferine kadarki d\u00f6nem i\u00e7inde \u00e7ok\u00e7a \u00e7eki\u015fmelere, sava\u015flara sahne olan bu co\u011frafyay\u0131 ustal\u0131kla inceliyorlar, ticaret yollar\u0131, sava\u015flar, anla\u015fmalar, salg\u0131n hastal\u0131klar, nu\u0308fus de\u011fi\u015fiklikleri gibi toplumu do\u011frudan etkileyen unsurlar hakk\u0131nda ayr\u0131nt\u0131l\u0131 bilgiler veriyorlar.Akdeniz\u2019in e\u015fsiz co\u011frafyas\u0131n\u0131 tu\u0308mden ele almas\u0131 bak\u0131m\u0131ndan zengin, akademik dilden uzak olmas\u0131 bak\u0131m\u0131ndan kolay anla\u015f\u0131l\u0131r olan Akdeniz Medeniyetleri, Akdeniz\u2019in zengin, \u00e7ok ku\u0308ltu\u0308rlu\u0308 tarihine disiplinler aras\u0131 bir yakla\u015f\u0131m getiriyor.<\/p>\n","protected":false},"excerpt":{"rendered":"<p>Asya, Afrika ve Avrupa\u2019n\u0131n kesi\u015fim noktas\u0131 Akdeniz, binlerce y\u0131l boyunca farkl\u0131 topluluklar\u0131 birbirine ba\u011flam\u0131\u015f, yo\u011fun ekonomik, politik ve ku\u0308ltu\u0308rel ili\u015fkilerin ortak zemini olmu\u015ftur. \u00c7ok devlet kurulmu\u015f,<span class=\"excerpt-hellip\"> [\u2026]<\/span><\/p>\n","protected":false},"featured_media":0,"template":"","meta":{"_monsterinsights_skip_tracking":false,"_monsterinsights_sitenote_active":false,"_monsterinsights_sitenote_note":"","_monsterinsights_sitenote_category":0},"product_brand":[],"product_cat":[12370,12304],"product_tag":[],"class_list":{"0":"post-719678","1":"product","2":"type-product","3":"status-publish","5":"product_cat-arastirma-inceleme","6":"product_cat-tarih","7":"pa_cilt-ciltsiz","8":"pa_tur-kitap","9":"pa_yayinevi-say-yayinlari","10":"pa_yazar-monique-oconnell-eric-r-dursteler","12":"first","13":"instock","14":"sale","15":"shipping-taxable","16":"purchasable","17":"product-type-simple"},"_links":{"self":[{"href":"https:\/\/roveyayinevi.com.tr\/index.php\/wp-json\/wp\/v2\/product\/719678","targetHints":{"allow":["GET"]}}],"collection":[{"href":"https:\/\/roveyayinevi.com.tr\/index.php\/wp-json\/wp\/v2\/product"}],"about":[{"href":"https:\/\/roveyayinevi.com.tr\/index.php\/wp-json\/wp\/v2\/types\/product"}],"wp:attachment":[{"href":"https:\/\/roveyayinevi.com.tr\/index.php\/wp-json\/wp\/v2\/media?parent=719678"}],"wp:term":[{"taxonomy":"product_brand","embeddable":true,"href":"https:\/\/roveyayinevi.com.tr\/index.php\/wp-json\/wp\/v2\/product_brand?post=719678"},{"taxonomy":"product_cat","embeddable":true,"href":"https:\/\/roveyayinevi.com.tr\/index.php\/wp-json\/wp\/v2\/product_cat?post=719678"},{"taxonomy":"product_tag","embeddable":true,"href":"https:\/\/roveyayinevi.com.tr\/index.php\/wp-json\/wp\/v2\/product_tag?post=719678"}],"curies":[{"name":"wp","href":"https:\/\/api.w.org\/{rel}","templated":true}]}}