{"id":719676,"date":"2025-08-27T18:25:24","date_gmt":"2025-08-27T15:25:24","guid":{"rendered":"https:\/\/roveyayinevi.com.tr\/index.php\/urun\/kooperatifler\/"},"modified":"2026-04-16T02:27:40","modified_gmt":"2026-04-15T23:27:40","slug":"kooperatifler","status":"publish","type":"product","link":"https:\/\/roveyayinevi.com.tr\/index.php\/urun\/kooperatifler\/","title":{"rendered":"Kooperatifler"},"content":{"rendered":"<p>Kooperatifler ve kooperatif\u00e7ilik, dayan\u0131\u015fma i\u00e7inde \u00fcretece\u011fimiz bir ya\u015fam\u0131n anahtar\u0131d\u0131r. Bu nedenle, bilin\u00e7li olarak engellenir, unutturulur, i\u00e7i bo\u015falt\u0131l\u0131r ve karalan\u0131r. Sofram\u0131za gelen g\u0131dalar da dayan\u0131\u015fma i\u00e7inde \u00fcretece\u011fimiz ve t\u00fcketece\u011fimiz do\u011fan\u0131n arma\u011fanlar\u0131d\u0131r. Onlar da ayn\u0131 nedenlerle, kirletilir, arac\u0131lar \u00fczerinden ula\u015ft\u0131r\u0131larak yabanc\u0131la\u015ft\u0131r\u0131l\u0131r ve yine bilin\u00e7li olarak end\u00fcstrile\u015ftirilir. Bilge k\u00f6yl\u00fc \u00fcretiminin engellenmesi i\u00e7in kapal\u0131 kap\u0131lar ard\u0131nda binbir t\u00fcrl\u00fc tezg\u00e2h kurulur. Yemek yemek de kooperatif kurmak da politik bir i\u015ftir. Abdullah Aysu, \u00fclkemizin kooperatif ge\u00e7mi\u015fini \u00e7ok iyi \u00e7\u00f6z\u00fcmlemi\u015f ve okur i\u00e7in p\u00fcf noktas\u0131 diyece\u011fimiz, a\u00e7\u0131l\u0131m anlar\u0131n\u0131 gayet net bir bi\u00e7imde yaz\u0131ya d\u00f6km\u00fc\u015ft\u00fcr. Okurken \u015fa\u015f\u0131racak, sinirlenecek ve ba\u015fka t\u00fcrl\u00fc olsayd\u0131, ger\u00e7ekten ba\u015fka bir hayat ya\u015fayaca\u011f\u0131m\u0131z\u0131 i\u00e7selle\u015ftireceksiniz. Tohumdan \u00e7atala alternatif bir sistemin yolu, \u00fcretirken de t\u00fcketirken de kooperatifler \u00fczerinden dayan\u0131\u015fmaktan ge\u00e7iyor. K\u00f6yl\u00fc ve kentli kurduklar\u0131 hiyerar\u015fi i\u00e7ermeyen yap\u0131larla bunu m\u00fcmk\u00fcn k\u0131labilirler. Abdullah Aysu, elinizdeki kitapta, \u00fclkenin \u00e7e\u015fitli yerlerinde ya\u015fanm\u0131\u015f deneyimleri \u00f6zetledikten sonra, ne yapmal\u0131, nas\u0131l yapmal\u0131 ba\u015fl\u0131\u011f\u0131 alt\u0131nda \u00f6nerilerini de tek tek s\u0131ral\u0131yor. Bug\u00fcn k\u0131rsal \u00fcretim ya da kentsel g\u0131da t\u00fcketimi \u00fczerine d\u00fc\u015f\u00fcnen, harekete ge\u00e7en, kitap yazan, s\u00f6z s\u00f6yleyen her bireyi bu \u00f6neriler \u00fczerine tart\u0131\u015fmaya ve el birli\u011fi ile ba\u015fka bir d\u00fcnyan\u0131n m\u00fcmk\u00fcn oldu\u011funu ispatlamaya davet ediyoruz.  <\/p>\n","protected":false},"excerpt":{"rendered":"<p>Kooperatifler ve kooperatif\u00e7ilik, dayan\u0131\u015fma i\u00e7inde \u00fcretece\u011fimiz bir ya\u015fam\u0131n anahtar\u0131d\u0131r. Bu nedenle, bilin\u00e7li olarak engellenir, unutturulur, i\u00e7i bo\u015falt\u0131l\u0131r ve karalan\u0131r. Sofram\u0131za gelen g\u0131dalar da dayan\u0131\u015fma i\u00e7inde \u00fcretece\u011fimiz<span class=\"excerpt-hellip\"> [\u2026]<\/span><\/p>\n","protected":false},"featured_media":0,"template":"","meta":{"_monsterinsights_skip_tracking":false,"_monsterinsights_sitenote_active":false,"_monsterinsights_sitenote_note":"","_monsterinsights_sitenote_category":0},"product_brand":[],"product_cat":[13590,12337],"product_tag":[],"class_list":{"0":"post-719676","1":"product","2":"type-product","3":"status-publish","5":"product_cat-arastirma-inceleme-politika-siyaset","6":"product_cat-politika-siyaset","7":"pa_cilt-ciltsiz","8":"pa_tur-kitap","9":"pa_yayinevi-yeni-insan-yayinlari","10":"pa_yazar-abdullah-aysu","12":"first","13":"instock","14":"sale","15":"shipping-taxable","16":"purchasable","17":"product-type-simple"},"_links":{"self":[{"href":"https:\/\/roveyayinevi.com.tr\/index.php\/wp-json\/wp\/v2\/product\/719676","targetHints":{"allow":["GET"]}}],"collection":[{"href":"https:\/\/roveyayinevi.com.tr\/index.php\/wp-json\/wp\/v2\/product"}],"about":[{"href":"https:\/\/roveyayinevi.com.tr\/index.php\/wp-json\/wp\/v2\/types\/product"}],"wp:attachment":[{"href":"https:\/\/roveyayinevi.com.tr\/index.php\/wp-json\/wp\/v2\/media?parent=719676"}],"wp:term":[{"taxonomy":"product_brand","embeddable":true,"href":"https:\/\/roveyayinevi.com.tr\/index.php\/wp-json\/wp\/v2\/product_brand?post=719676"},{"taxonomy":"product_cat","embeddable":true,"href":"https:\/\/roveyayinevi.com.tr\/index.php\/wp-json\/wp\/v2\/product_cat?post=719676"},{"taxonomy":"product_tag","embeddable":true,"href":"https:\/\/roveyayinevi.com.tr\/index.php\/wp-json\/wp\/v2\/product_tag?post=719676"}],"curies":[{"name":"wp","href":"https:\/\/api.w.org\/{rel}","templated":true}]}}